{"id":20286,"date":"2023-10-26T04:09:13","date_gmt":"2023-10-26T04:09:13","guid":{"rendered":"https:\/\/filmvilnius.com\/film-locations\/"},"modified":"2023-10-30T06:10:03","modified_gmt":"2023-10-30T06:10:03","slug":"film-locations","status":"publish","type":"page","link":"https:\/\/filmvilnius.com\/lt\/film-locations\/","title":{"rendered":"Lokacij\u0173 \u012fmon\u0117s"},"content":{"rendered":"<style>\/*! elementor - v3.17.0 - 25-10-2023 *\/\n.elementor-heading-title{padding:0;margin:0;line-height:1}.elementor-widget-heading .elementor-heading-title[class*=elementor-size-]>a{color:inherit;font-size:inherit;line-height:inherit}.elementor-widget-heading .elementor-heading-title.elementor-size-small{font-size:15px}.elementor-widget-heading .elementor-heading-title.elementor-size-medium{font-size:19px}.elementor-widget-heading .elementor-heading-title.elementor-size-large{font-size:29px}.elementor-widget-heading .elementor-heading-title.elementor-size-xl{font-size:39px}.elementor-widget-heading .elementor-heading-title.elementor-size-xxl{font-size:59px}<\/style>\n<h2><a href=\"http:\/\/www.balticlocations.lt\/\">BALTIC LOCATIONS<\/a><\/h2>\n<link rel=\"stylesheet\" href=\"https:\/\/filmvilnius.com\/wp-content\/plugins\/elementor\/assets\/css\/widget-icon-list.min.css\">\n<ul>\n<li>\n\t\t\t\t\t\t\t\t\t\t\t<a href=\"tel:+370%20679%2096190\"><br \/>\n\t\t\t\t\t\t\t<svg xmlns=\"http:\/\/www.w3.org\/2000\/svg\" viewBox=\"0 0 36 36\"><path fill=\"#31373D\" d=\"M34.06 26.407l-3.496-3.496c-1.93-1.93-5.06-1.93-6.989 0-.719.718-1.167 1.603-1.351 2.528-5.765-1.078-11.372-6.662-11.721-11.653.947-.176 1.854-.627 2.586-1.36 1.93-1.93 1.93-5.06 0-6.99L9.594 1.94c-1.93-1.93-5.06-1.93-6.99 0-10.486 10.486 20.97 41.942 31.456 31.456 1.929-1.929 1.929-5.059 0-6.989z\"><\/path><\/svg><br \/>\n\t\t\t\t\t\t\t\t\t\t+370 679 96190<br \/>\n\t\t\t\t\t\t\t\t\t\t\t<\/a>\n\t\t\t\t\t\t\t\t\t<\/li>\n<li>\n\t\t\t\t\t\t\t\t\t\t\t<a href=\"mailto:hello@balticlocations.lt\"><br \/>\n\t\t\t\t\t\t\t<svg xmlns=\"http:\/\/www.w3.org\/2000\/svg\" viewBox=\"0 0 36 36\"><path fill=\"#CCD6DD\" d=\"M36 27c0 2.209-1.791 4-4 4H4c-2.209 0-4-1.791-4-4V9c0-2.209 1.791-4 4-4h28c2.209 0 4 1.791 4 4v18z\"><\/path><path fill=\"#99AAB5\" d=\"M11.95 17.636L.637 28.949c-.027.028-.037.063-.06.091.34.57.814 1.043 1.384 1.384.029-.023.063-.033.09-.06L13.365 19.05c.39-.391.39-1.023 0-1.414-.392-.391-1.024-.391-1.415 0M35.423 29.04c-.021-.028-.033-.063-.06-.09L24.051 17.636c-.392-.391-1.024-.391-1.415 0s-.391 1.023 0 1.414l11.313 11.314c.026.026.062.037.09.06.571-.34 1.044-.814 1.384-1.384\"><\/path><path fill=\"#99AAB5\" d=\"M32 5H4C1.791 5 0 6.791 0 9v1.03l14.528 14.496c1.894 1.893 4.988 1.893 6.884 0L36 10.009V9c0-2.209-1.791-4-4-4z\"><\/path><path fill=\"#E1E8ED\" d=\"M32 5H4C2.412 5 1.051 5.934.405 7.275l14.766 14.767c1.562 1.562 4.096 1.562 5.657 0L35.595 7.275C34.949 5.934 33.589 5 32 5z\"><\/path><path fill=\"#66757F\" d=\"M15 9.27c0-.73.365-1.27 1-1.27h3.62c.839 0 1.174.49 1.174 1 0 .496-.349 1-1.035 1h-2.708v2h2.533c.716 0 1.065.489 1.065 1 0 .496-.366 1-1.065 1h-2.533v2h2.84c.699 0 1.037.489 1.037 1 0 .496-.353 1-1.037 1h-3.766C15.482 18 15 17.469 15 16.812V9.27z\"><\/path><\/svg><br \/>\n\t\t\t\t\t\t\t\t\t\thello@balticlocations.lt<br \/>\n\t\t\t\t\t\t\t\t\t\t\t<\/a>\n\t\t\t\t\t\t\t\t\t<\/li>\n<li>\n\t\t\t\t\t\t\t\t\t\t\t<a href=\"https:\/\/maps.app.goo.gl\/rg8WEwyvimNS4CbAA\" target=\"_blank\" rel=\"noopener\"><br \/>\n\t\t\t\t\t\t\t<svg xmlns=\"http:\/\/www.w3.org\/2000\/svg\" viewBox=\"0 0 36 36\"><ellipse fill=\"#292F33\" cx=\"18\" cy=\"34.5\" rx=\"4\" ry=\"1.5\"><\/ellipse><path fill=\"#99AAB5\" d=\"M14.339 10.725S16.894 34.998 18.001 35c1.106.001 3.66-24.275 3.66-24.275h-7.322z\"><\/path><circle fill=\"#DD2E44\" cx=\"18\" cy=\"8\" r=\"8\"><\/circle><\/svg><br \/>\n\t\t\t\t\t\t\t\t\t\tGedimino pr. 28,  LT-01110 Vilnius<br \/>\n\t\t\t\t\t\t\t\t\t\t\t<\/a>\n\t\t\t\t\t\t\t\t\t<\/li>\n<\/ul>\n<style>\/*! elementor - v3.17.0 - 25-10-2023 *\/\n.elementor-widget-image{text-align:center}.elementor-widget-image a{display:inline-block}.elementor-widget-image a img[src$=\".svg\"]{width:48px}.elementor-widget-image img{vertical-align:middle;display:inline-block}<\/style>\n<p>\t\t\t\t\t\t\t\t\t\t\t\t<img loading=\"lazy\" decoding=\"async\" width=\"150\" height=\"150\" src=\"https:\/\/filmvilnius.com\/wp-content\/uploads\/2022\/10\/iavyjpapholoqpfn-150x150.jpg\" alt=\"\" loading=\"lazy\" srcset=\"https:\/\/filmvilnius.com\/wp-content\/uploads\/2022\/10\/iavyjpapholoqpfn-150x150.jpg 150w, https:\/\/filmvilnius.com\/wp-content\/uploads\/2022\/10\/iavyjpapholoqpfn.jpg 200w\" sizes=\"auto, (max-width: 150px) 100vw, 150px\" \/>\t\t\t\t\t\t\t\t\t\t\t\t\t\t\t<\/p>\n<h2><a href=\"http:\/\/www.locations.lt\/\">DISCOVERY FILM LOCATIONS<\/a><\/h2>\n<ul>\n<li>\n\t\t\t\t\t\t\t\t\t\t\t<a href=\"tel:+370%20601%2055333\"><br \/>\n\t\t\t\t\t\t\t<svg xmlns=\"http:\/\/www.w3.org\/2000\/svg\" viewBox=\"0 0 36 36\"><path fill=\"#31373D\" d=\"M34.06 26.407l-3.496-3.496c-1.93-1.93-5.06-1.93-6.989 0-.719.718-1.167 1.603-1.351 2.528-5.765-1.078-11.372-6.662-11.721-11.653.947-.176 1.854-.627 2.586-1.36 1.93-1.93 1.93-5.06 0-6.99L9.594 1.94c-1.93-1.93-5.06-1.93-6.99 0-10.486 10.486 20.97 41.942 31.456 31.456 1.929-1.929 1.929-5.059 0-6.989z\"><\/path><\/svg><br \/>\n\t\t\t\t\t\t\t\t\t\t+370 601 55333<br \/>\n\t\t\t\t\t\t\t\t\t\t\t<\/a>\n\t\t\t\t\t\t\t\t\t<\/li>\n<li>\n\t\t\t\t\t\t\t\t\t\t\t<a href=\"mailto:alon@locations.lt\"><br \/>\n\t\t\t\t\t\t\t<svg xmlns=\"http:\/\/www.w3.org\/2000\/svg\" viewBox=\"0 0 36 36\"><path fill=\"#CCD6DD\" d=\"M36 27c0 2.209-1.791 4-4 4H4c-2.209 0-4-1.791-4-4V9c0-2.209 1.791-4 4-4h28c2.209 0 4 1.791 4 4v18z\"><\/path><path fill=\"#99AAB5\" d=\"M11.95 17.636L.637 28.949c-.027.028-.037.063-.06.091.34.57.814 1.043 1.384 1.384.029-.023.063-.033.09-.06L13.365 19.05c.39-.391.39-1.023 0-1.414-.392-.391-1.024-.391-1.415 0M35.423 29.04c-.021-.028-.033-.063-.06-.09L24.051 17.636c-.392-.391-1.024-.391-1.415 0s-.391 1.023 0 1.414l11.313 11.314c.026.026.062.037.09.06.571-.34 1.044-.814 1.384-1.384\"><\/path><path fill=\"#99AAB5\" d=\"M32 5H4C1.791 5 0 6.791 0 9v1.03l14.528 14.496c1.894 1.893 4.988 1.893 6.884 0L36 10.009V9c0-2.209-1.791-4-4-4z\"><\/path><path fill=\"#E1E8ED\" d=\"M32 5H4C2.412 5 1.051 5.934.405 7.275l14.766 14.767c1.562 1.562 4.096 1.562 5.657 0L35.595 7.275C34.949 5.934 33.589 5 32 5z\"><\/path><path fill=\"#66757F\" d=\"M15 9.27c0-.73.365-1.27 1-1.27h3.62c.839 0 1.174.49 1.174 1 0 .496-.349 1-1.035 1h-2.708v2h2.533c.716 0 1.065.489 1.065 1 0 .496-.366 1-1.065 1h-2.533v2h2.84c.699 0 1.037.489 1.037 1 0 .496-.353 1-1.037 1h-3.766C15.482 18 15 17.469 15 16.812V9.27z\"><\/path><\/svg><br \/>\n\t\t\t\t\t\t\t\t\t\talon@locations.lt<br \/>\n\t\t\t\t\t\t\t\t\t\t\t<\/a>\n\t\t\t\t\t\t\t\t\t<\/li>\n<li>\n\t\t\t\t\t\t\t\t\t\t\t<a href=\"https:\/\/maps.app.goo.gl\/4nCJwmbH4yFY5Cti6\" target=\"_blank\" rel=\"noopener\"><br \/>\n\t\t\t\t\t\t\t<svg xmlns=\"http:\/\/www.w3.org\/2000\/svg\" viewBox=\"0 0 36 36\"><ellipse fill=\"#292F33\" cx=\"18\" cy=\"34.5\" rx=\"4\" ry=\"1.5\"><\/ellipse><path fill=\"#99AAB5\" d=\"M14.339 10.725S16.894 34.998 18.001 35c1.106.001 3.66-24.275 3.66-24.275h-7.322z\"><\/path><circle fill=\"#DD2E44\" cx=\"18\" cy=\"8\" r=\"8\"><\/circle><\/svg><br \/>\n\t\t\t\t\t\t\t\t\t\tPakaln\u0117s g. 5a-2, LT-01112 Vilnius<br \/>\n\t\t\t\t\t\t\t\t\t\t\t<\/a>\n\t\t\t\t\t\t\t\t\t<\/li>\n<\/ul>\n<p>\t\t\t\t\t\t\t\t\t\t\t\t\t\t\t<img loading=\"lazy\" decoding=\"async\" width=\"150\" height=\"150\" src=\"https:\/\/filmvilnius.com\/wp-content\/uploads\/2022\/10\/download-1-150x150.png\" alt=\"\" loading=\"lazy\" srcset=\"https:\/\/filmvilnius.com\/wp-content\/uploads\/2022\/10\/download-1-150x150.png 150w, https:\/\/filmvilnius.com\/wp-content\/uploads\/2022\/10\/download-1.png 224w\" sizes=\"auto, (max-width: 150px) 100vw, 150px\" \/>\t\t\t\t\t\t\t\t\t\t\t\t\t\t\t<\/p>\n<h2><a href=\"https:\/\/unit.lt\/\">UNIT.LT<\/a><\/h2>\n<ul>\n<li>\n\t\t\t\t\t\t\t\t\t\t\t<a href=\"tel:+370%20694%2095999\"><br \/>\n\t\t\t\t\t\t\t<svg xmlns=\"http:\/\/www.w3.org\/2000\/svg\" viewBox=\"0 0 36 36\"><path fill=\"#31373D\" d=\"M34.06 26.407l-3.496-3.496c-1.93-1.93-5.06-1.93-6.989 0-.719.718-1.167 1.603-1.351 2.528-5.765-1.078-11.372-6.662-11.721-11.653.947-.176 1.854-.627 2.586-1.36 1.93-1.93 1.93-5.06 0-6.99L9.594 1.94c-1.93-1.93-5.06-1.93-6.99 0-10.486 10.486 20.97 41.942 31.456 31.456 1.929-1.929 1.929-5.059 0-6.989z\"><\/path><\/svg><br \/>\n\t\t\t\t\t\t\t\t\t\t+370 694 95999<br \/>\n\t\t\t\t\t\t\t\t\t\t\t<\/a>\n\t\t\t\t\t\t\t\t\t<\/li>\n<li>\n\t\t\t\t\t\t\t\t\t\t\t<a href=\"mailto:info@unit.lt\"><br \/>\n\t\t\t\t\t\t\t<svg xmlns=\"http:\/\/www.w3.org\/2000\/svg\" viewBox=\"0 0 36 36\"><path fill=\"#CCD6DD\" d=\"M36 27c0 2.209-1.791 4-4 4H4c-2.209 0-4-1.791-4-4V9c0-2.209 1.791-4 4-4h28c2.209 0 4 1.791 4 4v18z\"><\/path><path fill=\"#99AAB5\" d=\"M11.95 17.636L.637 28.949c-.027.028-.037.063-.06.091.34.57.814 1.043 1.384 1.384.029-.023.063-.033.09-.06L13.365 19.05c.39-.391.39-1.023 0-1.414-.392-.391-1.024-.391-1.415 0M35.423 29.04c-.021-.028-.033-.063-.06-.09L24.051 17.636c-.392-.391-1.024-.391-1.415 0s-.391 1.023 0 1.414l11.313 11.314c.026.026.062.037.09.06.571-.34 1.044-.814 1.384-1.384\"><\/path><path fill=\"#99AAB5\" d=\"M32 5H4C1.791 5 0 6.791 0 9v1.03l14.528 14.496c1.894 1.893 4.988 1.893 6.884 0L36 10.009V9c0-2.209-1.791-4-4-4z\"><\/path><path fill=\"#E1E8ED\" d=\"M32 5H4C2.412 5 1.051 5.934.405 7.275l14.766 14.767c1.562 1.562 4.096 1.562 5.657 0L35.595 7.275C34.949 5.934 33.589 5 32 5z\"><\/path><path fill=\"#66757F\" d=\"M15 9.27c0-.73.365-1.27 1-1.27h3.62c.839 0 1.174.49 1.174 1 0 .496-.349 1-1.035 1h-2.708v2h2.533c.716 0 1.065.489 1.065 1 0 .496-.366 1-1.065 1h-2.533v2h2.84c.699 0 1.037.489 1.037 1 0 .496-.353 1-1.037 1h-3.766C15.482 18 15 17.469 15 16.812V9.27z\"><\/path><\/svg><br \/>\n\t\t\t\t\t\t\t\t\t\tinfo@unit.lt<br \/>\n\t\t\t\t\t\t\t\t\t\t\t<\/a>\n\t\t\t\t\t\t\t\t\t<\/li>\n<\/ul>\n<p>\t\t\t\t\t\t\t\t\t\t\t\t\t\t\t<img loading=\"lazy\" decoding=\"async\" width=\"150\" height=\"150\" src=\"https:\/\/filmvilnius.com\/wp-content\/uploads\/2023\/01\/Dizainas-be-pavadinimo-10-150x150.jpg\" alt=\"\" loading=\"lazy\" srcset=\"https:\/\/filmvilnius.com\/wp-content\/uploads\/2023\/01\/Dizainas-be-pavadinimo-10-150x150.jpg 150w, https:\/\/filmvilnius.com\/wp-content\/uploads\/2023\/01\/Dizainas-be-pavadinimo-10-300x300.jpg 300w, https:\/\/filmvilnius.com\/wp-content\/uploads\/2023\/01\/Dizainas-be-pavadinimo-10.jpg 500w\" sizes=\"auto, (max-width: 150px) 100vw, 150px\" \/><\/p>\n","protected":false},"excerpt":{"rendered":"<p>BALTIC LOCATIONS +370 679 96190 hello@balticlocations.lt Gedimino pr. 28, LT-01110 Vilnius DISCOVERY FILM LOCATIONS +370 601 55333 alon@locations.lt Pakaln\u0117s g. 5a-2, LT-01112 Vilnius UNIT.LT +370 694 95999 info@unit.lt<\/p>\n","protected":false},"author":7,"featured_media":0,"parent":0,"menu_order":0,"comment_status":"closed","ping_status":"closed","template":"page-film-industry.php","meta":{"_acf_changed":false,"_monsterinsights_skip_tracking":false,"_monsterinsights_sitenote_active":false,"_monsterinsights_sitenote_note":"","_monsterinsights_sitenote_category":0,"footnotes":""},"class_list":["post-20286","page","type-page","status-publish","hentry"],"acf":[],"yoast_head":"<!-- This site is optimized with the Yoast SEO plugin v27.4 - https:\/\/yoast.com\/product\/yoast-seo-wordpress\/ -->\n<title>Lokacij\u0173 \u012fmon\u0117s - Vilnius film office<\/title>\n<meta name=\"robots\" content=\"index, follow, max-snippet:-1, max-image-preview:large, max-video-preview:-1\" \/>\n<link rel=\"canonical\" href=\"https:\/\/filmvilnius.com\/lt\/film-locations\/\" \/>\n<meta property=\"og:locale\" content=\"lt_LT\" \/>\n<meta property=\"og:type\" content=\"article\" \/>\n<meta property=\"og:title\" content=\"Lokacij\u0173 \u012fmon\u0117s - Vilnius film office\" \/>\n<meta property=\"og:description\" content=\"BALTIC LOCATIONS +370 679 96190 hello@balticlocations.lt Gedimino pr. 28, LT-01110 Vilnius DISCOVERY FILM LOCATIONS +370 601 55333 alon@locations.lt Pakaln\u0117s g. 5a-2, LT-01112 Vilnius UNIT.LT +370 694 95999 info@unit.lt\" \/>\n<meta property=\"og:url\" content=\"https:\/\/filmvilnius.com\/lt\/film-locations\/\" \/>\n<meta property=\"og:site_name\" content=\"Vilnius film office\" \/>\n<meta property=\"article:publisher\" content=\"https:\/\/www.facebook.com\/filmvilnius\" \/>\n<meta property=\"article:modified_time\" content=\"2023-10-30T06:10:03+00:00\" \/>\n<meta property=\"og:image\" content=\"https:\/\/filmvilnius.com\/wp-content\/uploads\/2022\/10\/iavyjpapholoqpfn-150x150.jpg\" \/>\n<meta name=\"twitter:card\" content=\"summary_large_image\" \/>\n<meta name=\"twitter:site\" content=\"@FilmVilnius\" \/>\n<script type=\"application\/ld+json\" class=\"yoast-schema-graph\">{\"@context\":\"https:\\\/\\\/schema.org\",\"@graph\":[{\"@type\":\"WebPage\",\"@id\":\"https:\\\/\\\/filmvilnius.com\\\/lt\\\/film-locations\\\/\",\"url\":\"https:\\\/\\\/filmvilnius.com\\\/lt\\\/film-locations\\\/\",\"name\":\"Lokacij\u0173 \u012fmon\u0117s - Vilnius film office\",\"isPartOf\":{\"@id\":\"https:\\\/\\\/filmvilnius.com\\\/#website\"},\"primaryImageOfPage\":{\"@id\":\"https:\\\/\\\/filmvilnius.com\\\/lt\\\/film-locations\\\/#primaryimage\"},\"image\":{\"@id\":\"https:\\\/\\\/filmvilnius.com\\\/lt\\\/film-locations\\\/#primaryimage\"},\"thumbnailUrl\":\"https:\\\/\\\/filmvilnius.com\\\/wp-content\\\/uploads\\\/2022\\\/10\\\/iavyjpapholoqpfn-150x150.jpg\",\"datePublished\":\"2023-10-26T04:09:13+00:00\",\"dateModified\":\"2023-10-30T06:10:03+00:00\",\"breadcrumb\":{\"@id\":\"https:\\\/\\\/filmvilnius.com\\\/lt\\\/film-locations\\\/#breadcrumb\"},\"inLanguage\":\"lt-LT\",\"potentialAction\":[{\"@type\":\"ReadAction\",\"target\":[\"https:\\\/\\\/filmvilnius.com\\\/lt\\\/film-locations\\\/\"]}]},{\"@type\":\"ImageObject\",\"inLanguage\":\"lt-LT\",\"@id\":\"https:\\\/\\\/filmvilnius.com\\\/lt\\\/film-locations\\\/#primaryimage\",\"url\":\"https:\\\/\\\/filmvilnius.com\\\/wp-content\\\/uploads\\\/2022\\\/10\\\/iavyjpapholoqpfn-150x150.jpg\",\"contentUrl\":\"https:\\\/\\\/filmvilnius.com\\\/wp-content\\\/uploads\\\/2022\\\/10\\\/iavyjpapholoqpfn-150x150.jpg\"},{\"@type\":\"BreadcrumbList\",\"@id\":\"https:\\\/\\\/filmvilnius.com\\\/lt\\\/film-locations\\\/#breadcrumb\",\"itemListElement\":[{\"@type\":\"ListItem\",\"position\":1,\"name\":\"Home\",\"item\":\"https:\\\/\\\/filmvilnius.com\\\/lt\\\/\"},{\"@type\":\"ListItem\",\"position\":2,\"name\":\"Lokacij\u0173 \u012fmon\u0117s\"}]},{\"@type\":\"WebSite\",\"@id\":\"https:\\\/\\\/filmvilnius.com\\\/#website\",\"url\":\"https:\\\/\\\/filmvilnius.com\\\/\",\"name\":\"Vilnius film office\",\"description\":\"\",\"publisher\":{\"@id\":\"https:\\\/\\\/filmvilnius.com\\\/#organization\"},\"potentialAction\":[{\"@type\":\"SearchAction\",\"target\":{\"@type\":\"EntryPoint\",\"urlTemplate\":\"https:\\\/\\\/filmvilnius.com\\\/?s={search_term_string}\"},\"query-input\":{\"@type\":\"PropertyValueSpecification\",\"valueRequired\":true,\"valueName\":\"search_term_string\"}}],\"inLanguage\":\"lt-LT\"},{\"@type\":\"Organization\",\"@id\":\"https:\\\/\\\/filmvilnius.com\\\/#organization\",\"name\":\"Vilniaus kino biuras\",\"url\":\"https:\\\/\\\/filmvilnius.com\\\/\",\"logo\":{\"@type\":\"ImageObject\",\"inLanguage\":\"lt-LT\",\"@id\":\"https:\\\/\\\/filmvilnius.com\\\/#\\\/schema\\\/logo\\\/image\\\/\",\"url\":\"https:\\\/\\\/filmvilnius.com\\\/wp-content\\\/uploads\\\/2022\\\/12\\\/VKB-Logo-2022-EN-2-V.jpg\",\"contentUrl\":\"https:\\\/\\\/filmvilnius.com\\\/wp-content\\\/uploads\\\/2022\\\/12\\\/VKB-Logo-2022-EN-2-V.jpg\",\"width\":1419,\"height\":1418,\"caption\":\"Vilniaus kino biuras\"},\"image\":{\"@id\":\"https:\\\/\\\/filmvilnius.com\\\/#\\\/schema\\\/logo\\\/image\\\/\"},\"sameAs\":[\"https:\\\/\\\/www.facebook.com\\\/filmvilnius\",\"https:\\\/\\\/x.com\\\/FilmVilnius\",\"https:\\\/\\\/www.instagram.com\\\/filmvilnius\\\/\"]}]}<\/script>\n<!-- \/ Yoast SEO plugin. -->","yoast_head_json":{"title":"Lokacij\u0173 \u012fmon\u0117s - Vilnius film office","robots":{"index":"index","follow":"follow","max-snippet":"max-snippet:-1","max-image-preview":"max-image-preview:large","max-video-preview":"max-video-preview:-1"},"canonical":"https:\/\/filmvilnius.com\/lt\/film-locations\/","og_locale":"lt_LT","og_type":"article","og_title":"Lokacij\u0173 \u012fmon\u0117s - Vilnius film office","og_description":"BALTIC LOCATIONS +370 679 96190 hello@balticlocations.lt Gedimino pr. 28, LT-01110 Vilnius DISCOVERY FILM LOCATIONS +370 601 55333 alon@locations.lt Pakaln\u0117s g. 5a-2, LT-01112 Vilnius UNIT.LT +370 694 95999 info@unit.lt","og_url":"https:\/\/filmvilnius.com\/lt\/film-locations\/","og_site_name":"Vilnius film office","article_publisher":"https:\/\/www.facebook.com\/filmvilnius","article_modified_time":"2023-10-30T06:10:03+00:00","og_image":[{"url":"https:\/\/filmvilnius.com\/wp-content\/uploads\/2022\/10\/iavyjpapholoqpfn-150x150.jpg","type":"","width":"","height":""}],"twitter_card":"summary_large_image","twitter_site":"@FilmVilnius","schema":{"@context":"https:\/\/schema.org","@graph":[{"@type":"WebPage","@id":"https:\/\/filmvilnius.com\/lt\/film-locations\/","url":"https:\/\/filmvilnius.com\/lt\/film-locations\/","name":"Lokacij\u0173 \u012fmon\u0117s - Vilnius film office","isPartOf":{"@id":"https:\/\/filmvilnius.com\/#website"},"primaryImageOfPage":{"@id":"https:\/\/filmvilnius.com\/lt\/film-locations\/#primaryimage"},"image":{"@id":"https:\/\/filmvilnius.com\/lt\/film-locations\/#primaryimage"},"thumbnailUrl":"https:\/\/filmvilnius.com\/wp-content\/uploads\/2022\/10\/iavyjpapholoqpfn-150x150.jpg","datePublished":"2023-10-26T04:09:13+00:00","dateModified":"2023-10-30T06:10:03+00:00","breadcrumb":{"@id":"https:\/\/filmvilnius.com\/lt\/film-locations\/#breadcrumb"},"inLanguage":"lt-LT","potentialAction":[{"@type":"ReadAction","target":["https:\/\/filmvilnius.com\/lt\/film-locations\/"]}]},{"@type":"ImageObject","inLanguage":"lt-LT","@id":"https:\/\/filmvilnius.com\/lt\/film-locations\/#primaryimage","url":"https:\/\/filmvilnius.com\/wp-content\/uploads\/2022\/10\/iavyjpapholoqpfn-150x150.jpg","contentUrl":"https:\/\/filmvilnius.com\/wp-content\/uploads\/2022\/10\/iavyjpapholoqpfn-150x150.jpg"},{"@type":"BreadcrumbList","@id":"https:\/\/filmvilnius.com\/lt\/film-locations\/#breadcrumb","itemListElement":[{"@type":"ListItem","position":1,"name":"Home","item":"https:\/\/filmvilnius.com\/lt\/"},{"@type":"ListItem","position":2,"name":"Lokacij\u0173 \u012fmon\u0117s"}]},{"@type":"WebSite","@id":"https:\/\/filmvilnius.com\/#website","url":"https:\/\/filmvilnius.com\/","name":"Vilnius film office","description":"","publisher":{"@id":"https:\/\/filmvilnius.com\/#organization"},"potentialAction":[{"@type":"SearchAction","target":{"@type":"EntryPoint","urlTemplate":"https:\/\/filmvilnius.com\/?s={search_term_string}"},"query-input":{"@type":"PropertyValueSpecification","valueRequired":true,"valueName":"search_term_string"}}],"inLanguage":"lt-LT"},{"@type":"Organization","@id":"https:\/\/filmvilnius.com\/#organization","name":"Vilniaus kino biuras","url":"https:\/\/filmvilnius.com\/","logo":{"@type":"ImageObject","inLanguage":"lt-LT","@id":"https:\/\/filmvilnius.com\/#\/schema\/logo\/image\/","url":"https:\/\/filmvilnius.com\/wp-content\/uploads\/2022\/12\/VKB-Logo-2022-EN-2-V.jpg","contentUrl":"https:\/\/filmvilnius.com\/wp-content\/uploads\/2022\/12\/VKB-Logo-2022-EN-2-V.jpg","width":1419,"height":1418,"caption":"Vilniaus kino biuras"},"image":{"@id":"https:\/\/filmvilnius.com\/#\/schema\/logo\/image\/"},"sameAs":["https:\/\/www.facebook.com\/filmvilnius","https:\/\/x.com\/FilmVilnius","https:\/\/www.instagram.com\/filmvilnius\/"]}]}},"_links":{"self":[{"href":"https:\/\/filmvilnius.com\/lt\/wp-json\/wp\/v2\/pages\/20286","targetHints":{"allow":["GET"]}}],"collection":[{"href":"https:\/\/filmvilnius.com\/lt\/wp-json\/wp\/v2\/pages"}],"about":[{"href":"https:\/\/filmvilnius.com\/lt\/wp-json\/wp\/v2\/types\/page"}],"author":[{"embeddable":true,"href":"https:\/\/filmvilnius.com\/lt\/wp-json\/wp\/v2\/users\/7"}],"replies":[{"embeddable":true,"href":"https:\/\/filmvilnius.com\/lt\/wp-json\/wp\/v2\/comments?post=20286"}],"version-history":[{"count":4,"href":"https:\/\/filmvilnius.com\/lt\/wp-json\/wp\/v2\/pages\/20286\/revisions"}],"predecessor-version":[{"id":20290,"href":"https:\/\/filmvilnius.com\/lt\/wp-json\/wp\/v2\/pages\/20286\/revisions\/20290"}],"wp:attachment":[{"href":"https:\/\/filmvilnius.com\/lt\/wp-json\/wp\/v2\/media?parent=20286"}],"curies":[{"name":"wp","href":"https:\/\/api.w.org\/{rel}","templated":true}]}}