{"id":20318,"date":"2023-10-26T06:50:11","date_gmt":"2023-10-26T06:50:11","guid":{"rendered":"https:\/\/filmvilnius.com\/cinema-theatres\/"},"modified":"2023-12-01T11:22:36","modified_gmt":"2023-12-01T11:22:36","slug":"cinema-theatres","status":"publish","type":"page","link":"https:\/\/filmvilnius.com\/lt\/cinema-theatres\/","title":{"rendered":"Kino teatrai"},"content":{"rendered":"<h2><a href=\"http:\/\/www.cac.lt\/\">\u0160IUOLAIKINIO MENO CENTRAS <\/a><\/h2>\n<ul>\n<li>\n\t\t\t\t\t\t\t\t\t\t\t<a href=\"tel:+370%20670%2010584\"><br \/>\n\t\t\t\t\t\t\t<svg xmlns=\"http:\/\/www.w3.org\/2000\/svg\" width=\"24\" height=\"24\" viewBox=\"0 0 24 24\" fill=\"none\"><g clip-path=\"url(#clip0_553_2458)\"><path d=\"M21 16.42V19.956C21.0001 20.2092 20.9042 20.453 20.7316 20.6382C20.559 20.8234 20.3226 20.9363 20.07 20.954C19.633 20.984 19.276 21 19 21C10.163 21 3 13.837 3 5C3 4.724 3.015 4.367 3.046 3.93C3.06372 3.67744 3.17658 3.44101 3.3618 3.26841C3.54703 3.09581 3.79082 2.99989 4.044 3H7.58C7.70404 2.99987 7.8237 3.04586 7.91573 3.12902C8.00776 3.21218 8.0656 3.32658 8.078 3.45C8.101 3.68 8.122 3.863 8.142 4.002C8.34073 5.38892 8.748 6.73783 9.35 8.003C9.445 8.203 9.383 8.442 9.203 8.57L7.045 10.112C8.36445 13.1865 10.8145 15.6365 13.889 16.956L15.429 14.802C15.4919 14.714 15.5838 14.6509 15.6885 14.6237C15.7932 14.5964 15.9042 14.6068 16.002 14.653C17.267 15.2539 18.6156 15.6601 20.002 15.858C20.141 15.878 20.324 15.9 20.552 15.922C20.6752 15.9346 20.7894 15.9926 20.8724 16.0846C20.9553 16.1766 21.0012 16.2961 21.001 16.42H21Z\" fill=\"#808080\"><\/path><\/g><defs><clipPath id=\"clip0_553_2458\"><rect width=\"24\" height=\"24\" fill=\"white\"><\/rect><\/clipPath><\/defs><\/svg><br \/>\n\t\t\t\t\t\t\t\t\t\t+370 670 10584<br \/>\n\t\t\t\t\t\t\t\t\t\t\t<\/a>\n\t\t\t\t\t\t\t\t\t<\/li>\n<li>\n\t\t\t\t\t\t\t\t\t\t\t<a href=\"mailto:info@cac.lt\"><br \/>\n\t\t\t\t\t\t\t<svg xmlns=\"http:\/\/www.w3.org\/2000\/svg\" width=\"24\" height=\"24\" viewBox=\"0 0 24 24\" fill=\"none\"><g clip-path=\"url(#clip0_553_2459)\"><path d=\"M3 3H21C21.2652 3 21.5196 3.10536 21.7071 3.29289C21.8946 3.48043 22 3.73478 22 4V20C22 20.2652 21.8946 20.5196 21.7071 20.7071C21.5196 20.8946 21.2652 21 21 21H3C2.73478 21 2.48043 20.8946 2.29289 20.7071C2.10536 20.5196 2 20.2652 2 20V4C2 3.73478 2.10536 3.48043 2.29289 3.29289C2.48043 3.10536 2.73478 3 3 3ZM12.06 11.683L5.648 6.238L4.353 7.762L12.073 14.317L19.654 7.757L18.346 6.244L12.061 11.683H12.06Z\" fill=\"#808080\"><\/path><\/g><defs><clipPath id=\"clip0_553_2459\"><rect width=\"24\" height=\"24\" fill=\"white\"><\/rect><\/clipPath><\/defs><\/svg><br \/>\n\t\t\t\t\t\t\t\t\t\tinfo@cac.lt<br \/>\n\t\t\t\t\t\t\t\t\t\t\t<\/a>\n\t\t\t\t\t\t\t\t\t<\/li>\n<li>\n\t\t\t\t\t\t\t\t\t\t\t<a href=\"https:\/\/maps.app.goo.gl\/Z5kwTVL9szsbJy1NA\" target=\"_blank\" rel=\"noopener\"><br \/>\n\t\t\t\t\t\t\t<svg xmlns=\"http:\/\/www.w3.org\/2000\/svg\" width=\"18\" height=\"22\" viewBox=\"0 0 18 22\" fill=\"none\"><path d=\"M8.99972 0.928711C11.2162 0.928711 13.3418 1.80919 14.9091 3.37646C16.4764 4.94373 17.3569 7.0694 17.3569 9.28585C17.3569 12.8173 14.8754 16.6659 9.97686 20.8727C9.70448 21.1067 9.3572 21.2352 8.99812 21.2349C8.63903 21.2346 8.29198 21.1055 8.02001 20.871L7.69601 20.5899C3.01429 16.4927 0.642578 12.7384 0.642578 9.28585C0.642578 7.0694 1.52306 4.94373 3.09033 3.37646C4.6576 1.80919 6.78327 0.928711 8.99972 0.928711ZM8.99972 6.07157C8.14724 6.07157 7.32967 6.41021 6.72688 7.01301C6.12408 7.61581 5.78543 8.43337 5.78543 9.28585C5.78543 10.1383 6.12408 10.9559 6.72688 11.5587C7.32967 12.1615 8.14724 12.5001 8.99972 12.5001C9.8522 12.5001 10.6698 12.1615 11.2726 11.5587C11.8754 10.9559 12.214 10.1383 12.214 9.28585C12.214 8.43337 11.8754 7.61581 11.2726 7.01301C10.6698 6.41021 9.8522 6.07157 8.99972 6.07157Z\" fill=\"#808080\"><\/path><\/svg><br \/>\n\t\t\t\t\t\t\t\t\t\tVokie\u010di\u0173 g. 2 LT-01130 Vilnius<br \/>\n\t\t\t\t\t\t\t\t\t\t\t<\/a>\n\t\t\t\t\t\t\t\t\t<\/li>\n<\/ul>\n<p>\t\t\t\t\t\t\t\t\t\t\t\t\t\t\t<img loading=\"lazy\" decoding=\"async\" width=\"150\" height=\"150\" src=\"https:\/\/filmvilnius.com\/wp-content\/uploads\/2021\/10\/smclogo-150x150-1-150x150.jpg\" alt=\"\" loading=\"lazy\" srcset=\"https:\/\/filmvilnius.com\/wp-content\/uploads\/2021\/10\/smclogo-150x150-1.jpg 150w, https:\/\/filmvilnius.com\/wp-content\/uploads\/2021\/10\/smclogo-150x150-1-100x100.jpg 100w\" sizes=\"auto, (max-width: 150px) 100vw, 150px\" \/>\t\t\t\t\t\t\t\t\t\t\t\t\t\t\t<\/p>\n<h2><a href=\"http:\/\/www.forumcinemas.lt\/\">FORUM CINEMAS<\/a><\/h2>\n<ul>\n<li>\n\t\t\t\t\t\t\t\t\t\t\t<a href=\"tel:+370%20526%2044764\"><br \/>\n\t\t\t\t\t\t\t<svg xmlns=\"http:\/\/www.w3.org\/2000\/svg\" width=\"24\" height=\"24\" viewBox=\"0 0 24 24\" fill=\"none\"><g clip-path=\"url(#clip0_553_2458)\"><path d=\"M21 16.42V19.956C21.0001 20.2092 20.9042 20.453 20.7316 20.6382C20.559 20.8234 20.3226 20.9363 20.07 20.954C19.633 20.984 19.276 21 19 21C10.163 21 3 13.837 3 5C3 4.724 3.015 4.367 3.046 3.93C3.06372 3.67744 3.17658 3.44101 3.3618 3.26841C3.54703 3.09581 3.79082 2.99989 4.044 3H7.58C7.70404 2.99987 7.8237 3.04586 7.91573 3.12902C8.00776 3.21218 8.0656 3.32658 8.078 3.45C8.101 3.68 8.122 3.863 8.142 4.002C8.34073 5.38892 8.748 6.73783 9.35 8.003C9.445 8.203 9.383 8.442 9.203 8.57L7.045 10.112C8.36445 13.1865 10.8145 15.6365 13.889 16.956L15.429 14.802C15.4919 14.714 15.5838 14.6509 15.6885 14.6237C15.7932 14.5964 15.9042 14.6068 16.002 14.653C17.267 15.2539 18.6156 15.6601 20.002 15.858C20.141 15.878 20.324 15.9 20.552 15.922C20.6752 15.9346 20.7894 15.9926 20.8724 16.0846C20.9553 16.1766 21.0012 16.2961 21.001 16.42H21Z\" fill=\"#808080\"><\/path><\/g><defs><clipPath id=\"clip0_553_2458\"><rect width=\"24\" height=\"24\" fill=\"white\"><\/rect><\/clipPath><\/defs><\/svg><br \/>\n\t\t\t\t\t\t\t\t\t\t+370 526 44764<br \/>\n\t\t\t\t\t\t\t\t\t\t\t<\/a>\n\t\t\t\t\t\t\t\t\t<\/li>\n<li>\n\t\t\t\t\t\t\t\t\t\t\t<a href=\"mailto:info@forumcinemas.lt\"><br \/>\n\t\t\t\t\t\t\t<svg xmlns=\"http:\/\/www.w3.org\/2000\/svg\" width=\"24\" height=\"24\" viewBox=\"0 0 24 24\" fill=\"none\"><g clip-path=\"url(#clip0_553_2459)\"><path d=\"M3 3H21C21.2652 3 21.5196 3.10536 21.7071 3.29289C21.8946 3.48043 22 3.73478 22 4V20C22 20.2652 21.8946 20.5196 21.7071 20.7071C21.5196 20.8946 21.2652 21 21 21H3C2.73478 21 2.48043 20.8946 2.29289 20.7071C2.10536 20.5196 2 20.2652 2 20V4C2 3.73478 2.10536 3.48043 2.29289 3.29289C2.48043 3.10536 2.73478 3 3 3ZM12.06 11.683L5.648 6.238L4.353 7.762L12.073 14.317L19.654 7.757L18.346 6.244L12.061 11.683H12.06Z\" fill=\"#808080\"><\/path><\/g><defs><clipPath id=\"clip0_553_2459\"><rect width=\"24\" height=\"24\" fill=\"white\"><\/rect><\/clipPath><\/defs><\/svg><br \/>\n\t\t\t\t\t\t\t\t\t\tinfo@forumcinemas.lt<br \/>\n\t\t\t\t\t\t\t\t\t\t\t<\/a>\n\t\t\t\t\t\t\t\t\t<\/li>\n<li>\n\t\t\t\t\t\t\t\t\t\t\t<a href=\"https:\/\/maps.app.goo.gl\/5RxfaFkd6kvNbiXY7\" target=\"_blank\" rel=\"noopener\"><br \/>\n\t\t\t\t\t\t\t<svg xmlns=\"http:\/\/www.w3.org\/2000\/svg\" width=\"18\" height=\"22\" viewBox=\"0 0 18 22\" fill=\"none\"><path d=\"M8.99972 0.928711C11.2162 0.928711 13.3418 1.80919 14.9091 3.37646C16.4764 4.94373 17.3569 7.0694 17.3569 9.28585C17.3569 12.8173 14.8754 16.6659 9.97686 20.8727C9.70448 21.1067 9.3572 21.2352 8.99812 21.2349C8.63903 21.2346 8.29198 21.1055 8.02001 20.871L7.69601 20.5899C3.01429 16.4927 0.642578 12.7384 0.642578 9.28585C0.642578 7.0694 1.52306 4.94373 3.09033 3.37646C4.6576 1.80919 6.78327 0.928711 8.99972 0.928711ZM8.99972 6.07157C8.14724 6.07157 7.32967 6.41021 6.72688 7.01301C6.12408 7.61581 5.78543 8.43337 5.78543 9.28585C5.78543 10.1383 6.12408 10.9559 6.72688 11.5587C7.32967 12.1615 8.14724 12.5001 8.99972 12.5001C9.8522 12.5001 10.6698 12.1615 11.2726 11.5587C11.8754 10.9559 12.214 10.1383 12.214 9.28585C12.214 8.43337 11.8754 7.61581 11.2726 7.01301C10.6698 6.41021 9.8522 6.07157 8.99972 6.07157Z\" fill=\"#808080\"><\/path><\/svg><br \/>\n\t\t\t\t\t\t\t\t\t\tSavanori\u0173 pr. 7, LT-03116 Vilnius<br \/>\n\t\t\t\t\t\t\t\t\t\t\t<\/a>\n\t\t\t\t\t\t\t\t\t<\/li>\n<\/ul>\n<p>\t\t\t\t\t\t\t\t\t\t\t\t\t\t\t<img loading=\"lazy\" decoding=\"async\" width=\"150\" height=\"150\" src=\"https:\/\/filmvilnius.com\/wp-content\/uploads\/2021\/10\/forumcinema-150x150-1-150x150.png\" alt=\"\" loading=\"lazy\" srcset=\"https:\/\/filmvilnius.com\/wp-content\/uploads\/2021\/10\/forumcinema-150x150-1.png 150w, https:\/\/filmvilnius.com\/wp-content\/uploads\/2021\/10\/forumcinema-150x150-1-100x100.png 100w\" sizes=\"auto, (max-width: 150px) 100vw, 150px\" \/>\t\t\t\t\t\t\t\t\t\t\t\t\t\t\t<\/p>\n<h2><a href=\"http:\/\/www.pasaka.lt\/\">PASAKOS KINO TEATRAS <\/a><\/h2>\n<ul>\n<li>\n\t\t\t\t\t\t\t\t\t\t\t<a href=\"tel:+370%20683%2048091\"><br \/>\n\t\t\t\t\t\t\t<svg xmlns=\"http:\/\/www.w3.org\/2000\/svg\" width=\"24\" height=\"24\" viewBox=\"0 0 24 24\" fill=\"none\"><g clip-path=\"url(#clip0_553_2458)\"><path d=\"M21 16.42V19.956C21.0001 20.2092 20.9042 20.453 20.7316 20.6382C20.559 20.8234 20.3226 20.9363 20.07 20.954C19.633 20.984 19.276 21 19 21C10.163 21 3 13.837 3 5C3 4.724 3.015 4.367 3.046 3.93C3.06372 3.67744 3.17658 3.44101 3.3618 3.26841C3.54703 3.09581 3.79082 2.99989 4.044 3H7.58C7.70404 2.99987 7.8237 3.04586 7.91573 3.12902C8.00776 3.21218 8.0656 3.32658 8.078 3.45C8.101 3.68 8.122 3.863 8.142 4.002C8.34073 5.38892 8.748 6.73783 9.35 8.003C9.445 8.203 9.383 8.442 9.203 8.57L7.045 10.112C8.36445 13.1865 10.8145 15.6365 13.889 16.956L15.429 14.802C15.4919 14.714 15.5838 14.6509 15.6885 14.6237C15.7932 14.5964 15.9042 14.6068 16.002 14.653C17.267 15.2539 18.6156 15.6601 20.002 15.858C20.141 15.878 20.324 15.9 20.552 15.922C20.6752 15.9346 20.7894 15.9926 20.8724 16.0846C20.9553 16.1766 21.0012 16.2961 21.001 16.42H21Z\" fill=\"#808080\"><\/path><\/g><defs><clipPath id=\"clip0_553_2458\"><rect width=\"24\" height=\"24\" fill=\"white\"><\/rect><\/clipPath><\/defs><\/svg><br \/>\n\t\t\t\t\t\t\t\t\t\t+370 683 48091<br \/>\n\t\t\t\t\t\t\t\t\t\t\t<\/a>\n\t\t\t\t\t\t\t\t\t<\/li>\n<li>\n\t\t\t\t\t\t\t\t\t\t\t<a href=\"mailto:kinas@pasaka.lt\"><br \/>\n\t\t\t\t\t\t\t<svg xmlns=\"http:\/\/www.w3.org\/2000\/svg\" width=\"24\" height=\"24\" viewBox=\"0 0 24 24\" fill=\"none\"><g clip-path=\"url(#clip0_553_2459)\"><path d=\"M3 3H21C21.2652 3 21.5196 3.10536 21.7071 3.29289C21.8946 3.48043 22 3.73478 22 4V20C22 20.2652 21.8946 20.5196 21.7071 20.7071C21.5196 20.8946 21.2652 21 21 21H3C2.73478 21 2.48043 20.8946 2.29289 20.7071C2.10536 20.5196 2 20.2652 2 20V4C2 3.73478 2.10536 3.48043 2.29289 3.29289C2.48043 3.10536 2.73478 3 3 3ZM12.06 11.683L5.648 6.238L4.353 7.762L12.073 14.317L19.654 7.757L18.346 6.244L12.061 11.683H12.06Z\" fill=\"#808080\"><\/path><\/g><defs><clipPath id=\"clip0_553_2459\"><rect width=\"24\" height=\"24\" fill=\"white\"><\/rect><\/clipPath><\/defs><\/svg><br \/>\n\t\t\t\t\t\t\t\t\t\tkinas@pasaka.lt<br \/>\n\t\t\t\t\t\t\t\t\t\t\t<\/a>\n\t\t\t\t\t\t\t\t\t<\/li>\n<li>\n\t\t\t\t\t\t\t\t\t\t\t<a href=\"https:\/\/maps.app.goo.gl\/hikGpSHwtfm43xeZA\" target=\"_blank\" rel=\"noopener\"><br \/>\n\t\t\t\t\t\t\t<svg xmlns=\"http:\/\/www.w3.org\/2000\/svg\" width=\"18\" height=\"22\" viewBox=\"0 0 18 22\" fill=\"none\"><path d=\"M8.99972 0.928711C11.2162 0.928711 13.3418 1.80919 14.9091 3.37646C16.4764 4.94373 17.3569 7.0694 17.3569 9.28585C17.3569 12.8173 14.8754 16.6659 9.97686 20.8727C9.70448 21.1067 9.3572 21.2352 8.99812 21.2349C8.63903 21.2346 8.29198 21.1055 8.02001 20.871L7.69601 20.5899C3.01429 16.4927 0.642578 12.7384 0.642578 9.28585C0.642578 7.0694 1.52306 4.94373 3.09033 3.37646C4.6576 1.80919 6.78327 0.928711 8.99972 0.928711ZM8.99972 6.07157C8.14724 6.07157 7.32967 6.41021 6.72688 7.01301C6.12408 7.61581 5.78543 8.43337 5.78543 9.28585C5.78543 10.1383 6.12408 10.9559 6.72688 11.5587C7.32967 12.1615 8.14724 12.5001 8.99972 12.5001C9.8522 12.5001 10.6698 12.1615 11.2726 11.5587C11.8754 10.9559 12.214 10.1383 12.214 9.28585C12.214 8.43337 11.8754 7.61581 11.2726 7.01301C10.6698 6.41021 9.8522 6.07157 8.99972 6.07157Z\" fill=\"#808080\"><\/path><\/svg><br \/>\n\t\t\t\t\t\t\t\t\t\t\u0160v. Ignoto g. 4-3, LT-01144 Vilnius<br \/>\n\t\t\t\t\t\t\t\t\t\t\t<\/a>\n\t\t\t\t\t\t\t\t\t<\/li>\n<\/ul>\n<p>\t\t\t\t\t\t\t\t\t\t\t\t\t\t\t<img loading=\"lazy\" decoding=\"async\" width=\"150\" height=\"150\" src=\"https:\/\/filmvilnius.com\/wp-content\/uploads\/2021\/10\/Dizainas-be-pavadinimo-150x150-1-150x150.jpg\" alt=\"\" loading=\"lazy\" srcset=\"https:\/\/filmvilnius.com\/wp-content\/uploads\/2021\/10\/Dizainas-be-pavadinimo-150x150-1.jpg 150w, https:\/\/filmvilnius.com\/wp-content\/uploads\/2021\/10\/Dizainas-be-pavadinimo-150x150-1-100x100.jpg 100w\" sizes=\"auto, (max-width: 150px) 100vw, 150px\" \/>\t\t\t\t\t\t\t\t\t\t\t\t\t\t\t<\/p>\n<h2><a href=\"http:\/\/www.skalvija.lt\/\">SKALVIJOS KINO CENTRAS<\/a><\/h2>\n<ul>\n<li>\n\t\t\t\t\t\t\t\t\t\t\t<a href=\"tel:+370%20526%2010505\"><br \/>\n\t\t\t\t\t\t\t<svg xmlns=\"http:\/\/www.w3.org\/2000\/svg\" width=\"24\" height=\"24\" viewBox=\"0 0 24 24\" fill=\"none\"><g clip-path=\"url(#clip0_553_2458)\"><path d=\"M21 16.42V19.956C21.0001 20.2092 20.9042 20.453 20.7316 20.6382C20.559 20.8234 20.3226 20.9363 20.07 20.954C19.633 20.984 19.276 21 19 21C10.163 21 3 13.837 3 5C3 4.724 3.015 4.367 3.046 3.93C3.06372 3.67744 3.17658 3.44101 3.3618 3.26841C3.54703 3.09581 3.79082 2.99989 4.044 3H7.58C7.70404 2.99987 7.8237 3.04586 7.91573 3.12902C8.00776 3.21218 8.0656 3.32658 8.078 3.45C8.101 3.68 8.122 3.863 8.142 4.002C8.34073 5.38892 8.748 6.73783 9.35 8.003C9.445 8.203 9.383 8.442 9.203 8.57L7.045 10.112C8.36445 13.1865 10.8145 15.6365 13.889 16.956L15.429 14.802C15.4919 14.714 15.5838 14.6509 15.6885 14.6237C15.7932 14.5964 15.9042 14.6068 16.002 14.653C17.267 15.2539 18.6156 15.6601 20.002 15.858C20.141 15.878 20.324 15.9 20.552 15.922C20.6752 15.9346 20.7894 15.9926 20.8724 16.0846C20.9553 16.1766 21.0012 16.2961 21.001 16.42H21Z\" fill=\"#808080\"><\/path><\/g><defs><clipPath id=\"clip0_553_2458\"><rect width=\"24\" height=\"24\" fill=\"white\"><\/rect><\/clipPath><\/defs><\/svg><br \/>\n\t\t\t\t\t\t\t\t\t\t+370 526 10505<br \/>\n\t\t\t\t\t\t\t\t\t\t\t<\/a>\n\t\t\t\t\t\t\t\t\t<\/li>\n<li>\n\t\t\t\t\t\t\t\t\t\t\t<a href=\"mailto:info@skalvija.lt\"><br \/>\n\t\t\t\t\t\t\t<svg xmlns=\"http:\/\/www.w3.org\/2000\/svg\" width=\"24\" height=\"24\" viewBox=\"0 0 24 24\" fill=\"none\"><g clip-path=\"url(#clip0_553_2459)\"><path d=\"M3 3H21C21.2652 3 21.5196 3.10536 21.7071 3.29289C21.8946 3.48043 22 3.73478 22 4V20C22 20.2652 21.8946 20.5196 21.7071 20.7071C21.5196 20.8946 21.2652 21 21 21H3C2.73478 21 2.48043 20.8946 2.29289 20.7071C2.10536 20.5196 2 20.2652 2 20V4C2 3.73478 2.10536 3.48043 2.29289 3.29289C2.48043 3.10536 2.73478 3 3 3ZM12.06 11.683L5.648 6.238L4.353 7.762L12.073 14.317L19.654 7.757L18.346 6.244L12.061 11.683H12.06Z\" fill=\"#808080\"><\/path><\/g><defs><clipPath id=\"clip0_553_2459\"><rect width=\"24\" height=\"24\" fill=\"white\"><\/rect><\/clipPath><\/defs><\/svg><br \/>\n\t\t\t\t\t\t\t\t\t\tinfo@skalvija.lt<br \/>\n\t\t\t\t\t\t\t\t\t\t\t<\/a>\n\t\t\t\t\t\t\t\t\t<\/li>\n<li>\n\t\t\t\t\t\t\t\t\t\t\t<a href=\"https:\/\/maps.app.goo.gl\/NFjYgCG2269iuNhh9\" target=\"_blank\" rel=\"noopener\"><br \/>\n\t\t\t\t\t\t\t<svg xmlns=\"http:\/\/www.w3.org\/2000\/svg\" width=\"18\" height=\"22\" viewBox=\"0 0 18 22\" fill=\"none\"><path d=\"M8.99972 0.928711C11.2162 0.928711 13.3418 1.80919 14.9091 3.37646C16.4764 4.94373 17.3569 7.0694 17.3569 9.28585C17.3569 12.8173 14.8754 16.6659 9.97686 20.8727C9.70448 21.1067 9.3572 21.2352 8.99812 21.2349C8.63903 21.2346 8.29198 21.1055 8.02001 20.871L7.69601 20.5899C3.01429 16.4927 0.642578 12.7384 0.642578 9.28585C0.642578 7.0694 1.52306 4.94373 3.09033 3.37646C4.6576 1.80919 6.78327 0.928711 8.99972 0.928711ZM8.99972 6.07157C8.14724 6.07157 7.32967 6.41021 6.72688 7.01301C6.12408 7.61581 5.78543 8.43337 5.78543 9.28585C5.78543 10.1383 6.12408 10.9559 6.72688 11.5587C7.32967 12.1615 8.14724 12.5001 8.99972 12.5001C9.8522 12.5001 10.6698 12.1615 11.2726 11.5587C11.8754 10.9559 12.214 10.1383 12.214 9.28585C12.214 8.43337 11.8754 7.61581 11.2726 7.01301C10.6698 6.41021 9.8522 6.07157 8.99972 6.07157Z\" fill=\"#808080\"><\/path><\/svg><br \/>\n\t\t\t\t\t\t\t\t\t\tGo\u0161tauto g. 2, LT-01104 Vilnius<br \/>\n\t\t\t\t\t\t\t\t\t\t\t<\/a>\n\t\t\t\t\t\t\t\t\t<\/li>\n<\/ul>\n<p>\t\t\t\t\t\t\t\t\t\t\t\t\t\t\t<img loading=\"lazy\" decoding=\"async\" width=\"150\" height=\"150\" src=\"https:\/\/filmvilnius.com\/wp-content\/uploads\/2021\/10\/skalvija-150x150-1-1-150x150.png\" alt=\"\" loading=\"lazy\" srcset=\"https:\/\/filmvilnius.com\/wp-content\/uploads\/2021\/10\/skalvija-150x150-1-1.png 150w, https:\/\/filmvilnius.com\/wp-content\/uploads\/2021\/10\/skalvija-150x150-1-1-100x100.png 100w\" sizes=\"auto, (max-width: 150px) 100vw, 150px\" \/><\/p>\n","protected":false},"excerpt":{"rendered":"<p>\u0160IUOLAIKINIO MENO CENTRAS +370 670 10584 info@cac.lt Vokie\u010di\u0173 g. 2 LT-01130 Vilnius FORUM CINEMAS +370 526 44764 info@forumcinemas.lt Savanori\u0173 pr. 7, LT-03116 Vilnius PASAKOS KINO TEATRAS +370 683 48091 kinas@pasaka.lt \u0160v. Ignoto g. 4-3, LT-01144 Vilnius SKALVIJOS KINO CENTRAS +370 526 10505 info@skalvija.lt Go\u0161tauto g. 2, LT-01104 Vilnius<\/p>\n","protected":false},"author":7,"featured_media":0,"parent":0,"menu_order":0,"comment_status":"closed","ping_status":"closed","template":"page-film-industry.php","meta":{"_acf_changed":false,"_monsterinsights_skip_tracking":false,"_monsterinsights_sitenote_active":false,"_monsterinsights_sitenote_note":"","_monsterinsights_sitenote_category":0,"footnotes":""},"class_list":["post-20318","page","type-page","status-publish","hentry"],"acf":[],"yoast_head":"<!-- This site is optimized with the Yoast SEO plugin v27.4 - https:\/\/yoast.com\/product\/yoast-seo-wordpress\/ -->\n<title>Kino teatrai - Vilnius film office<\/title>\n<meta name=\"robots\" content=\"index, follow, max-snippet:-1, max-image-preview:large, max-video-preview:-1\" \/>\n<link rel=\"canonical\" href=\"https:\/\/filmvilnius.com\/lt\/cinema-theatres\/\" \/>\n<meta property=\"og:locale\" content=\"lt_LT\" \/>\n<meta property=\"og:type\" content=\"article\" \/>\n<meta property=\"og:title\" content=\"Kino teatrai - Vilnius film office\" \/>\n<meta property=\"og:description\" content=\"\u0160IUOLAIKINIO MENO CENTRAS +370 670 10584 info@cac.lt Vokie\u010di\u0173 g. 2 LT-01130 Vilnius FORUM CINEMAS +370 526 44764 info@forumcinemas.lt Savanori\u0173 pr. 7, LT-03116 Vilnius PASAKOS KINO TEATRAS +370 683 48091 kinas@pasaka.lt \u0160v. Ignoto g. 4-3, LT-01144 Vilnius SKALVIJOS KINO CENTRAS +370 526 10505 info@skalvija.lt Go\u0161tauto g. 2, LT-01104 Vilnius\" \/>\n<meta property=\"og:url\" content=\"https:\/\/filmvilnius.com\/lt\/cinema-theatres\/\" \/>\n<meta property=\"og:site_name\" content=\"Vilnius film office\" \/>\n<meta property=\"article:publisher\" content=\"https:\/\/www.facebook.com\/filmvilnius\" \/>\n<meta property=\"article:modified_time\" content=\"2023-12-01T11:22:36+00:00\" \/>\n<meta property=\"og:image\" content=\"https:\/\/filmvilnius.com\/wp-content\/uploads\/2021\/10\/smclogo-150x150-1-150x150.jpg\" \/>\n<meta name=\"twitter:card\" content=\"summary_large_image\" \/>\n<meta name=\"twitter:site\" content=\"@FilmVilnius\" \/>\n<meta name=\"twitter:label1\" content=\"Est. reading time\" \/>\n\t<meta name=\"twitter:data1\" content=\"2 minut\u0117s\" \/>\n<script type=\"application\/ld+json\" class=\"yoast-schema-graph\">{\"@context\":\"https:\\\/\\\/schema.org\",\"@graph\":[{\"@type\":\"WebPage\",\"@id\":\"https:\\\/\\\/filmvilnius.com\\\/lt\\\/cinema-theatres\\\/\",\"url\":\"https:\\\/\\\/filmvilnius.com\\\/lt\\\/cinema-theatres\\\/\",\"name\":\"Kino teatrai - Vilnius film office\",\"isPartOf\":{\"@id\":\"https:\\\/\\\/filmvilnius.com\\\/#website\"},\"primaryImageOfPage\":{\"@id\":\"https:\\\/\\\/filmvilnius.com\\\/lt\\\/cinema-theatres\\\/#primaryimage\"},\"image\":{\"@id\":\"https:\\\/\\\/filmvilnius.com\\\/lt\\\/cinema-theatres\\\/#primaryimage\"},\"thumbnailUrl\":\"https:\\\/\\\/filmvilnius.com\\\/wp-content\\\/uploads\\\/2021\\\/10\\\/smclogo-150x150-1-150x150.jpg\",\"datePublished\":\"2023-10-26T06:50:11+00:00\",\"dateModified\":\"2023-12-01T11:22:36+00:00\",\"breadcrumb\":{\"@id\":\"https:\\\/\\\/filmvilnius.com\\\/lt\\\/cinema-theatres\\\/#breadcrumb\"},\"inLanguage\":\"lt-LT\",\"potentialAction\":[{\"@type\":\"ReadAction\",\"target\":[\"https:\\\/\\\/filmvilnius.com\\\/lt\\\/cinema-theatres\\\/\"]}]},{\"@type\":\"ImageObject\",\"inLanguage\":\"lt-LT\",\"@id\":\"https:\\\/\\\/filmvilnius.com\\\/lt\\\/cinema-theatres\\\/#primaryimage\",\"url\":\"https:\\\/\\\/filmvilnius.com\\\/wp-content\\\/uploads\\\/2021\\\/10\\\/smclogo-150x150-1-150x150.jpg\",\"contentUrl\":\"https:\\\/\\\/filmvilnius.com\\\/wp-content\\\/uploads\\\/2021\\\/10\\\/smclogo-150x150-1-150x150.jpg\"},{\"@type\":\"BreadcrumbList\",\"@id\":\"https:\\\/\\\/filmvilnius.com\\\/lt\\\/cinema-theatres\\\/#breadcrumb\",\"itemListElement\":[{\"@type\":\"ListItem\",\"position\":1,\"name\":\"Home\",\"item\":\"https:\\\/\\\/filmvilnius.com\\\/lt\\\/\"},{\"@type\":\"ListItem\",\"position\":2,\"name\":\"Kino teatrai\"}]},{\"@type\":\"WebSite\",\"@id\":\"https:\\\/\\\/filmvilnius.com\\\/#website\",\"url\":\"https:\\\/\\\/filmvilnius.com\\\/\",\"name\":\"Vilnius film office\",\"description\":\"\",\"publisher\":{\"@id\":\"https:\\\/\\\/filmvilnius.com\\\/#organization\"},\"potentialAction\":[{\"@type\":\"SearchAction\",\"target\":{\"@type\":\"EntryPoint\",\"urlTemplate\":\"https:\\\/\\\/filmvilnius.com\\\/?s={search_term_string}\"},\"query-input\":{\"@type\":\"PropertyValueSpecification\",\"valueRequired\":true,\"valueName\":\"search_term_string\"}}],\"inLanguage\":\"lt-LT\"},{\"@type\":\"Organization\",\"@id\":\"https:\\\/\\\/filmvilnius.com\\\/#organization\",\"name\":\"Vilniaus kino biuras\",\"url\":\"https:\\\/\\\/filmvilnius.com\\\/\",\"logo\":{\"@type\":\"ImageObject\",\"inLanguage\":\"lt-LT\",\"@id\":\"https:\\\/\\\/filmvilnius.com\\\/#\\\/schema\\\/logo\\\/image\\\/\",\"url\":\"https:\\\/\\\/filmvilnius.com\\\/wp-content\\\/uploads\\\/2022\\\/12\\\/VKB-Logo-2022-EN-2-V.jpg\",\"contentUrl\":\"https:\\\/\\\/filmvilnius.com\\\/wp-content\\\/uploads\\\/2022\\\/12\\\/VKB-Logo-2022-EN-2-V.jpg\",\"width\":1419,\"height\":1418,\"caption\":\"Vilniaus kino biuras\"},\"image\":{\"@id\":\"https:\\\/\\\/filmvilnius.com\\\/#\\\/schema\\\/logo\\\/image\\\/\"},\"sameAs\":[\"https:\\\/\\\/www.facebook.com\\\/filmvilnius\",\"https:\\\/\\\/x.com\\\/FilmVilnius\",\"https:\\\/\\\/www.instagram.com\\\/filmvilnius\\\/\"]}]}<\/script>\n<!-- \/ Yoast SEO plugin. -->","yoast_head_json":{"title":"Kino teatrai - Vilnius film office","robots":{"index":"index","follow":"follow","max-snippet":"max-snippet:-1","max-image-preview":"max-image-preview:large","max-video-preview":"max-video-preview:-1"},"canonical":"https:\/\/filmvilnius.com\/lt\/cinema-theatres\/","og_locale":"lt_LT","og_type":"article","og_title":"Kino teatrai - Vilnius film office","og_description":"\u0160IUOLAIKINIO MENO CENTRAS +370 670 10584 info@cac.lt Vokie\u010di\u0173 g. 2 LT-01130 Vilnius FORUM CINEMAS +370 526 44764 info@forumcinemas.lt Savanori\u0173 pr. 7, LT-03116 Vilnius PASAKOS KINO TEATRAS +370 683 48091 kinas@pasaka.lt \u0160v. Ignoto g. 4-3, LT-01144 Vilnius SKALVIJOS KINO CENTRAS +370 526 10505 info@skalvija.lt Go\u0161tauto g. 2, LT-01104 Vilnius","og_url":"https:\/\/filmvilnius.com\/lt\/cinema-theatres\/","og_site_name":"Vilnius film office","article_publisher":"https:\/\/www.facebook.com\/filmvilnius","article_modified_time":"2023-12-01T11:22:36+00:00","og_image":[{"url":"https:\/\/filmvilnius.com\/wp-content\/uploads\/2021\/10\/smclogo-150x150-1-150x150.jpg","type":"","width":"","height":""}],"twitter_card":"summary_large_image","twitter_site":"@FilmVilnius","twitter_misc":{"Est. reading time":"2 minut\u0117s"},"schema":{"@context":"https:\/\/schema.org","@graph":[{"@type":"WebPage","@id":"https:\/\/filmvilnius.com\/lt\/cinema-theatres\/","url":"https:\/\/filmvilnius.com\/lt\/cinema-theatres\/","name":"Kino teatrai - Vilnius film office","isPartOf":{"@id":"https:\/\/filmvilnius.com\/#website"},"primaryImageOfPage":{"@id":"https:\/\/filmvilnius.com\/lt\/cinema-theatres\/#primaryimage"},"image":{"@id":"https:\/\/filmvilnius.com\/lt\/cinema-theatres\/#primaryimage"},"thumbnailUrl":"https:\/\/filmvilnius.com\/wp-content\/uploads\/2021\/10\/smclogo-150x150-1-150x150.jpg","datePublished":"2023-10-26T06:50:11+00:00","dateModified":"2023-12-01T11:22:36+00:00","breadcrumb":{"@id":"https:\/\/filmvilnius.com\/lt\/cinema-theatres\/#breadcrumb"},"inLanguage":"lt-LT","potentialAction":[{"@type":"ReadAction","target":["https:\/\/filmvilnius.com\/lt\/cinema-theatres\/"]}]},{"@type":"ImageObject","inLanguage":"lt-LT","@id":"https:\/\/filmvilnius.com\/lt\/cinema-theatres\/#primaryimage","url":"https:\/\/filmvilnius.com\/wp-content\/uploads\/2021\/10\/smclogo-150x150-1-150x150.jpg","contentUrl":"https:\/\/filmvilnius.com\/wp-content\/uploads\/2021\/10\/smclogo-150x150-1-150x150.jpg"},{"@type":"BreadcrumbList","@id":"https:\/\/filmvilnius.com\/lt\/cinema-theatres\/#breadcrumb","itemListElement":[{"@type":"ListItem","position":1,"name":"Home","item":"https:\/\/filmvilnius.com\/lt\/"},{"@type":"ListItem","position":2,"name":"Kino teatrai"}]},{"@type":"WebSite","@id":"https:\/\/filmvilnius.com\/#website","url":"https:\/\/filmvilnius.com\/","name":"Vilnius film office","description":"","publisher":{"@id":"https:\/\/filmvilnius.com\/#organization"},"potentialAction":[{"@type":"SearchAction","target":{"@type":"EntryPoint","urlTemplate":"https:\/\/filmvilnius.com\/?s={search_term_string}"},"query-input":{"@type":"PropertyValueSpecification","valueRequired":true,"valueName":"search_term_string"}}],"inLanguage":"lt-LT"},{"@type":"Organization","@id":"https:\/\/filmvilnius.com\/#organization","name":"Vilniaus kino biuras","url":"https:\/\/filmvilnius.com\/","logo":{"@type":"ImageObject","inLanguage":"lt-LT","@id":"https:\/\/filmvilnius.com\/#\/schema\/logo\/image\/","url":"https:\/\/filmvilnius.com\/wp-content\/uploads\/2022\/12\/VKB-Logo-2022-EN-2-V.jpg","contentUrl":"https:\/\/filmvilnius.com\/wp-content\/uploads\/2022\/12\/VKB-Logo-2022-EN-2-V.jpg","width":1419,"height":1418,"caption":"Vilniaus kino biuras"},"image":{"@id":"https:\/\/filmvilnius.com\/#\/schema\/logo\/image\/"},"sameAs":["https:\/\/www.facebook.com\/filmvilnius","https:\/\/x.com\/FilmVilnius","https:\/\/www.instagram.com\/filmvilnius\/"]}]}},"_links":{"self":[{"href":"https:\/\/filmvilnius.com\/lt\/wp-json\/wp\/v2\/pages\/20318","targetHints":{"allow":["GET"]}}],"collection":[{"href":"https:\/\/filmvilnius.com\/lt\/wp-json\/wp\/v2\/pages"}],"about":[{"href":"https:\/\/filmvilnius.com\/lt\/wp-json\/wp\/v2\/types\/page"}],"author":[{"embeddable":true,"href":"https:\/\/filmvilnius.com\/lt\/wp-json\/wp\/v2\/users\/7"}],"replies":[{"embeddable":true,"href":"https:\/\/filmvilnius.com\/lt\/wp-json\/wp\/v2\/comments?post=20318"}],"version-history":[{"count":7,"href":"https:\/\/filmvilnius.com\/lt\/wp-json\/wp\/v2\/pages\/20318\/revisions"}],"predecessor-version":[{"id":22224,"href":"https:\/\/filmvilnius.com\/lt\/wp-json\/wp\/v2\/pages\/20318\/revisions\/22224"}],"wp:attachment":[{"href":"https:\/\/filmvilnius.com\/lt\/wp-json\/wp\/v2\/media?parent=20318"}],"curies":[{"name":"wp","href":"https:\/\/api.w.org\/{rel}","templated":true}]}}