{"id":20352,"date":"2023-10-28T20:02:48","date_gmt":"2023-10-28T20:02:48","guid":{"rendered":"https:\/\/filmvilnius.com\/filming-code-of-conduct\/"},"modified":"2023-11-30T07:23:12","modified_gmt":"2023-11-30T07:23:12","slug":"filming-code-of-conduct","status":"publish","type":"page","link":"https:\/\/filmvilnius.com\/lt\/filming-code-of-conduct\/","title":{"rendered":"Filmavimo etikos kodeksas"},"content":{"rendered":"\t\t<div data-elementor-type=\"wp-page\" data-elementor-id=\"20352\" class=\"elementor elementor-20352 elementor-20006\" data-elementor-post-type=\"page\">\n\t\t\t\t<div class=\"elementor-element elementor-element-2de1d16 e-con-full e-flex e-con e-parent\" data-id=\"2de1d16\" data-element_type=\"container\" data-e-type=\"container\" data-settings=\"{&quot;background_background&quot;:&quot;classic&quot;}\">\n\t\t\t\t<\/div>\n\t\t<div class=\"elementor-element elementor-element-978fb03 e-flex e-con-boxed e-con e-parent\" data-id=\"978fb03\" data-element_type=\"container\" data-e-type=\"container\">\n\t\t\t\t\t<div class=\"e-con-inner\">\n\t\t\t\t<div class=\"elementor-element elementor-element-e8933fd elementor-widget elementor-widget-text-editor\" data-id=\"e8933fd\" data-element_type=\"widget\" data-e-type=\"widget\" data-widget_type=\"text-editor.default\">\n\t\t\t\t<div class=\"elementor-widget-container\">\n\t\t\t\t\t\t\t\t\t<div class=\"edgtf-container edgtf-default-page-template\"><div class=\"edgtf-container-inner clearfix\"><div class=\"edgtf-grid-row\"><div class=\"edgtf-page-content-holder edgtf-grid-col-12\"><div class=\"vc_row wpb_row vc_row-fluid\"><div class=\"wpb_column vc_column_container vc_col-sm-12\"><div class=\"vc_column-inner\"><div class=\"wpb_wrapper\"><div class=\"wpb_text_column wpb_content_element \"><div class=\"wpb_wrapper\"><p><strong>Film\u0173 gamybos industrija<\/strong><\/p><p>Stenkit\u0117s palaikyti gerus darbinius santykius su aplinkiniais gyventojais ir verslo bendruomene. Tokiu b\u016bdu ne tik j\u016bs\u0173 darbas bus lengvesnis, bet j\u016bs dar ir pad\u0117site sklandaus bendradarbiavimo pagrindus ateityje toje vietov\u0117je filmuosiantiems kino gamintojams. Pra\u0161ome laikytis \u017eemiau pateikt\u0173 Tarptautin\u0117s kino gamintoj\u0173 asociacijos (adaptavo \u0160iaur\u0117s Karolinos Kino biuras) rekomendacij\u0173:<\/p><p>Filmuojant gyvenviet\u0117je ar verslo rajone, visi gyventojai ir tenyk\u0161\u010diai verslininkai turi b\u016bti tinkamai informuoti apie atliekamus darbus (pvz. filmavimo transporto priemoni\u0173 parkavimas, filmavimo baz\u0117s ir maitinimo vieta ir pan.). Prane\u0161ime apie filmavimo darbus turi b\u016bti nurodyta \u0161i informacija:<\/p><p>\u00a0<\/p><ul><li>\u012emon\u0117s pavadinimas<\/li><li>Filmo projekto pavadinimas<\/li><li>Filmo \u017eanras<\/li><li>Filmavimo darb\u0173 trukm\u0117 (laikas, data, dien\u0173 skai\u010dius nuo paruo\u0161iam\u0173j\u0173 darb\u0173 prad\u017eios iki baigiam\u0173j\u0173 darb\u0173 pabaigos)<\/li><li>\u012emon\u0117s kontaktai (filmavimo aik\u0161teli\u0173 vadybininko ir\/ar kt.)<\/li><li>\u012e filmavimo aik\u0161tel\u0119 ar \u012f \u0161alia gyvenviet\u0117s esan\u010di\u0105 teritorij\u0105 atvykstan\u010dios transporto priemon\u0117s \u012f min\u0117t\u0105 zon\u0105 turi \u012fva\u017eiuoti ne anks\u010diau nei nurodyta i\u0161duotame leidime, tvarkingai prisiparkuoti ir i\u0161jungiant transporto priemon\u0117s varikl\u012f kaip galima grei\u010diau. Filmavimo grup\u0117s nariai filmavimo aik\u0161tel\u0117je gali seg\u0117ti atitinkam\u0105 pa\u017eym\u0117jim\u0105.<\/li><\/ul><p>\u00a0<\/p><p>Kai prie filmo projekto dirban\u010diam asmeniui i\u0161duodamas j\u012f identifikuojantis pa\u017eym\u0117jimas, \u0161is pa\u017eym\u0117jimas turi b\u016bti segimas bet kuriuo metu esant filmavimo aik\u0161tel\u0117je.<\/p><p>Neturint savivaldyb\u0117s, policijos ar savininko leidimo, patraukti ar nutempti priva\u010dias transporto priemones yra grie\u017etai draud\u017eiama.<\/p><p>Neturint savivaldyb\u0117s, policijos ar prava\u017eiavimo savininko leidimo, draud\u017eiama statyti filmavimams naudojamas transporto priemones min\u0117tuose prava\u017eiavimuose ar u\u017eblokuoti \u012fva\u017eiavim\u0105 \u012f\/i\u0161va\u017eiavim\u0105 i\u0161 j\u0173.<\/p><p>Aktori\u0173 ir filmavimo grup\u0117s maitinimo vieta turi b\u016bti grie\u017etai tik toje teritorijoje, kuri nustatyta i\u0161duodame leidime ar numatyta filmavimo aik\u0161teli\u0173 nuomos sutartyje. Asmenys turi valgyti nustatytoje teritorijoje ir nustatytomis maitinimo pertrauk\u0173 valandomis. Visos maisto atliekos turi b\u016bti tinkamai pa\u0161alintos i\u0161 teritorijos.<\/p><p>Pa\u0161alinti, pjauti ar kirsti augmenij\u0105 grie\u017etai draud\u017eiama i\u0161skyrus atvejus, kai atsakinga institucija ar savininkas tam i\u0161duoda leidim\u0105.<\/p><p>Panaudotos servet\u0117l\u0117s, l\u0117k\u0161t\u0117s, buteliai ar puodukai ir kiti daiktai, kurie naudojami darbo dienos metu, turi b\u016bti i\u0161mesti tik \u012f tam skirtas \u0161iuk\u0161li\u0173 d\u0117\u017ees\/talpyklas.<\/p><p>Bet kokie \u017eenklai, kurie filmavimo tikslais buvo pa\u0161alinti ar nukelti, pasibaigus filmavimo darbams toje filmavimo aik\u0161tel\u0117je, turi b\u016bti gr\u0105\u017einti ar pa\u0161alinti i\u0161skyrus atvejus, kai filmavimo aik\u0161tel\u0117s nuomos sutartyje numatyta kitaip. Taip pat nepamir\u0161kite nuimti \u012f filmavimo aik\u0161tel\u0119 nukreipian\u010di\u0173 \u017eenkl\u0173.<\/p><p>Visi filmavimo grup\u0117s nariai ir aktoriai turi stengtis laikytis nustatyt\u0173 triuk\u0161mo norm\u0173.<\/p><p>Filmavimo grup\u0117s nariai turi tinkamai rengtis neper\u017eengdami padorumo rib\u0173.<\/p><p>Ant transporto priemoni\u0173 negali b\u016bti joki\u0173 \u017eenkl\u0173 ar plakat\u0173, kurie prie\u0161tarauja bendram supratimui ir etikos normoms (t.y. pornografinio pob\u016bd\u017eio nuotraukos ir pan.).<\/p><p>Draud\u017eiama \u012feiti \u012f kitiems gyventojams ar verslininkams priklausan\u010di\u0105 teritorij\u0105. Laikykit\u0117s teritorini\u0173 rib\u0173, kurios nustatytos leidime ar filmavimo aik\u0161tel\u0117s nuomos sutartyje.<\/p><p>Aktoriams ir grup\u0117s nariams draud\u017eiama \u012f filmavimo teritorij\u0105 vestis sve\u010dius ar naminius gyv\u016bnus nebent kino gamybos \u012fmon\u0117 tok\u012f leidim\u0105 yra i\u0161davusi.<\/p><p>Filmavimo aik\u0161tel\u0117 turi b\u016bti sutvarkyta: maisto, dekoracij\u0173 statyb\u0173 atliekos bei asmenin\u0117s \u0161iuk\u0161l\u0117s turi b\u016bti tinkamai pa\u0161alintos.<\/p><p>R\u016bkyti leid\u017eiama tik tam skirtose vietose, visuomet u\u017egesinkite cigaretes ir meskite nuor\u016bkas \u012f specialiai tam skirtas vietas.<\/p><p>Aktoriai ir filmavimo grup\u0117s nariai turi vengti vie\u0161ai, kur gali gird\u0117ti pa\u0161aliniai \u017emon\u0117s, vartoti keiksma\u017eod\u017eius ir nepadori\u0105 kalb\u0105.<\/p><p>Kino gamybos \u012fmon\u0117 visuomet privalo laikytis i\u0161duoto leidimo nuostat\u0173.<\/p><\/div><\/div><\/div><\/div><\/div><\/div><\/div><\/div><\/div><\/div>\t\t\t\t\t\t\t\t<\/div>\n\t\t\t\t<\/div>\n\t\t\t\t\t<\/div>\n\t\t\t\t<\/div>\n\t\t\t\t<\/div>\n\t\t","protected":false},"excerpt":{"rendered":"<p>Film\u0173 gamybos industrija Stenkit\u0117s palaikyti gerus darbinius santykius su aplinkiniais gyventojais ir verslo bendruomene. Tokiu b\u016bdu ne tik j\u016bs\u0173 darbas bus lengvesnis, bet j\u016bs dar ir pad\u0117site sklandaus bendradarbiavimo pagrindus ateityje toje vietov\u0117je filmuosiantiems kino gamintojams. Pra\u0161ome laikytis \u017eemiau pateikt\u0173 Tarptautin\u0117s kino gamintoj\u0173 asociacijos (adaptavo \u0160iaur\u0117s Karolinos Kino biuras) rekomendacij\u0173: Filmuojant gyvenviet\u0117je ar verslo rajone, [&hellip;]<\/p>\n","protected":false},"author":7,"featured_media":0,"parent":0,"menu_order":0,"comment_status":"closed","ping_status":"closed","template":"","meta":{"_acf_changed":false,"_monsterinsights_skip_tracking":false,"_monsterinsights_sitenote_active":false,"_monsterinsights_sitenote_note":"","_monsterinsights_sitenote_category":0,"footnotes":""},"class_list":["post-20352","page","type-page","status-publish","hentry"],"acf":[],"yoast_head":"<!-- This site is optimized with the Yoast SEO plugin v27.4 - https:\/\/yoast.com\/product\/yoast-seo-wordpress\/ -->\n<title>Filmavimo etikos kodeksas - Vilnius film office<\/title>\n<meta name=\"robots\" content=\"index, follow, max-snippet:-1, max-image-preview:large, max-video-preview:-1\" \/>\n<link rel=\"canonical\" href=\"https:\/\/filmvilnius.com\/lt\/filming-code-of-conduct\/\" \/>\n<meta property=\"og:locale\" content=\"lt_LT\" \/>\n<meta property=\"og:type\" content=\"article\" \/>\n<meta property=\"og:title\" content=\"Filmavimo etikos kodeksas - Vilnius film office\" \/>\n<meta property=\"og:description\" content=\"Film\u0173 gamybos industrija Stenkit\u0117s palaikyti gerus darbinius santykius su aplinkiniais gyventojais ir verslo bendruomene. Tokiu b\u016bdu ne tik j\u016bs\u0173 darbas bus lengvesnis, bet j\u016bs dar ir pad\u0117site sklandaus bendradarbiavimo pagrindus ateityje toje vietov\u0117je filmuosiantiems kino gamintojams. Pra\u0161ome laikytis \u017eemiau pateikt\u0173 Tarptautin\u0117s kino gamintoj\u0173 asociacijos (adaptavo \u0160iaur\u0117s Karolinos Kino biuras) rekomendacij\u0173: Filmuojant gyvenviet\u0117je ar verslo rajone, [&hellip;]\" \/>\n<meta property=\"og:url\" content=\"https:\/\/filmvilnius.com\/lt\/filming-code-of-conduct\/\" \/>\n<meta property=\"og:site_name\" content=\"Vilnius film office\" \/>\n<meta property=\"article:publisher\" content=\"https:\/\/www.facebook.com\/filmvilnius\" \/>\n<meta property=\"article:modified_time\" content=\"2023-11-30T07:23:12+00:00\" \/>\n<meta name=\"twitter:card\" content=\"summary_large_image\" \/>\n<meta name=\"twitter:site\" content=\"@FilmVilnius\" \/>\n<meta name=\"twitter:label1\" content=\"Est. reading time\" \/>\n\t<meta name=\"twitter:data1\" content=\"3 minut\u0117s\" \/>\n<script type=\"application\/ld+json\" class=\"yoast-schema-graph\">{\"@context\":\"https:\\\/\\\/schema.org\",\"@graph\":[{\"@type\":\"WebPage\",\"@id\":\"https:\\\/\\\/filmvilnius.com\\\/lt\\\/filming-code-of-conduct\\\/\",\"url\":\"https:\\\/\\\/filmvilnius.com\\\/lt\\\/filming-code-of-conduct\\\/\",\"name\":\"Filmavimo etikos kodeksas - Vilnius film office\",\"isPartOf\":{\"@id\":\"https:\\\/\\\/filmvilnius.com\\\/#website\"},\"datePublished\":\"2023-10-28T20:02:48+00:00\",\"dateModified\":\"2023-11-30T07:23:12+00:00\",\"breadcrumb\":{\"@id\":\"https:\\\/\\\/filmvilnius.com\\\/lt\\\/filming-code-of-conduct\\\/#breadcrumb\"},\"inLanguage\":\"lt-LT\",\"potentialAction\":[{\"@type\":\"ReadAction\",\"target\":[\"https:\\\/\\\/filmvilnius.com\\\/lt\\\/filming-code-of-conduct\\\/\"]}]},{\"@type\":\"BreadcrumbList\",\"@id\":\"https:\\\/\\\/filmvilnius.com\\\/lt\\\/filming-code-of-conduct\\\/#breadcrumb\",\"itemListElement\":[{\"@type\":\"ListItem\",\"position\":1,\"name\":\"Home\",\"item\":\"https:\\\/\\\/filmvilnius.com\\\/lt\\\/\"},{\"@type\":\"ListItem\",\"position\":2,\"name\":\"Filmavimo etikos kodeksas\"}]},{\"@type\":\"WebSite\",\"@id\":\"https:\\\/\\\/filmvilnius.com\\\/#website\",\"url\":\"https:\\\/\\\/filmvilnius.com\\\/\",\"name\":\"Vilnius film office\",\"description\":\"\",\"publisher\":{\"@id\":\"https:\\\/\\\/filmvilnius.com\\\/#organization\"},\"potentialAction\":[{\"@type\":\"SearchAction\",\"target\":{\"@type\":\"EntryPoint\",\"urlTemplate\":\"https:\\\/\\\/filmvilnius.com\\\/?s={search_term_string}\"},\"query-input\":{\"@type\":\"PropertyValueSpecification\",\"valueRequired\":true,\"valueName\":\"search_term_string\"}}],\"inLanguage\":\"lt-LT\"},{\"@type\":\"Organization\",\"@id\":\"https:\\\/\\\/filmvilnius.com\\\/#organization\",\"name\":\"Vilniaus kino biuras\",\"url\":\"https:\\\/\\\/filmvilnius.com\\\/\",\"logo\":{\"@type\":\"ImageObject\",\"inLanguage\":\"lt-LT\",\"@id\":\"https:\\\/\\\/filmvilnius.com\\\/#\\\/schema\\\/logo\\\/image\\\/\",\"url\":\"https:\\\/\\\/filmvilnius.com\\\/wp-content\\\/uploads\\\/2022\\\/12\\\/VKB-Logo-2022-EN-2-V.jpg\",\"contentUrl\":\"https:\\\/\\\/filmvilnius.com\\\/wp-content\\\/uploads\\\/2022\\\/12\\\/VKB-Logo-2022-EN-2-V.jpg\",\"width\":1419,\"height\":1418,\"caption\":\"Vilniaus kino biuras\"},\"image\":{\"@id\":\"https:\\\/\\\/filmvilnius.com\\\/#\\\/schema\\\/logo\\\/image\\\/\"},\"sameAs\":[\"https:\\\/\\\/www.facebook.com\\\/filmvilnius\",\"https:\\\/\\\/x.com\\\/FilmVilnius\",\"https:\\\/\\\/www.instagram.com\\\/filmvilnius\\\/\"]}]}<\/script>\n<!-- \/ Yoast SEO plugin. -->","yoast_head_json":{"title":"Filmavimo etikos kodeksas - Vilnius film office","robots":{"index":"index","follow":"follow","max-snippet":"max-snippet:-1","max-image-preview":"max-image-preview:large","max-video-preview":"max-video-preview:-1"},"canonical":"https:\/\/filmvilnius.com\/lt\/filming-code-of-conduct\/","og_locale":"lt_LT","og_type":"article","og_title":"Filmavimo etikos kodeksas - Vilnius film office","og_description":"Film\u0173 gamybos industrija Stenkit\u0117s palaikyti gerus darbinius santykius su aplinkiniais gyventojais ir verslo bendruomene. Tokiu b\u016bdu ne tik j\u016bs\u0173 darbas bus lengvesnis, bet j\u016bs dar ir pad\u0117site sklandaus bendradarbiavimo pagrindus ateityje toje vietov\u0117je filmuosiantiems kino gamintojams. Pra\u0161ome laikytis \u017eemiau pateikt\u0173 Tarptautin\u0117s kino gamintoj\u0173 asociacijos (adaptavo \u0160iaur\u0117s Karolinos Kino biuras) rekomendacij\u0173: Filmuojant gyvenviet\u0117je ar verslo rajone, [&hellip;]","og_url":"https:\/\/filmvilnius.com\/lt\/filming-code-of-conduct\/","og_site_name":"Vilnius film office","article_publisher":"https:\/\/www.facebook.com\/filmvilnius","article_modified_time":"2023-11-30T07:23:12+00:00","twitter_card":"summary_large_image","twitter_site":"@FilmVilnius","twitter_misc":{"Est. reading time":"3 minut\u0117s"},"schema":{"@context":"https:\/\/schema.org","@graph":[{"@type":"WebPage","@id":"https:\/\/filmvilnius.com\/lt\/filming-code-of-conduct\/","url":"https:\/\/filmvilnius.com\/lt\/filming-code-of-conduct\/","name":"Filmavimo etikos kodeksas - Vilnius film office","isPartOf":{"@id":"https:\/\/filmvilnius.com\/#website"},"datePublished":"2023-10-28T20:02:48+00:00","dateModified":"2023-11-30T07:23:12+00:00","breadcrumb":{"@id":"https:\/\/filmvilnius.com\/lt\/filming-code-of-conduct\/#breadcrumb"},"inLanguage":"lt-LT","potentialAction":[{"@type":"ReadAction","target":["https:\/\/filmvilnius.com\/lt\/filming-code-of-conduct\/"]}]},{"@type":"BreadcrumbList","@id":"https:\/\/filmvilnius.com\/lt\/filming-code-of-conduct\/#breadcrumb","itemListElement":[{"@type":"ListItem","position":1,"name":"Home","item":"https:\/\/filmvilnius.com\/lt\/"},{"@type":"ListItem","position":2,"name":"Filmavimo etikos kodeksas"}]},{"@type":"WebSite","@id":"https:\/\/filmvilnius.com\/#website","url":"https:\/\/filmvilnius.com\/","name":"Vilnius film office","description":"","publisher":{"@id":"https:\/\/filmvilnius.com\/#organization"},"potentialAction":[{"@type":"SearchAction","target":{"@type":"EntryPoint","urlTemplate":"https:\/\/filmvilnius.com\/?s={search_term_string}"},"query-input":{"@type":"PropertyValueSpecification","valueRequired":true,"valueName":"search_term_string"}}],"inLanguage":"lt-LT"},{"@type":"Organization","@id":"https:\/\/filmvilnius.com\/#organization","name":"Vilniaus kino biuras","url":"https:\/\/filmvilnius.com\/","logo":{"@type":"ImageObject","inLanguage":"lt-LT","@id":"https:\/\/filmvilnius.com\/#\/schema\/logo\/image\/","url":"https:\/\/filmvilnius.com\/wp-content\/uploads\/2022\/12\/VKB-Logo-2022-EN-2-V.jpg","contentUrl":"https:\/\/filmvilnius.com\/wp-content\/uploads\/2022\/12\/VKB-Logo-2022-EN-2-V.jpg","width":1419,"height":1418,"caption":"Vilniaus kino biuras"},"image":{"@id":"https:\/\/filmvilnius.com\/#\/schema\/logo\/image\/"},"sameAs":["https:\/\/www.facebook.com\/filmvilnius","https:\/\/x.com\/FilmVilnius","https:\/\/www.instagram.com\/filmvilnius\/"]}]}},"_links":{"self":[{"href":"https:\/\/filmvilnius.com\/lt\/wp-json\/wp\/v2\/pages\/20352","targetHints":{"allow":["GET"]}}],"collection":[{"href":"https:\/\/filmvilnius.com\/lt\/wp-json\/wp\/v2\/pages"}],"about":[{"href":"https:\/\/filmvilnius.com\/lt\/wp-json\/wp\/v2\/types\/page"}],"author":[{"embeddable":true,"href":"https:\/\/filmvilnius.com\/lt\/wp-json\/wp\/v2\/users\/7"}],"replies":[{"embeddable":true,"href":"https:\/\/filmvilnius.com\/lt\/wp-json\/wp\/v2\/comments?post=20352"}],"version-history":[{"count":16,"href":"https:\/\/filmvilnius.com\/lt\/wp-json\/wp\/v2\/pages\/20352\/revisions"}],"predecessor-version":[{"id":22077,"href":"https:\/\/filmvilnius.com\/lt\/wp-json\/wp\/v2\/pages\/20352\/revisions\/22077"}],"wp:attachment":[{"href":"https:\/\/filmvilnius.com\/lt\/wp-json\/wp\/v2\/media?parent=20352"}],"curies":[{"name":"wp","href":"https:\/\/api.w.org\/{rel}","templated":true}]}}