{"id":20358,"date":"2023-10-28T20:06:21","date_gmt":"2023-10-28T20:06:21","guid":{"rendered":"https:\/\/filmvilnius.com\/film-education\/"},"modified":"2023-11-30T07:37:39","modified_gmt":"2023-11-30T07:37:39","slug":"film-education","status":"publish","type":"page","link":"https:\/\/filmvilnius.com\/lt\/film-education\/","title":{"rendered":"Kino edukacija"},"content":{"rendered":"\t\t<div data-elementor-type=\"wp-page\" data-elementor-id=\"20358\" class=\"elementor elementor-20358 elementor-20012\" data-elementor-post-type=\"page\">\n\t\t\t\t<div class=\"elementor-element elementor-element-fdd0c92 e-con-full e-flex e-con e-parent\" data-id=\"fdd0c92\" data-element_type=\"container\" data-e-type=\"container\" data-settings=\"{&quot;background_background&quot;:&quot;classic&quot;}\">\n\t\t\t\t<\/div>\n\t\t<div class=\"elementor-element elementor-element-11d497a e-flex e-con-boxed e-con e-parent\" data-id=\"11d497a\" data-element_type=\"container\" data-e-type=\"container\">\n\t\t\t\t\t<div class=\"e-con-inner\">\n\t\t\t\t<div class=\"elementor-element elementor-element-ea86732 elementor-widget elementor-widget-text-editor\" data-id=\"ea86732\" data-element_type=\"widget\" data-e-type=\"widget\" data-widget_type=\"text-editor.default\">\n\t\t\t\t<div class=\"elementor-widget-container\">\n\t\t\t\t\t\t\t\t\t<div class=\"edgtf-container edgtf-default-page-template\"><div class=\"edgtf-container-inner clearfix\"><div class=\"edgtf-grid-row\"><div class=\"edgtf-page-content-holder edgtf-grid-col-12\"><div class=\"vc_row wpb_row vc_row-fluid\"><div class=\"wpb_column vc_column_container vc_col-sm-12\"><div class=\"vc_column-inner\"><div class=\"wpb_wrapper\"><div class=\"wpb_text_column wpb_content_element \"><div class=\"wpb_wrapper\"><p><span style=\"color: #000000;\">Vilniaus kino biuras 2020 metais pasira\u0161\u0117 bendradarbiavimo sutart\u012f su Kazimiero Simonavi\u010diaus universitetu (KSU) bendradarbiaujant d\u0117l universiteto veikl\u0173 kino edukacijos srityje. Lietuvoje esant dideliam specialist\u0173 tr\u016bkumui ir poreikiui, KSU, Nepriklausom\u0173 prodiuseri\u0173 asociacija, Lietuvos reklamos prodiuseri\u0173 asociacija, Vilniaus kino klasteris, Kino studija, Kauno kino biuras ir Vilniaus kino biuras prad\u0117jo organziuoti ir vykdyti kino industrijos edukacijos kursus. Mokymuose numatyti \u0161ie kursai:<\/span><\/p><p>\u00a0<\/p><ul><li><span style=\"color: #000000;\"><a style=\"color: #000000;\" title=\"Kursai: Filmavimo aik\u0161tel\u0117s lokacij\u0173 vadybininkas\" href=\"https:\/\/ksu.lt\/padaliniai\/kompetenciju-raidos-centras\/lokaciju-vadybininko-kursai-2\/\">Filmavimo aik\u0161tel\u0117s lokacij\u0173 vadybininkas. (48 val.)<\/a><\/span><\/li><li><span style=\"color: #000000;\"><a style=\"color: #000000;\" title=\"Kursai: Scenarijaus vadovas (Script supervisor)\" href=\"https:\/\/ksu.lt\/padaliniai\/kompetenciju-raidos-centras\/scenarijaus-vadovas-script-supervisor\/\">Scenarijaus vadovas\u00a0<em>(Script supervisor)\u00a0<\/em>(16 val. )<\/a><\/span><\/li><li data-offset-key=\"8jr9l-0-0\"><span style=\"color: #000000;\"><a style=\"color: #000000;\" title=\"Kursai: Filmavimo aik\u0161tel\u0117s asistentas\" href=\"https:\/\/ksu.lt\/padaliniai\/kompetenciju-raidos-centras\/filmavimo-aiksteles-asistentas\/\">Filmavimo aik\u0161tel\u0117s asistentas (16 val. + 50 val. praktika).<\/a><\/span><\/li><li data-offset-key=\"8jr9l-0-0\"><span style=\"color: #000000;\"><a style=\"color: #000000;\" title=\"Kursai: Kino\/TV grimo kursai (Film\/TV makeup course)\" href=\"https:\/\/ksu.lt\/padaliniai\/kompetenciju-raidos-centras\/kino-tv-grimo-kursai\/\">Kino\/TV grimo kursai (24 val.).<\/a><\/span><\/li><li data-offset-key=\"8jr9l-0-0\"><span style=\"color: #000000;\"><a style=\"color: #000000;\" title=\"Seminaras: TV ir kino vaidybos specifika, skirtumai, tarptautin\u0117 praktika ir ypatumai.\" href=\"https:\/\/ksu.lt\/padaliniai\/kompetenciju-raidos-centras\/tv-ir-kino-vaidybos-specifika-skirtumai-tarptautine-praktika-ir-ypatumai\/\">TV ir kino vaidybos specifika, skirtumai, tarptautin\u0117 praktika ir ypatumai. (4 val.).<\/a><\/span><\/li><\/ul><p>\u00a0<\/p><p><span style=\"color: #000000;\">Vilniaus kino biuras tapo kurs\u0173 bendraorganizatoriumi ir taip prisideda prie kino specialist\u0173 edukacijos didinimo ir bendros kino industrijos aplinkos gerinimo Vilniuje.<\/span><\/p><\/div><\/div><\/div><\/div><\/div><\/div><\/div><\/div><\/div><\/div>\t\t\t\t\t\t\t\t<\/div>\n\t\t\t\t<\/div>\n\t\t\t\t\t<\/div>\n\t\t\t\t<\/div>\n\t\t\t\t<\/div>\n\t\t","protected":false},"excerpt":{"rendered":"<p>Vilniaus kino biuras 2020 metais pasira\u0161\u0117 bendradarbiavimo sutart\u012f su Kazimiero Simonavi\u010diaus universitetu (KSU) bendradarbiaujant d\u0117l universiteto veikl\u0173 kino edukacijos srityje. Lietuvoje esant dideliam specialist\u0173 tr\u016bkumui ir poreikiui, KSU, Nepriklausom\u0173 prodiuseri\u0173 asociacija, Lietuvos reklamos prodiuseri\u0173 asociacija, Vilniaus kino klasteris, Kino studija, Kauno kino biuras ir Vilniaus kino biuras prad\u0117jo organziuoti ir vykdyti kino industrijos edukacijos kursus. [&hellip;]<\/p>\n","protected":false},"author":7,"featured_media":0,"parent":0,"menu_order":0,"comment_status":"closed","ping_status":"closed","template":"","meta":{"_acf_changed":false,"_monsterinsights_skip_tracking":false,"_monsterinsights_sitenote_active":false,"_monsterinsights_sitenote_note":"","_monsterinsights_sitenote_category":0,"footnotes":""},"class_list":["post-20358","page","type-page","status-publish","hentry"],"acf":[],"yoast_head":"<!-- This site is optimized with the Yoast SEO plugin v27.4 - https:\/\/yoast.com\/product\/yoast-seo-wordpress\/ -->\n<title>Kino edukacija - Vilnius film office<\/title>\n<meta name=\"robots\" content=\"index, follow, max-snippet:-1, max-image-preview:large, max-video-preview:-1\" \/>\n<link rel=\"canonical\" href=\"https:\/\/filmvilnius.com\/lt\/film-education\/\" \/>\n<meta property=\"og:locale\" content=\"lt_LT\" \/>\n<meta property=\"og:type\" content=\"article\" \/>\n<meta property=\"og:title\" content=\"Kino edukacija - Vilnius film office\" \/>\n<meta property=\"og:description\" content=\"Vilniaus kino biuras 2020 metais pasira\u0161\u0117 bendradarbiavimo sutart\u012f su Kazimiero Simonavi\u010diaus universitetu (KSU) bendradarbiaujant d\u0117l universiteto veikl\u0173 kino edukacijos srityje. Lietuvoje esant dideliam specialist\u0173 tr\u016bkumui ir poreikiui, KSU, Nepriklausom\u0173 prodiuseri\u0173 asociacija, Lietuvos reklamos prodiuseri\u0173 asociacija, Vilniaus kino klasteris, Kino studija, Kauno kino biuras ir Vilniaus kino biuras prad\u0117jo organziuoti ir vykdyti kino industrijos edukacijos kursus. [&hellip;]\" \/>\n<meta property=\"og:url\" content=\"https:\/\/filmvilnius.com\/lt\/film-education\/\" \/>\n<meta property=\"og:site_name\" content=\"Vilnius film office\" \/>\n<meta property=\"article:publisher\" content=\"https:\/\/www.facebook.com\/filmvilnius\" \/>\n<meta property=\"article:modified_time\" content=\"2023-11-30T07:37:39+00:00\" \/>\n<meta name=\"twitter:card\" content=\"summary_large_image\" \/>\n<meta name=\"twitter:site\" content=\"@FilmVilnius\" \/>\n<meta name=\"twitter:label1\" content=\"Est. reading time\" \/>\n\t<meta name=\"twitter:data1\" content=\"1 minut\u0117\" \/>\n<script type=\"application\/ld+json\" class=\"yoast-schema-graph\">{\"@context\":\"https:\\\/\\\/schema.org\",\"@graph\":[{\"@type\":\"WebPage\",\"@id\":\"https:\\\/\\\/filmvilnius.com\\\/lt\\\/film-education\\\/\",\"url\":\"https:\\\/\\\/filmvilnius.com\\\/lt\\\/film-education\\\/\",\"name\":\"Kino edukacija - Vilnius film office\",\"isPartOf\":{\"@id\":\"https:\\\/\\\/filmvilnius.com\\\/#website\"},\"datePublished\":\"2023-10-28T20:06:21+00:00\",\"dateModified\":\"2023-11-30T07:37:39+00:00\",\"breadcrumb\":{\"@id\":\"https:\\\/\\\/filmvilnius.com\\\/lt\\\/film-education\\\/#breadcrumb\"},\"inLanguage\":\"lt-LT\",\"potentialAction\":[{\"@type\":\"ReadAction\",\"target\":[\"https:\\\/\\\/filmvilnius.com\\\/lt\\\/film-education\\\/\"]}]},{\"@type\":\"BreadcrumbList\",\"@id\":\"https:\\\/\\\/filmvilnius.com\\\/lt\\\/film-education\\\/#breadcrumb\",\"itemListElement\":[{\"@type\":\"ListItem\",\"position\":1,\"name\":\"Home\",\"item\":\"https:\\\/\\\/filmvilnius.com\\\/lt\\\/\"},{\"@type\":\"ListItem\",\"position\":2,\"name\":\"Kino edukacija\"}]},{\"@type\":\"WebSite\",\"@id\":\"https:\\\/\\\/filmvilnius.com\\\/#website\",\"url\":\"https:\\\/\\\/filmvilnius.com\\\/\",\"name\":\"Vilnius film office\",\"description\":\"\",\"publisher\":{\"@id\":\"https:\\\/\\\/filmvilnius.com\\\/#organization\"},\"potentialAction\":[{\"@type\":\"SearchAction\",\"target\":{\"@type\":\"EntryPoint\",\"urlTemplate\":\"https:\\\/\\\/filmvilnius.com\\\/?s={search_term_string}\"},\"query-input\":{\"@type\":\"PropertyValueSpecification\",\"valueRequired\":true,\"valueName\":\"search_term_string\"}}],\"inLanguage\":\"lt-LT\"},{\"@type\":\"Organization\",\"@id\":\"https:\\\/\\\/filmvilnius.com\\\/#organization\",\"name\":\"Vilniaus kino biuras\",\"url\":\"https:\\\/\\\/filmvilnius.com\\\/\",\"logo\":{\"@type\":\"ImageObject\",\"inLanguage\":\"lt-LT\",\"@id\":\"https:\\\/\\\/filmvilnius.com\\\/#\\\/schema\\\/logo\\\/image\\\/\",\"url\":\"https:\\\/\\\/filmvilnius.com\\\/wp-content\\\/uploads\\\/2022\\\/12\\\/VKB-Logo-2022-EN-2-V.jpg\",\"contentUrl\":\"https:\\\/\\\/filmvilnius.com\\\/wp-content\\\/uploads\\\/2022\\\/12\\\/VKB-Logo-2022-EN-2-V.jpg\",\"width\":1419,\"height\":1418,\"caption\":\"Vilniaus kino biuras\"},\"image\":{\"@id\":\"https:\\\/\\\/filmvilnius.com\\\/#\\\/schema\\\/logo\\\/image\\\/\"},\"sameAs\":[\"https:\\\/\\\/www.facebook.com\\\/filmvilnius\",\"https:\\\/\\\/x.com\\\/FilmVilnius\",\"https:\\\/\\\/www.instagram.com\\\/filmvilnius\\\/\"]}]}<\/script>\n<!-- \/ Yoast SEO plugin. -->","yoast_head_json":{"title":"Kino edukacija - Vilnius film office","robots":{"index":"index","follow":"follow","max-snippet":"max-snippet:-1","max-image-preview":"max-image-preview:large","max-video-preview":"max-video-preview:-1"},"canonical":"https:\/\/filmvilnius.com\/lt\/film-education\/","og_locale":"lt_LT","og_type":"article","og_title":"Kino edukacija - Vilnius film office","og_description":"Vilniaus kino biuras 2020 metais pasira\u0161\u0117 bendradarbiavimo sutart\u012f su Kazimiero Simonavi\u010diaus universitetu (KSU) bendradarbiaujant d\u0117l universiteto veikl\u0173 kino edukacijos srityje. Lietuvoje esant dideliam specialist\u0173 tr\u016bkumui ir poreikiui, KSU, Nepriklausom\u0173 prodiuseri\u0173 asociacija, Lietuvos reklamos prodiuseri\u0173 asociacija, Vilniaus kino klasteris, Kino studija, Kauno kino biuras ir Vilniaus kino biuras prad\u0117jo organziuoti ir vykdyti kino industrijos edukacijos kursus. [&hellip;]","og_url":"https:\/\/filmvilnius.com\/lt\/film-education\/","og_site_name":"Vilnius film office","article_publisher":"https:\/\/www.facebook.com\/filmvilnius","article_modified_time":"2023-11-30T07:37:39+00:00","twitter_card":"summary_large_image","twitter_site":"@FilmVilnius","twitter_misc":{"Est. reading time":"1 minut\u0117"},"schema":{"@context":"https:\/\/schema.org","@graph":[{"@type":"WebPage","@id":"https:\/\/filmvilnius.com\/lt\/film-education\/","url":"https:\/\/filmvilnius.com\/lt\/film-education\/","name":"Kino edukacija - Vilnius film office","isPartOf":{"@id":"https:\/\/filmvilnius.com\/#website"},"datePublished":"2023-10-28T20:06:21+00:00","dateModified":"2023-11-30T07:37:39+00:00","breadcrumb":{"@id":"https:\/\/filmvilnius.com\/lt\/film-education\/#breadcrumb"},"inLanguage":"lt-LT","potentialAction":[{"@type":"ReadAction","target":["https:\/\/filmvilnius.com\/lt\/film-education\/"]}]},{"@type":"BreadcrumbList","@id":"https:\/\/filmvilnius.com\/lt\/film-education\/#breadcrumb","itemListElement":[{"@type":"ListItem","position":1,"name":"Home","item":"https:\/\/filmvilnius.com\/lt\/"},{"@type":"ListItem","position":2,"name":"Kino edukacija"}]},{"@type":"WebSite","@id":"https:\/\/filmvilnius.com\/#website","url":"https:\/\/filmvilnius.com\/","name":"Vilnius film office","description":"","publisher":{"@id":"https:\/\/filmvilnius.com\/#organization"},"potentialAction":[{"@type":"SearchAction","target":{"@type":"EntryPoint","urlTemplate":"https:\/\/filmvilnius.com\/?s={search_term_string}"},"query-input":{"@type":"PropertyValueSpecification","valueRequired":true,"valueName":"search_term_string"}}],"inLanguage":"lt-LT"},{"@type":"Organization","@id":"https:\/\/filmvilnius.com\/#organization","name":"Vilniaus kino biuras","url":"https:\/\/filmvilnius.com\/","logo":{"@type":"ImageObject","inLanguage":"lt-LT","@id":"https:\/\/filmvilnius.com\/#\/schema\/logo\/image\/","url":"https:\/\/filmvilnius.com\/wp-content\/uploads\/2022\/12\/VKB-Logo-2022-EN-2-V.jpg","contentUrl":"https:\/\/filmvilnius.com\/wp-content\/uploads\/2022\/12\/VKB-Logo-2022-EN-2-V.jpg","width":1419,"height":1418,"caption":"Vilniaus kino biuras"},"image":{"@id":"https:\/\/filmvilnius.com\/#\/schema\/logo\/image\/"},"sameAs":["https:\/\/www.facebook.com\/filmvilnius","https:\/\/x.com\/FilmVilnius","https:\/\/www.instagram.com\/filmvilnius\/"]}]}},"_links":{"self":[{"href":"https:\/\/filmvilnius.com\/lt\/wp-json\/wp\/v2\/pages\/20358","targetHints":{"allow":["GET"]}}],"collection":[{"href":"https:\/\/filmvilnius.com\/lt\/wp-json\/wp\/v2\/pages"}],"about":[{"href":"https:\/\/filmvilnius.com\/lt\/wp-json\/wp\/v2\/types\/page"}],"author":[{"embeddable":true,"href":"https:\/\/filmvilnius.com\/lt\/wp-json\/wp\/v2\/users\/7"}],"replies":[{"embeddable":true,"href":"https:\/\/filmvilnius.com\/lt\/wp-json\/wp\/v2\/comments?post=20358"}],"version-history":[{"count":7,"href":"https:\/\/filmvilnius.com\/lt\/wp-json\/wp\/v2\/pages\/20358\/revisions"}],"predecessor-version":[{"id":22089,"href":"https:\/\/filmvilnius.com\/lt\/wp-json\/wp\/v2\/pages\/20358\/revisions\/22089"}],"wp:attachment":[{"href":"https:\/\/filmvilnius.com\/lt\/wp-json\/wp\/v2\/media?parent=20358"}],"curies":[{"name":"wp","href":"https:\/\/api.w.org\/{rel}","templated":true}]}}