{"id":26464,"date":"2024-12-13T07:52:16","date_gmt":"2024-12-13T07:52:16","guid":{"rendered":"https:\/\/filmvilnius.com\/?page_id=26464"},"modified":"2024-12-13T08:14:55","modified_gmt":"2024-12-13T08:14:55","slug":"2024-ieji-ekrane-populiariausios-metu-filmavimo-lokacijos","status":"publish","type":"page","link":"https:\/\/filmvilnius.com\/lt\/2024-ieji-ekrane-populiariausios-metu-filmavimo-lokacijos\/","title":{"rendered":""},"content":{"rendered":"\n<p class=\"has-text-align-center has-x-large-font-size\"><strong>2024 on Screen: Top Shooting Locations in Vilnius<\/strong><\/p>\n\n\n\n<p class=\"has-medium-font-size\">Stockholm, London, Berlin, and Vienna are just a few examples of the cities Vilnius has played on screen this year. As 2024 comes to an end, we invite you to revisit the most outstanding shooting locations in Vilnius and discover which corners of this beautiful city are about to captivate international cinema-goers.&nbsp;<\/p>\n\n\n\n<p class=\"has-large-font-size\"><strong>US Filmmakers Choose St. Kazimieras Street for a Motion Picture Based on a True Story<\/strong><\/p>\n\n\n\n<p class=\"has-medium-font-size\">Start your cinematic journey on St. Kazimieras Street, a favorite among both tourists and filmmakers. With its cinematic charm, it\u2019s no surprise this small street has become a beloved location.<\/p>\n\n\n\n<p class=\"has-medium-font-size\">In spring 2024, the US company <em>Kaleidoscope Pictures<\/em> returned to Lithuania for the third time to film <em>Truth and Conviction<\/em>, a series based on a true story. The series\u2019 director first visited Vilnius eight years ago and was captivated by the city\u2019s Old Town. This year, the team shot key scenes at a building located at the corner of St. Kazimieras Street and Did\u017eioji Street. This former Tallat-Kelp\u0161a Observatory was transformed into an authentic replica of a 1940s Hamburg apartment, complete with restored interiors and furnished bedrooms.<\/p>\n\n\n\n<p class=\"has-medium-font-size\">The upcoming series takes viewers to Hamburg, Germany, in 1941, where a young member of the Hitler Youth secretly listens to banned BBC radio broadcasts condemning the Nazi war machine. Inspired by these broadcasts, Helmut H\u00fcbener becomes convinced that Hitler is not the savior of the nation but rather a deceiver. When his Jewish friend Solomon is sent to a concentration camp, Helmut finally decides to act.<\/p>\n\n\n\n<p class=\"has-medium-font-size\">\u201cHamburg used to be nicknamed the Venice of Germany because of its many canals and unique architecture,\u201d recalls John Foss, the series\u2019 director. \u201cIn Vilnius, we found buildings that seemed frozen in time yet well-maintained. The cobblestone streets of Vilnius\u2019 Old Town perfectly evoked the mood we needed. We could easily imagine our protagonist sneaking through these streets at night, dropping leaflets into mailboxes. Vilnius offered us both public buildings for Hamburg\u2019s cityscape and intimate settings for the characters\u2019 homes.\u201d<\/p>\n\n\n\n<figure class=\"wp-block-image\"><img fetchpriority=\"high\" decoding=\"async\" width=\"1024\" height=\"682\" src=\"https:\/\/filmvilnius.com\/wp-content\/uploads\/2024\/12\/Truth-and-Conviction-Lukas-Salna-4-1024x682.jpg\" alt=\"\" class=\"wp-image-26442\" srcset=\"https:\/\/filmvilnius.com\/wp-content\/uploads\/2024\/12\/Truth-and-Conviction-Lukas-Salna-4-1024x682.jpg 1024w, https:\/\/filmvilnius.com\/wp-content\/uploads\/2024\/12\/Truth-and-Conviction-Lukas-Salna-4-300x200.jpg 300w, https:\/\/filmvilnius.com\/wp-content\/uploads\/2024\/12\/Truth-and-Conviction-Lukas-Salna-4-768x512.jpg 768w, https:\/\/filmvilnius.com\/wp-content\/uploads\/2024\/12\/Truth-and-Conviction-Lukas-Salna-4.jpg 1280w\" sizes=\"(max-width: 1024px) 100vw, 1024px\" \/><figcaption class=\"wp-element-caption\">Filming &#8222;Truth and Conviction&#8221;<\/figcaption><\/figure>\n\n\n\n<figure class=\"wp-block-image\"><img decoding=\"async\" width=\"1024\" height=\"682\" src=\"https:\/\/filmvilnius.com\/wp-content\/uploads\/2024\/12\/Truth-and-Conviction-Lukas-Salna-1024x682.jpg\" alt=\"\" class=\"wp-image-26444\" srcset=\"https:\/\/filmvilnius.com\/wp-content\/uploads\/2024\/12\/Truth-and-Conviction-Lukas-Salna-1024x682.jpg 1024w, https:\/\/filmvilnius.com\/wp-content\/uploads\/2024\/12\/Truth-and-Conviction-Lukas-Salna-300x200.jpg 300w, https:\/\/filmvilnius.com\/wp-content\/uploads\/2024\/12\/Truth-and-Conviction-Lukas-Salna-768x512.jpg 768w, https:\/\/filmvilnius.com\/wp-content\/uploads\/2024\/12\/Truth-and-Conviction-Lukas-Salna.jpg 1280w\" sizes=\"(max-width: 1024px) 100vw, 1024px\" \/><figcaption class=\"wp-element-caption\">Filming &#8222;Truth and Conviction&#8221;<\/figcaption><\/figure>\n\n\n\n<p class=\"has-large-font-size\"><strong>The Entrance to the Philharmonic Hall: A Hotel and a Palace<\/strong><\/p>\n\n\n\n<p class=\"has-medium-font-size\">Continue your journey to the Lithuanian National Philharmonic Hall. Known for fostering classical music and preserving cultural heritage, this historic venue has also become a popular location for filmmakers. Many films and TV series were shot here in 2024.<\/p>\n\n\n\n<p class=\"has-medium-font-size\">In summer, the entrance to the Philharmonic Hall was once again transformed into the Hofburg Palace for the costume drama <em>Sisi<\/em>. This series narrates the coming-of-age story of Austrian Empress Elizabeth. Shooting also took place on Au\u0161ros Vart\u0173 Street and Jonas Basanavi\u010dius Square, with scenes of soldiers, cheering crowds, rebellious uprisings, and horse-drawn carriages capturing the vibrancy of imperial Austria.<\/p>\n\n\n\n<figure class=\"wp-block-image\"><img decoding=\"async\" src=\"https:\/\/filmvilnius.com\/wp-content\/uploads\/2024\/12\/%C2%A9-Go-Vilnius.-Vilnius-Giant-Outdoor-Cafe-1-2-1-1024x683.jpg\" alt=\"\" class=\"wp-image-26446\"\/><figcaption class=\"wp-element-caption\">Credits: Go Vilnius<\/figcaption><\/figure>\n\n\n\n<figure class=\"wp-block-image\"><img decoding=\"async\" width=\"1024\" height=\"683\" src=\"https:\/\/filmvilnius.com\/wp-content\/uploads\/2024\/12\/VMS_1279-1-1024x683.jpg\" alt=\"\" class=\"wp-image-26450\" srcset=\"https:\/\/filmvilnius.com\/wp-content\/uploads\/2024\/12\/VMS_1279-1-1024x683.jpg 1024w, https:\/\/filmvilnius.com\/wp-content\/uploads\/2024\/12\/VMS_1279-1-300x200.jpg 300w, https:\/\/filmvilnius.com\/wp-content\/uploads\/2024\/12\/VMS_1279-1-768x512.jpg 768w, https:\/\/filmvilnius.com\/wp-content\/uploads\/2024\/12\/VMS_1279-1-1536x1024.jpg 1536w, https:\/\/filmvilnius.com\/wp-content\/uploads\/2024\/12\/VMS_1279-1-2048x1366.jpg 2048w\" sizes=\"(max-width: 1024px) 100vw, 1024px\" \/><figcaption class=\"wp-element-caption\">Credits: Saulius \u017di\u016bra<\/figcaption><\/figure>\n\n\n\n<p class=\"has-medium-font-size\">During winter, the Philharmonic Hall caught the eye of German filmmakers for the Christmas film <em>Weihnachten im Olymp<\/em>, produced by ZDF. The story follows nine lonely individuals who spend Christmas Eve inside a luxurious shopping mall, \u201cOlymp.\u201d Misunderstood and longing for connection, the characters unexpectedly find camaraderie, festive cheer, and love. For this film, the exterior of the Philharmonic Hall was transformed into the facade of the shopping mall, complete with a Christmas train passing by Au\u0161ros Street.<\/p>\n\n\n\n<p class=\"has-large-font-size\"><strong>Christmas Magic in Town Hall Square<\/strong><\/p>\n\n\n\n<p class=\"has-medium-font-size\">As you head down Did\u017eioji Street, you\u2019ll reach Town Hall Square, which became a festive wonderland in autumn. A Christmas commercial for one of the world\u2019s largest mobile operators was shot here, with a Christmas tree, garlands, and holiday decorations creating a magical setting. The production team, an international collaboration of professionals from Spain, the United Kingdom, France, and Lithuania, brought the square to life.<\/p>\n\n\n\n<figure class=\"wp-block-image is-resized\"><img loading=\"lazy\" decoding=\"async\" width=\"1024\" height=\"682\" src=\"https:\/\/filmvilnius.com\/wp-content\/uploads\/2024\/12\/DJI_0987-1024x682.jpg\" alt=\"\" class=\"wp-image-26452\" style=\"width:840px;height:auto\" srcset=\"https:\/\/filmvilnius.com\/wp-content\/uploads\/2024\/12\/DJI_0987-1024x682.jpg 1024w, https:\/\/filmvilnius.com\/wp-content\/uploads\/2024\/12\/DJI_0987-300x200.jpg 300w, https:\/\/filmvilnius.com\/wp-content\/uploads\/2024\/12\/DJI_0987-768x511.jpg 768w, https:\/\/filmvilnius.com\/wp-content\/uploads\/2024\/12\/DJI_0987-1536x1023.jpg 1536w, https:\/\/filmvilnius.com\/wp-content\/uploads\/2024\/12\/DJI_0987-2048x1364.jpg 2048w\" sizes=\"(max-width: 1024px) 100vw, 1024px\" \/><figcaption class=\"wp-element-caption\">Credits: Saulius \u017di\u016bra<\/figcaption><\/figure>\n\n\n\n<p class=\"has-large-font-size\"><strong>Dystopian KFC England on Vilnius Street<\/strong><\/p>\n\n\n\n<p class=\"has-medium-font-size\">Next, make your way to Vilnius Street, where the Ministry of Health building serves as a striking backdrop for various projects. Designed by architect Justinas \u0160eibokas, this modernist structure complements the historic lines of the Old Town and features a cinematic open courtyard.<\/p>\n\n\n\n<p class=\"has-medium-font-size\">In 2024, a KFC advertisement transformed Vilnius into a dystopian version of England. The shoot featured dancers in a trance-like state flooding the area. A team of 100 Lithuanian film professionals and over 200 actors, choreographers, and dancers from Paris and London contributed to this dramatic production.<\/p>\n\n\n\n<figure class=\"wp-block-embed is-type-video is-provider-youtube wp-block-embed-youtube wp-embed-aspect-16-9 wp-has-aspect-ratio\"><div class=\"wp-block-embed__wrapper\">\n<iframe title=\"BELIEVE IN CHICKEN\" width=\"800\" height=\"450\" src=\"https:\/\/www.youtube.com\/embed\/UrfQaMAH0Ss?feature=oembed\" frameborder=\"0\" allow=\"accelerometer; autoplay; clipboard-write; encrypted-media; gyroscope; picture-in-picture; web-share\" referrerpolicy=\"strict-origin-when-cross-origin\" allowfullscreen><\/iframe>\n<\/div><\/figure>\n\n\n\n<p class=\"has-large-font-size\"><strong>A Huge Protest on Gedimino Avenue<\/strong><\/p>\n\n\n\n<p class=\"has-medium-font-size\">Continuing along Vilnius Street, you\u2019ll reach Gedimino Avenue, where sections of Vincas Kudirkas Square served as the backdrop for a German TV series based on a novel by Danish writer Peter H\u00f6eg. Filmed in spring, the series depicts a dystopian future, with an intense protest scene shot on Gedimino Avenue. The scene involved police cars, artificial snow, and a large crowd of actors, creating a highly charged atmosphere. A crew of nearly 160 professionals, including many Lithuanians, brought this pivotal scene to life.<\/p>\n\n\n\n<p class=\"has-large-font-size\"><strong>University Graduation at Martynas Ma\u017evydas Library<\/strong><\/p>\n\n\n\n<p class=\"has-medium-font-size\">Walking along Gedimino Avenue leads to Martynas Ma\u017evydas Library and Seimas Square. Here, <em>Meridian<\/em>, an international real estate and investment company, shot an advertisement in 2024. The library, doubling as a university in the ad, showcased Vilnius\u2019 versatility as a filming location.<\/p>\n\n\n\n<figure class=\"wp-block-embed is-type-video is-provider-youtube wp-block-embed-youtube wp-embed-aspect-16-9 wp-has-aspect-ratio\"><div class=\"wp-block-embed__wrapper\">\n<iframe title=\"Meridian - World of Numbers\" width=\"800\" height=\"450\" src=\"https:\/\/www.youtube.com\/embed\/GWqB-3QmRuQ?feature=oembed\" frameborder=\"0\" allow=\"accelerometer; autoplay; clipboard-write; encrypted-media; gyroscope; picture-in-picture; web-share\" referrerpolicy=\"strict-origin-when-cross-origin\" allowfullscreen><\/iframe>\n<\/div><\/figure>\n\n\n\n<p class=\"has-large-font-size\"><strong>History Against the Backdrop of Modern Skyscrapers<\/strong><\/p>\n\n\n\n<p class=\"has-medium-font-size\">Finally, cross the White Bridge to reach Vilnius\u2019 business district, a hub of modern skyscrapers often featured in cinematic projects. In 2024, a commercial for a popular car brand was shot here, along with scenes for a Lithuanian, Swedish, and Belgian co-produced TV series. In this series, Konstitucijos Avenue stands in as a chaotic Stockholm invaded by aliens.<\/p>\n\n\n\n<p class=\"has-medium-font-size\">Lithuanian director Dovil\u0117 Gasi\u016bnait\u0117 also shot scenes for her new film <em>Danka<\/em> near the White Bridge. These included a complex sequence with two hot air balloons soaring at a former launch site, supported by a team of 60 Lithuanian film professionals and world-renowned stunt experts.<\/p>\n\n\n\n<figure class=\"wp-block-image\"><img loading=\"lazy\" decoding=\"async\" width=\"1024\" height=\"683\" src=\"https:\/\/filmvilnius.com\/wp-content\/uploads\/2024\/12\/image-1024x683.jpg\" alt=\"\" class=\"wp-image-26454\" srcset=\"https:\/\/filmvilnius.com\/wp-content\/uploads\/2024\/12\/image-1024x683.jpg 1024w, https:\/\/filmvilnius.com\/wp-content\/uploads\/2024\/12\/image-300x200.jpg 300w, https:\/\/filmvilnius.com\/wp-content\/uploads\/2024\/12\/image-768x512.jpg 768w, https:\/\/filmvilnius.com\/wp-content\/uploads\/2024\/12\/image-1536x1024.jpg 1536w, https:\/\/filmvilnius.com\/wp-content\/uploads\/2024\/12\/image-2048x1366.jpg 2048w\" sizes=\"(max-width: 1024px) 100vw, 1024px\" \/><figcaption class=\"wp-element-caption\">Credits: Saulius \u017di\u016bra<\/figcaption><\/figure>\n","protected":false},"excerpt":{"rendered":"<p>2024 on Screen: Top Shooting Locations in Vilnius Stockholm, London, Berlin, and Vienna are just a few examples of the cities Vilnius has played on screen this year. As 2024 comes to an end, we invite you to revisit the most outstanding shooting locations in Vilnius and discover which corners of this beautiful city are [&hellip;]<\/p>\n","protected":false},"author":6,"featured_media":26443,"parent":0,"menu_order":0,"comment_status":"closed","ping_status":"closed","template":"","meta":{"_acf_changed":false,"_monsterinsights_skip_tracking":false,"_monsterinsights_sitenote_active":false,"_monsterinsights_sitenote_note":"","_monsterinsights_sitenote_category":0,"footnotes":""},"class_list":["post-26464","page","type-page","status-publish","has-post-thumbnail","hentry"],"acf":[],"yoast_head":"<!-- This site is optimized with the Yoast SEO plugin v27.4 - https:\/\/yoast.com\/product\/yoast-seo-wordpress\/ -->\n<title>- Vilnius film office<\/title>\n<meta name=\"robots\" content=\"index, follow, max-snippet:-1, max-image-preview:large, max-video-preview:-1\" \/>\n<link rel=\"canonical\" href=\"https:\/\/filmvilnius.com\/lt\/2024-ieji-ekrane-populiariausios-metu-filmavimo-lokacijos\/\" \/>\n<meta property=\"og:locale\" content=\"lt_LT\" \/>\n<meta property=\"og:type\" content=\"article\" \/>\n<meta property=\"og:title\" content=\"- Vilnius film office\" \/>\n<meta property=\"og:description\" content=\"2024 on Screen: Top Shooting Locations in Vilnius Stockholm, London, Berlin, and Vienna are just a few examples of the cities Vilnius has played on screen this year. As 2024 comes to an end, we invite you to revisit the most outstanding shooting locations in Vilnius and discover which corners of this beautiful city are [&hellip;]\" \/>\n<meta property=\"og:url\" content=\"https:\/\/filmvilnius.com\/lt\/2024-ieji-ekrane-populiariausios-metu-filmavimo-lokacijos\/\" \/>\n<meta property=\"og:site_name\" content=\"Vilnius film office\" \/>\n<meta property=\"article:publisher\" content=\"https:\/\/www.facebook.com\/filmvilnius\" \/>\n<meta property=\"article:modified_time\" content=\"2024-12-13T08:14:55+00:00\" \/>\n<meta property=\"og:image\" content=\"https:\/\/filmvilnius.com\/wp-content\/uploads\/2024\/12\/Truth-and-Conviction-Lukas-Salna-4.jpg\" \/>\n\t<meta property=\"og:image:width\" content=\"1280\" \/>\n\t<meta property=\"og:image:height\" content=\"853\" \/>\n\t<meta property=\"og:image:type\" content=\"image\/jpeg\" \/>\n<meta name=\"twitter:card\" content=\"summary_large_image\" \/>\n<meta name=\"twitter:site\" content=\"@FilmVilnius\" \/>\n<meta name=\"twitter:label1\" content=\"Est. reading time\" \/>\n\t<meta name=\"twitter:data1\" content=\"7 minut\u0117s\" \/>\n<script type=\"application\/ld+json\" class=\"yoast-schema-graph\">{\"@context\":\"https:\\\/\\\/schema.org\",\"@graph\":[{\"@type\":\"WebPage\",\"@id\":\"https:\\\/\\\/filmvilnius.com\\\/lt\\\/2024-ieji-ekrane-populiariausios-metu-filmavimo-lokacijos\\\/\",\"url\":\"https:\\\/\\\/filmvilnius.com\\\/lt\\\/2024-ieji-ekrane-populiariausios-metu-filmavimo-lokacijos\\\/\",\"name\":\"- Vilnius film office\",\"isPartOf\":{\"@id\":\"https:\\\/\\\/filmvilnius.com\\\/#website\"},\"primaryImageOfPage\":{\"@id\":\"https:\\\/\\\/filmvilnius.com\\\/lt\\\/2024-ieji-ekrane-populiariausios-metu-filmavimo-lokacijos\\\/#primaryimage\"},\"image\":{\"@id\":\"https:\\\/\\\/filmvilnius.com\\\/lt\\\/2024-ieji-ekrane-populiariausios-metu-filmavimo-lokacijos\\\/#primaryimage\"},\"thumbnailUrl\":\"https:\\\/\\\/filmvilnius.com\\\/wp-content\\\/uploads\\\/2024\\\/12\\\/Truth-and-Conviction-Lukas-Salna-4.jpg\",\"datePublished\":\"2024-12-13T07:52:16+00:00\",\"dateModified\":\"2024-12-13T08:14:55+00:00\",\"inLanguage\":\"lt-LT\",\"potentialAction\":[{\"@type\":\"ReadAction\",\"target\":[\"https:\\\/\\\/filmvilnius.com\\\/lt\\\/2024-ieji-ekrane-populiariausios-metu-filmavimo-lokacijos\\\/\"]}]},{\"@type\":\"ImageObject\",\"inLanguage\":\"lt-LT\",\"@id\":\"https:\\\/\\\/filmvilnius.com\\\/lt\\\/2024-ieji-ekrane-populiariausios-metu-filmavimo-lokacijos\\\/#primaryimage\",\"url\":\"https:\\\/\\\/filmvilnius.com\\\/wp-content\\\/uploads\\\/2024\\\/12\\\/Truth-and-Conviction-Lukas-Salna-4.jpg\",\"contentUrl\":\"https:\\\/\\\/filmvilnius.com\\\/wp-content\\\/uploads\\\/2024\\\/12\\\/Truth-and-Conviction-Lukas-Salna-4.jpg\",\"width\":1280,\"height\":853},{\"@type\":\"WebSite\",\"@id\":\"https:\\\/\\\/filmvilnius.com\\\/#website\",\"url\":\"https:\\\/\\\/filmvilnius.com\\\/\",\"name\":\"Vilnius film office\",\"description\":\"\",\"publisher\":{\"@id\":\"https:\\\/\\\/filmvilnius.com\\\/#organization\"},\"potentialAction\":[{\"@type\":\"SearchAction\",\"target\":{\"@type\":\"EntryPoint\",\"urlTemplate\":\"https:\\\/\\\/filmvilnius.com\\\/?s={search_term_string}\"},\"query-input\":{\"@type\":\"PropertyValueSpecification\",\"valueRequired\":true,\"valueName\":\"search_term_string\"}}],\"inLanguage\":\"lt-LT\"},{\"@type\":\"Organization\",\"@id\":\"https:\\\/\\\/filmvilnius.com\\\/#organization\",\"name\":\"Vilniaus kino biuras\",\"url\":\"https:\\\/\\\/filmvilnius.com\\\/\",\"logo\":{\"@type\":\"ImageObject\",\"inLanguage\":\"lt-LT\",\"@id\":\"https:\\\/\\\/filmvilnius.com\\\/#\\\/schema\\\/logo\\\/image\\\/\",\"url\":\"https:\\\/\\\/filmvilnius.com\\\/wp-content\\\/uploads\\\/2022\\\/12\\\/VKB-Logo-2022-EN-2-V.jpg\",\"contentUrl\":\"https:\\\/\\\/filmvilnius.com\\\/wp-content\\\/uploads\\\/2022\\\/12\\\/VKB-Logo-2022-EN-2-V.jpg\",\"width\":1419,\"height\":1418,\"caption\":\"Vilniaus kino biuras\"},\"image\":{\"@id\":\"https:\\\/\\\/filmvilnius.com\\\/#\\\/schema\\\/logo\\\/image\\\/\"},\"sameAs\":[\"https:\\\/\\\/www.facebook.com\\\/filmvilnius\",\"https:\\\/\\\/x.com\\\/FilmVilnius\",\"https:\\\/\\\/www.instagram.com\\\/filmvilnius\\\/\"]}]}<\/script>\n<!-- \/ Yoast SEO plugin. -->","yoast_head_json":{"title":"- Vilnius film office","robots":{"index":"index","follow":"follow","max-snippet":"max-snippet:-1","max-image-preview":"max-image-preview:large","max-video-preview":"max-video-preview:-1"},"canonical":"https:\/\/filmvilnius.com\/lt\/2024-ieji-ekrane-populiariausios-metu-filmavimo-lokacijos\/","og_locale":"lt_LT","og_type":"article","og_title":"- Vilnius film office","og_description":"2024 on Screen: Top Shooting Locations in Vilnius Stockholm, London, Berlin, and Vienna are just a few examples of the cities Vilnius has played on screen this year. As 2024 comes to an end, we invite you to revisit the most outstanding shooting locations in Vilnius and discover which corners of this beautiful city are [&hellip;]","og_url":"https:\/\/filmvilnius.com\/lt\/2024-ieji-ekrane-populiariausios-metu-filmavimo-lokacijos\/","og_site_name":"Vilnius film office","article_publisher":"https:\/\/www.facebook.com\/filmvilnius","article_modified_time":"2024-12-13T08:14:55+00:00","og_image":[{"width":1280,"height":853,"url":"https:\/\/filmvilnius.com\/wp-content\/uploads\/2024\/12\/Truth-and-Conviction-Lukas-Salna-4.jpg","type":"image\/jpeg"}],"twitter_card":"summary_large_image","twitter_site":"@FilmVilnius","twitter_misc":{"Est. reading time":"7 minut\u0117s"},"schema":{"@context":"https:\/\/schema.org","@graph":[{"@type":"WebPage","@id":"https:\/\/filmvilnius.com\/lt\/2024-ieji-ekrane-populiariausios-metu-filmavimo-lokacijos\/","url":"https:\/\/filmvilnius.com\/lt\/2024-ieji-ekrane-populiariausios-metu-filmavimo-lokacijos\/","name":"- Vilnius film office","isPartOf":{"@id":"https:\/\/filmvilnius.com\/#website"},"primaryImageOfPage":{"@id":"https:\/\/filmvilnius.com\/lt\/2024-ieji-ekrane-populiariausios-metu-filmavimo-lokacijos\/#primaryimage"},"image":{"@id":"https:\/\/filmvilnius.com\/lt\/2024-ieji-ekrane-populiariausios-metu-filmavimo-lokacijos\/#primaryimage"},"thumbnailUrl":"https:\/\/filmvilnius.com\/wp-content\/uploads\/2024\/12\/Truth-and-Conviction-Lukas-Salna-4.jpg","datePublished":"2024-12-13T07:52:16+00:00","dateModified":"2024-12-13T08:14:55+00:00","inLanguage":"lt-LT","potentialAction":[{"@type":"ReadAction","target":["https:\/\/filmvilnius.com\/lt\/2024-ieji-ekrane-populiariausios-metu-filmavimo-lokacijos\/"]}]},{"@type":"ImageObject","inLanguage":"lt-LT","@id":"https:\/\/filmvilnius.com\/lt\/2024-ieji-ekrane-populiariausios-metu-filmavimo-lokacijos\/#primaryimage","url":"https:\/\/filmvilnius.com\/wp-content\/uploads\/2024\/12\/Truth-and-Conviction-Lukas-Salna-4.jpg","contentUrl":"https:\/\/filmvilnius.com\/wp-content\/uploads\/2024\/12\/Truth-and-Conviction-Lukas-Salna-4.jpg","width":1280,"height":853},{"@type":"WebSite","@id":"https:\/\/filmvilnius.com\/#website","url":"https:\/\/filmvilnius.com\/","name":"Vilnius film office","description":"","publisher":{"@id":"https:\/\/filmvilnius.com\/#organization"},"potentialAction":[{"@type":"SearchAction","target":{"@type":"EntryPoint","urlTemplate":"https:\/\/filmvilnius.com\/?s={search_term_string}"},"query-input":{"@type":"PropertyValueSpecification","valueRequired":true,"valueName":"search_term_string"}}],"inLanguage":"lt-LT"},{"@type":"Organization","@id":"https:\/\/filmvilnius.com\/#organization","name":"Vilniaus kino biuras","url":"https:\/\/filmvilnius.com\/","logo":{"@type":"ImageObject","inLanguage":"lt-LT","@id":"https:\/\/filmvilnius.com\/#\/schema\/logo\/image\/","url":"https:\/\/filmvilnius.com\/wp-content\/uploads\/2022\/12\/VKB-Logo-2022-EN-2-V.jpg","contentUrl":"https:\/\/filmvilnius.com\/wp-content\/uploads\/2022\/12\/VKB-Logo-2022-EN-2-V.jpg","width":1419,"height":1418,"caption":"Vilniaus kino biuras"},"image":{"@id":"https:\/\/filmvilnius.com\/#\/schema\/logo\/image\/"},"sameAs":["https:\/\/www.facebook.com\/filmvilnius","https:\/\/x.com\/FilmVilnius","https:\/\/www.instagram.com\/filmvilnius\/"]}]}},"_links":{"self":[{"href":"https:\/\/filmvilnius.com\/lt\/wp-json\/wp\/v2\/pages\/26464","targetHints":{"allow":["GET"]}}],"collection":[{"href":"https:\/\/filmvilnius.com\/lt\/wp-json\/wp\/v2\/pages"}],"about":[{"href":"https:\/\/filmvilnius.com\/lt\/wp-json\/wp\/v2\/types\/page"}],"author":[{"embeddable":true,"href":"https:\/\/filmvilnius.com\/lt\/wp-json\/wp\/v2\/users\/6"}],"replies":[{"embeddable":true,"href":"https:\/\/filmvilnius.com\/lt\/wp-json\/wp\/v2\/comments?post=26464"}],"version-history":[{"count":5,"href":"https:\/\/filmvilnius.com\/lt\/wp-json\/wp\/v2\/pages\/26464\/revisions"}],"predecessor-version":[{"id":26488,"href":"https:\/\/filmvilnius.com\/lt\/wp-json\/wp\/v2\/pages\/26464\/revisions\/26488"}],"wp:featuredmedia":[{"embeddable":true,"href":"https:\/\/filmvilnius.com\/lt\/wp-json\/wp\/v2\/media\/26443"}],"wp:attachment":[{"href":"https:\/\/filmvilnius.com\/lt\/wp-json\/wp\/v2\/media?parent=26464"}],"curies":[{"name":"wp","href":"https:\/\/api.w.org\/{rel}","templated":true}]}}