{"id":28792,"date":"2025-11-24T15:44:52","date_gmt":"2025-11-24T15:44:52","guid":{"rendered":"https:\/\/filmvilnius.com\/?page_id=28792"},"modified":"2025-11-24T16:09:47","modified_gmt":"2025-11-24T16:09:47","slug":"svetaines-medis","status":"publish","type":"page","link":"https:\/\/filmvilnius.com\/lt\/svetaines-medis\/","title":{"rendered":"Svetain\u0117s medis"},"content":{"rendered":"<ul><li><a href=\"#\">Finansavimas<\/a><ul><li><a href=\"https:\/\/filmvilnius.com\/lt\/vilniaus-kino-fondas\/\">Vilniaus kino fondas<\/a><ul><li><a href=\"https:\/\/filmvilnius.com\/lt\/vilniaus-kino-fondas-archyvas\/\">Vilniaus kino fondas ARCHYVAS<\/a><\/li><\/ul><\/li><li><a href=\"https:\/\/filmvilnius.com\/lt\/film-tax-incentive\/\">Nacionalin\u0117 pelno mokes\u010dio lengvata<\/a><\/li><li><a href=\"https:\/\/filmvilnius.com\/lt\/valstybinis-kino-finansavimas\/\">Valstybinis kino finansavimas<\/a><\/li><\/ul><\/li><li><a href=\"https:\/\/filmvilnius.com\/lt\/locations\/\">Lokacijos<\/a><ul><li><a href=\"https:\/\/filmvilnius.com\/lt\/old-town-streets\/\">Senamiestis<\/a><\/li><li><a href=\"https:\/\/filmvilnius.com\/lt\/castles-manors-and-mansions\/\">R\u016bmai, pilys, dvarai<\/a><\/li><li><a href=\"https:\/\/filmvilnius.com\/lt\/modern-and-contemprorary\/\">Moderni architekt\u016bra<\/a><\/li><li><a href=\"https:\/\/filmvilnius.com\/lt\/rundown-areas\/\">Industrin\u0117s teritorijos<\/a><\/li><li><a href=\"https:\/\/filmvilnius.com\/lt\/soviets-1950s-1990s\/\">Socialistinis modernizmas<\/a><\/li><li><a href=\"https:\/\/filmvilnius.com\/lt\/villages-and-countryside\/\">Specifin\u0117s erdv\u0117s<\/a><\/li><li><a href=\"https:\/\/filmvilnius.com\/lt\/landscape\/\">Gamtovaizdis<\/a><\/li><li><a href=\"https:\/\/filmvilnius.com\/lt\/ezeru-krasto-regionas\/\">E\u017eer\u0173 kra\u0161to regionas<\/a><\/li><li><a href=\"https:\/\/filmvilnius.com\/lt\/film-studios\/\">Filmavimo studijos<\/a><\/li><\/ul><\/li><li><a href=\"https:\/\/filmvilnius.com\/lt\/film-industries\/\">Kino industrija<\/a><ul><li><a href=\"https:\/\/filmvilnius.com\/lt\/institutions-organizations\/\">Institucijos ir organizacijos<\/a><\/li><li><a href=\"https:\/\/filmvilnius.com\/lt\/production-companies\/\">Gamybos \u012fmon\u0117s<\/a><\/li><li><a href=\"https:\/\/filmvilnius.com\/lt\/post-production-companies\/\">Postprodukcijos \u012fmon\u0117s<\/a><\/li><li><a href=\"https:\/\/filmvilnius.com\/lt\/animation-companies\/\">Animacijos \u012fmon\u0117s<\/a><\/li><li><a href=\"https:\/\/filmvilnius.com\/lt\/film-studios\/\">Filmavimo studijos<\/a><\/li><li><a href=\"https:\/\/filmvilnius.com\/lt\/rental-and-services\/\">Filmavimo technikos paslaugos<\/a><\/li><li><a href=\"https:\/\/filmvilnius.com\/lt\/film-locations\/\">Lokacij\u0173 \u012fmon\u0117s<\/a><\/li><li><a href=\"https:\/\/filmvilnius.com\/lt\/actors-agencies\/\">Aktori\u0173 atranka<\/a><\/li><li><a href=\"https:\/\/filmvilnius.com\/lt\/distributors\/\">Platintojai<\/a><\/li><li><a href=\"https:\/\/filmvilnius.com\/lt\/film-festivals\/\">Film\u0173 festivaliai<\/a><\/li><li><a href=\"https:\/\/filmvilnius.com\/lt\/cinema-theatres\/\">Kino teatrai<\/a><\/li><li><a href=\"https:\/\/filmvilnius.com\/lt\/laisvai-samdomi-kino-kurejai\/\">Laisvai samdomi kino k\u016br\u0117jai<\/a><\/li><li><a href=\"https:\/\/filmvilnius.com\/lt\/filmography\/\">Filmografija<\/a><\/li><\/ul><\/li><li><a href=\"https:\/\/filmvilnius.com\/lt\/kino-biuras-3\/\">Kino biuras<\/a><ul><li><a href=\"https:\/\/filmvilnius.com\/lt\/mayors-invitation\/\">Vilniaus mero kvietimas<\/a><\/li><li><a href=\"https:\/\/filmvilnius.com\/lt\/apie-vilniaus-kino-biuras\/\">Apie mus<\/a><\/li><li><a href=\"https:\/\/filmvilnius.com\/lt\/vilniaus-kino-fondas\/\">Vilniaus kino fondas<\/a><\/li><li><a href=\"https:\/\/filmvilnius.com\/lt\/filming-code-of-conduct\/\">Filmavimo etikos kodeksas<\/a><\/li><li><a href=\"https:\/\/filmvilnius.com\/lt\/permits\/\">Leidimai filmuoti<\/a><\/li><li><a href=\"https:\/\/filmvilnius.com\/filmavimu-kalendorius\">Filmavim\u0173 kalendorius<\/a><\/li><li><a href=\"https:\/\/filmvilnius.com\/lt\/film-education\/\">Kino edukacija<\/a><\/li><li><a href=\"https:\/\/filmvilnius.com\/lt\/film-tourism\/\">Kino turizmas<\/a><\/li><li><a href=\"https:\/\/lla.lt\/lt\/knygu-katalogas\/kinematografiskiausios-knygos-knyga-kinas\">Kinematografi\u0161kos knygos<\/a><\/li><li><a href=\"https:\/\/filmvilnius.com\/lt\/logistics\/\">Susisiekimas<\/a><\/li><\/ul><\/li><li><a href=\"https:\/\/filmvilnius.com\/lt\/blog\/\">Naujienos<\/a><ul><li><a href=\"https:\/\/filmvilnius.com\/lt\/blog\/interviu\/\">Interviu<\/a><\/li><li><a href=\"https:\/\/filmvilnius.com\/lt\/blog\/pranesimai-ziniasklaidai\/\">Prane\u0161imai \u017einiasklaidai<\/a><\/li><li><a href=\"https:\/\/filmvilnius.com\/lt\/blog\/kino-industrijos-naujienos\/\">Kino industrijos naujienos<\/a><\/li><li><a href=\"https:\/\/filmvilnius.com\/lt\/blog\/filmai-pakeite-lietuvos-kino-istorija\/\">Filmai, pakeit\u0119 Lietuvos kino istorij\u0105<\/a><\/li><\/ul><\/li><li><a href=\"https:\/\/filmvilnius.com\/lt\/contact-us-now\/\">Kontaktai<\/a><\/li><\/ul>\n","protected":false},"excerpt":{"rendered":"","protected":false},"author":8,"featured_media":0,"parent":0,"menu_order":0,"comment_status":"closed","ping_status":"closed","template":"page-with-header.php","meta":{"_acf_changed":false,"_monsterinsights_skip_tracking":false,"_monsterinsights_sitenote_active":false,"_monsterinsights_sitenote_note":"","_monsterinsights_sitenote_category":0,"footnotes":""},"class_list":["post-28792","page","type-page","status-publish","hentry"],"acf":[],"yoast_head":"<!-- This site is optimized with the Yoast SEO plugin v27.4 - https:\/\/yoast.com\/product\/yoast-seo-wordpress\/ -->\n<title>Svetain\u0117s medis - Vilnius film office<\/title>\n<meta name=\"robots\" content=\"index, follow, max-snippet:-1, max-image-preview:large, max-video-preview:-1\" \/>\n<link rel=\"canonical\" href=\"https:\/\/filmvilnius.com\/lt\/svetaines-medis\/\" \/>\n<meta property=\"og:locale\" content=\"lt_LT\" \/>\n<meta property=\"og:type\" content=\"article\" \/>\n<meta property=\"og:title\" content=\"Svetain\u0117s medis - Vilnius film office\" \/>\n<meta property=\"og:url\" content=\"https:\/\/filmvilnius.com\/lt\/svetaines-medis\/\" \/>\n<meta property=\"og:site_name\" content=\"Vilnius film office\" \/>\n<meta property=\"article:publisher\" content=\"https:\/\/www.facebook.com\/filmvilnius\" \/>\n<meta property=\"article:modified_time\" content=\"2025-11-24T16:09:47+00:00\" \/>\n<meta name=\"twitter:card\" content=\"summary_large_image\" \/>\n<meta name=\"twitter:site\" content=\"@FilmVilnius\" \/>\n<meta name=\"twitter:label1\" content=\"Est. reading time\" \/>\n\t<meta name=\"twitter:data1\" content=\"1 minut\u0117\" \/>\n<script type=\"application\/ld+json\" class=\"yoast-schema-graph\">{\"@context\":\"https:\\\/\\\/schema.org\",\"@graph\":[{\"@type\":\"WebPage\",\"@id\":\"https:\\\/\\\/filmvilnius.com\\\/lt\\\/svetaines-medis\\\/\",\"url\":\"https:\\\/\\\/filmvilnius.com\\\/lt\\\/svetaines-medis\\\/\",\"name\":\"Svetain\u0117s medis - Vilnius film office\",\"isPartOf\":{\"@id\":\"https:\\\/\\\/filmvilnius.com\\\/#website\"},\"datePublished\":\"2025-11-24T15:44:52+00:00\",\"dateModified\":\"2025-11-24T16:09:47+00:00\",\"breadcrumb\":{\"@id\":\"https:\\\/\\\/filmvilnius.com\\\/lt\\\/svetaines-medis\\\/#breadcrumb\"},\"inLanguage\":\"lt-LT\",\"potentialAction\":[{\"@type\":\"ReadAction\",\"target\":[\"https:\\\/\\\/filmvilnius.com\\\/lt\\\/svetaines-medis\\\/\"]}]},{\"@type\":\"BreadcrumbList\",\"@id\":\"https:\\\/\\\/filmvilnius.com\\\/lt\\\/svetaines-medis\\\/#breadcrumb\",\"itemListElement\":[{\"@type\":\"ListItem\",\"position\":1,\"name\":\"Home\",\"item\":\"https:\\\/\\\/filmvilnius.com\\\/lt\\\/\"},{\"@type\":\"ListItem\",\"position\":2,\"name\":\"Svetain\u0117s medis\"}]},{\"@type\":\"WebSite\",\"@id\":\"https:\\\/\\\/filmvilnius.com\\\/#website\",\"url\":\"https:\\\/\\\/filmvilnius.com\\\/\",\"name\":\"Vilnius film office\",\"description\":\"\",\"publisher\":{\"@id\":\"https:\\\/\\\/filmvilnius.com\\\/#organization\"},\"potentialAction\":[{\"@type\":\"SearchAction\",\"target\":{\"@type\":\"EntryPoint\",\"urlTemplate\":\"https:\\\/\\\/filmvilnius.com\\\/?s={search_term_string}\"},\"query-input\":{\"@type\":\"PropertyValueSpecification\",\"valueRequired\":true,\"valueName\":\"search_term_string\"}}],\"inLanguage\":\"lt-LT\"},{\"@type\":\"Organization\",\"@id\":\"https:\\\/\\\/filmvilnius.com\\\/#organization\",\"name\":\"Vilniaus kino biuras\",\"url\":\"https:\\\/\\\/filmvilnius.com\\\/\",\"logo\":{\"@type\":\"ImageObject\",\"inLanguage\":\"lt-LT\",\"@id\":\"https:\\\/\\\/filmvilnius.com\\\/#\\\/schema\\\/logo\\\/image\\\/\",\"url\":\"https:\\\/\\\/filmvilnius.com\\\/wp-content\\\/uploads\\\/2022\\\/12\\\/VKB-Logo-2022-EN-2-V.jpg\",\"contentUrl\":\"https:\\\/\\\/filmvilnius.com\\\/wp-content\\\/uploads\\\/2022\\\/12\\\/VKB-Logo-2022-EN-2-V.jpg\",\"width\":1419,\"height\":1418,\"caption\":\"Vilniaus kino biuras\"},\"image\":{\"@id\":\"https:\\\/\\\/filmvilnius.com\\\/#\\\/schema\\\/logo\\\/image\\\/\"},\"sameAs\":[\"https:\\\/\\\/www.facebook.com\\\/filmvilnius\",\"https:\\\/\\\/x.com\\\/FilmVilnius\",\"https:\\\/\\\/www.instagram.com\\\/filmvilnius\\\/\"]}]}<\/script>\n<!-- \/ Yoast SEO plugin. -->","yoast_head_json":{"title":"Svetain\u0117s medis - Vilnius film office","robots":{"index":"index","follow":"follow","max-snippet":"max-snippet:-1","max-image-preview":"max-image-preview:large","max-video-preview":"max-video-preview:-1"},"canonical":"https:\/\/filmvilnius.com\/lt\/svetaines-medis\/","og_locale":"lt_LT","og_type":"article","og_title":"Svetain\u0117s medis - Vilnius film office","og_url":"https:\/\/filmvilnius.com\/lt\/svetaines-medis\/","og_site_name":"Vilnius film office","article_publisher":"https:\/\/www.facebook.com\/filmvilnius","article_modified_time":"2025-11-24T16:09:47+00:00","twitter_card":"summary_large_image","twitter_site":"@FilmVilnius","twitter_misc":{"Est. reading time":"1 minut\u0117"},"schema":{"@context":"https:\/\/schema.org","@graph":[{"@type":"WebPage","@id":"https:\/\/filmvilnius.com\/lt\/svetaines-medis\/","url":"https:\/\/filmvilnius.com\/lt\/svetaines-medis\/","name":"Svetain\u0117s medis - Vilnius film office","isPartOf":{"@id":"https:\/\/filmvilnius.com\/#website"},"datePublished":"2025-11-24T15:44:52+00:00","dateModified":"2025-11-24T16:09:47+00:00","breadcrumb":{"@id":"https:\/\/filmvilnius.com\/lt\/svetaines-medis\/#breadcrumb"},"inLanguage":"lt-LT","potentialAction":[{"@type":"ReadAction","target":["https:\/\/filmvilnius.com\/lt\/svetaines-medis\/"]}]},{"@type":"BreadcrumbList","@id":"https:\/\/filmvilnius.com\/lt\/svetaines-medis\/#breadcrumb","itemListElement":[{"@type":"ListItem","position":1,"name":"Home","item":"https:\/\/filmvilnius.com\/lt\/"},{"@type":"ListItem","position":2,"name":"Svetain\u0117s medis"}]},{"@type":"WebSite","@id":"https:\/\/filmvilnius.com\/#website","url":"https:\/\/filmvilnius.com\/","name":"Vilnius film office","description":"","publisher":{"@id":"https:\/\/filmvilnius.com\/#organization"},"potentialAction":[{"@type":"SearchAction","target":{"@type":"EntryPoint","urlTemplate":"https:\/\/filmvilnius.com\/?s={search_term_string}"},"query-input":{"@type":"PropertyValueSpecification","valueRequired":true,"valueName":"search_term_string"}}],"inLanguage":"lt-LT"},{"@type":"Organization","@id":"https:\/\/filmvilnius.com\/#organization","name":"Vilniaus kino biuras","url":"https:\/\/filmvilnius.com\/","logo":{"@type":"ImageObject","inLanguage":"lt-LT","@id":"https:\/\/filmvilnius.com\/#\/schema\/logo\/image\/","url":"https:\/\/filmvilnius.com\/wp-content\/uploads\/2022\/12\/VKB-Logo-2022-EN-2-V.jpg","contentUrl":"https:\/\/filmvilnius.com\/wp-content\/uploads\/2022\/12\/VKB-Logo-2022-EN-2-V.jpg","width":1419,"height":1418,"caption":"Vilniaus kino biuras"},"image":{"@id":"https:\/\/filmvilnius.com\/#\/schema\/logo\/image\/"},"sameAs":["https:\/\/www.facebook.com\/filmvilnius","https:\/\/x.com\/FilmVilnius","https:\/\/www.instagram.com\/filmvilnius\/"]}]}},"_links":{"self":[{"href":"https:\/\/filmvilnius.com\/lt\/wp-json\/wp\/v2\/pages\/28792","targetHints":{"allow":["GET"]}}],"collection":[{"href":"https:\/\/filmvilnius.com\/lt\/wp-json\/wp\/v2\/pages"}],"about":[{"href":"https:\/\/filmvilnius.com\/lt\/wp-json\/wp\/v2\/types\/page"}],"author":[{"embeddable":true,"href":"https:\/\/filmvilnius.com\/lt\/wp-json\/wp\/v2\/users\/8"}],"replies":[{"embeddable":true,"href":"https:\/\/filmvilnius.com\/lt\/wp-json\/wp\/v2\/comments?post=28792"}],"version-history":[{"count":7,"href":"https:\/\/filmvilnius.com\/lt\/wp-json\/wp\/v2\/pages\/28792\/revisions"}],"predecessor-version":[{"id":28799,"href":"https:\/\/filmvilnius.com\/lt\/wp-json\/wp\/v2\/pages\/28792\/revisions\/28799"}],"wp:attachment":[{"href":"https:\/\/filmvilnius.com\/lt\/wp-json\/wp\/v2\/media?parent=28792"}],"curies":[{"name":"wp","href":"https:\/\/api.w.org\/{rel}","templated":true}]}}