{"id":29659,"date":"2026-04-02T14:14:09","date_gmt":"2026-04-02T12:14:09","guid":{"rendered":"https:\/\/filmvilnius.com\/?page_id=29659"},"modified":"2026-04-02T14:14:09","modified_gmt":"2026-04-02T12:14:09","slug":"vilniaus-kino-fondas-archyvas","status":"publish","type":"page","link":"https:\/\/filmvilnius.com\/lt\/vilniaus-kino-fondas-archyvas\/","title":{"rendered":"Vilniaus kino fondas ARCHYVAS"},"content":{"rendered":"<h3 style=\"text-align: center;\"><strong>2025 met\u0173 Vilniaus kino fondo konkurso rezultatai<\/strong><\/h3>\n<p>&nbsp;<\/p>\n<p><span style=\"font-weight: 400;\">Informuojame, kad Vilniaus miesto savivaldyb\u0117s Administracijos direktoriaus 2025 m. lapkri\u010dio 28 d. \u012fsakymu Nr. 30-3043\/25 patvirtintas Vilniaus miesto savivaldyb\u0117s biud\u017eeto kino projekt\u0173 finansavimui skirt\u0173 l\u0117\u0161\u0173 finansuojam\u0173 filmo gamybos darb\u0173 projekt\u0173 s\u0105ra\u0161as (konkurso rezultatai pateikti \u017eemiau).<\/span><\/p>\n<p><strong>! Visos organizacijos, kurioms yra skirtas finansavimas nuo 2025 m. gruod\u017eio 1 d. kvie\u010diamos pasira\u0161yti finansavimo sutartis.<\/strong><\/p>\n<p><span style=\"font-weight: 400;\">Pra\u0161ome u\u017epildyt\u0105 sutarties \u0161ablon\u0105 (form\u0105) ir sutarties priedus si\u0173sti derinimui el. pa\u0161tu Konkurso administratoriui &#8211; V\u0161\u012e Vilniaus kino biuro vadovei J\u016bratei Pazikaitei (el. p. <\/span><span style=\"font-weight: 400;\">jurate.pazikaite@vilnius.lt<\/span><span style=\"font-weight: 400;\">, mob. +37061404696).\u00a0<\/span><\/p>\n<p><span style=\"font-weight: 400;\">Pabr\u0117\u017eiame, kad sutartys pasira\u0161omos tik elektroniniais kvalifikuotais para\u0161ais. Jeigu parai\u0161k\u0105 pateik\u0119s parei\u0161k\u0117jas, kuriam skiriamos l\u0117\u0161os, nepasira\u0161o sutarties per numatyt\u0105 20 darbo dien\u0173 laikotarp\u012f, laikoma, kad jis atsisak\u0117 vykdyti projekt\u0105 ir numatytas finansavimas neskiriamas.<\/span><\/p>\n<p><span style=\"font-weight: 400;\">Sutartyje pra\u0161ome nurodyti teisingus rekvizitus. U\u017e neteisingai pateiktus rekvizitus Konkurso organizatorius neatsako.<\/span><\/p>\n<p><span style=\"font-weight: 400;\">Finansuojamo projekto organizatoriai \u012fsipareigoja nurodyti informacij\u0105 apie Vilniaus kino fondo skirt\u0105 finansavim\u0105 bei skelbti Vilniaus miesto ir Vilniaus kino biuro \u017eenkl\u0105 filmo titruose ir vie\u0161inimo med\u017eiagoje (konkurso s\u0105lyg\u0173 23.6 punktas).\u00a0<\/span><\/p>\n<p><span style=\"font-weight: 400;\">Sutarties form\u0105 (8 priedas) ir sutarties priedus (9 priedas)<a href=\"https:\/\/filmvilnius.com\/lt\/vilniaus-kino-fondas\/\" target=\"_blank\" rel=\"noopener\"> RASITE \u010cIA.<\/a><\/span><\/p>\n<p><span style=\"font-weight: 400;\">Ataskait\u0173 formas <a href=\"https:\/\/filmvilnius.com\/lt\/vilniaus-kino-fondas\/\" target=\"_blank\" rel=\"noopener\">RASITE \u010cIA.<\/a><\/span><\/p>\n<p><span style=\"font-weight: 400;\">Atkreipiame d\u0117mes\u012f, kad \u012fvykd\u017eius projekt\u0105, ne v\u0117liau kaip per 10 kalendorini\u0173 dien\u0173 nuo projekto veikl\u0173 \u012fgyvendinimo laikotarpio pabaigos, organizacijos vadovo pasira\u0161ytos ataskait\u0173 formos teikiamos per Vilniaus elektronin\u0119 parai\u0161k\u0173 ir ataskait\u0173 valdymo sistem\u0105 <\/span><a href=\"https:\/\/konkursai.vilnius.lt\/\"><span style=\"font-weight: 400;\">konkursai.vilnius.lt<\/span><\/a><span style=\"font-weight: 400;\">. Jei projektas vykdomas einam\u0173j\u0173 met\u0173 gruod\u017eio 1\u201320 d., ataskaitas reikia pateikti per trumpesn\u012f termin\u0105 \u2013 iki einam\u0173j\u0173 met\u0173 gruod\u017eio 31 d. Jei projektas vyksta gruod\u017eio 21\u201331 d. \u2013 ne v\u0117liau kaip iki kit\u0173 met\u0173 sausio 10 d. Prie\u0161 pateikiant ataskaitas \u012f sistem\u0105, jos turi b\u016bti el. pa\u0161tu suderintos su Konkurso administratoriumi. Suderintos ir pasira\u0161ytos ataskaitos turi b\u016bti \u012fkeltos \u012f sistem\u0105 <\/span><a href=\"https:\/\/konkursai.vilnius.lt\/\"><span style=\"font-weight: 400;\">konkursai.vilnius.lt<\/span><\/a><span style=\"font-weight: 400;\"> prisijungus prie paskyros, i\u0161 kurios buvo pateikta projekto parai\u0161ka. Ataskait\u0173 pateikimas nesilaikant nustatyt\u0173 termin\u0173 lems b\u016bsim\u0173 konkurs\u0173 rezultatus.<\/span><\/p>\n<p><strong>Kontaktinis asmuo informacijai: <\/strong><span style=\"font-weight: 400;\"><br \/>\n<\/span><span style=\"font-weight: 400;\">V\u0161\u012e Vilniaus kino biuro vadov\u0117<br \/>\n<\/span><span style=\"font-weight: 400;\">El. p. <\/span><span style=\"font-weight: 400;\">jurate.pazikaite@vilnius.lt<\/span><span style=\"font-weight: 400;\"><br \/>\n<\/span><span style=\"font-weight: 400;\">Mob. +370 614 04 696\u00a0<\/span><\/p>\n<p style=\"text-align: center;\"><b>2025 METAIS I\u0160 VILNIAUS MIESTO SAVIVALDYB\u0116S BIUD\u017dETO KINO PROJEKT\u0172 FINANSAVIMUI SKIRT\u0172 L\u0116\u0160\u0172 FINANSUOJAM\u0172<br \/>\nFILMO GAMYBOS DARB\u0172 PROJEKT\u0172 S\u0104RA\u0160AS<\/b><\/p>\n<table>\n<tbody>\n<tr>\n<td>\n<p style=\"text-align: center;\"><b>Eil\u0117s<\/b><\/p>\n<p style=\"text-align: center;\"><b>Nr.<\/b><\/p>\n<\/td>\n<td style=\"text-align: center;\"><b>Organizacijos<\/b><\/p>\n<p><b>pavadinimas<\/b><\/td>\n<td style=\"text-align: center;\"><b>Projekto pavadinimas<\/b><\/td>\n<td style=\"text-align: center;\"><b>Skirt\u0173<\/b><\/p>\n<p><b>bal\u0173 suma<\/b><\/td>\n<td>\n<p style=\"text-align: center;\"><b>Skirtas<\/b><\/p>\n<p style=\"text-align: center;\"><b>finansavimas (Eur)<\/b><\/p>\n<\/td>\n<\/tr>\n<tr>\n<td>\n<p style=\"text-align: center;\">1.<\/p>\n<\/td>\n<td style=\"text-align: center;\">V\u0161\u012e \u201e\u010ciobreliai\u201c<\/td>\n<td style=\"text-align: center;\">\u201eSkyrybos karo metu\u201c (How to Divorce During the War)<\/td>\n<td style=\"text-align: center;\">58,67<\/td>\n<td>\n<p style=\"text-align: center;\">29 000<\/p>\n<\/td>\n<\/tr>\n<tr>\n<td>\n<p style=\"text-align: center;\">2.<\/p>\n<\/td>\n<td style=\"text-align: center;\">MB \u201eSmart Casual\u201c<\/td>\n<td style=\"text-align: center;\">\u201eIntymumas\u201c (Intimacy)<\/td>\n<td style=\"text-align: center;\">58,00<\/td>\n<td>\n<p style=\"text-align: center;\">28 000<\/p>\n<\/td>\n<\/tr>\n<tr>\n<td>\n<p style=\"text-align: center;\">3.<\/p>\n<\/td>\n<td style=\"text-align: center;\">V\u0161\u012e \u201eUljana Kim ir Ko\u201c<\/td>\n<td style=\"text-align: center;\">\u201eDice-ching-o-mat\u201c (Dais\u010dingomatas)<\/td>\n<td style=\"text-align: center;\">51,33<\/td>\n<td>\n<p style=\"text-align: center;\">22 000<\/p>\n<\/td>\n<\/tr>\n<tr>\n<td style=\"text-align: center;\">4.<\/td>\n<td style=\"text-align: center;\">V\u0161\u012e \u201eBroom Films\u201c<\/td>\n<td style=\"text-align: center;\">\u201eRosa ir Dara\u201c (Rosa &amp; Dara and Their Great Summer Adventure)<\/td>\n<td style=\"text-align: center;\">50,33<\/td>\n<td>\n<p style=\"text-align: center;\">21 000<\/p>\n<\/td>\n<\/tr>\n<tr>\n<td style=\"text-align: center;\"><span style=\"font-weight: 400;\">5.<\/span><\/td>\n<td style=\"text-align: center;\"><span style=\"font-weight: 400;\">UAB \u201eFralita Films\u201c<\/span><\/td>\n<td style=\"text-align: center;\"><span style=\"font-weight: 400;\">\u201eMorten\u201c (Morten)<\/span><\/td>\n<td style=\"text-align: center;\"><span style=\"font-weight: 400;\">34,33<\/span><\/td>\n<td>\n<p style=\"text-align: center;\"><span style=\"font-weight: 400;\">0<\/span><\/p>\n<\/td>\n<\/tr>\n<\/tbody>\n<\/table>\n<p>&nbsp;<\/p>\n<p>&nbsp;<\/p>\n","protected":false},"excerpt":{"rendered":"<p>2025 met\u0173 Vilniaus kino fondo konkurso rezultatai &nbsp; Informuojame, kad Vilniaus miesto savivaldyb\u0117s Administracijos direktoriaus 2025 m. lapkri\u010dio 28 d. \u012fsakymu Nr. 30-3043\/25 patvirtintas Vilniaus miesto savivaldyb\u0117s biud\u017eeto kino projekt\u0173 finansavimui skirt\u0173 l\u0117\u0161\u0173 finansuojam\u0173 filmo gamybos darb\u0173 projekt\u0173 s\u0105ra\u0161as (konkurso rezultatai pateikti \u017eemiau). ! Visos organizacijos, kurioms yra skirtas finansavimas nuo 2025 m. gruod\u017eio 1 [&hellip;]<\/p>\n","protected":false},"author":8,"featured_media":0,"parent":0,"menu_order":0,"comment_status":"closed","ping_status":"closed","template":"page-with-header.php","meta":{"_acf_changed":false,"_monsterinsights_skip_tracking":false,"_monsterinsights_sitenote_active":false,"_monsterinsights_sitenote_note":"","_monsterinsights_sitenote_category":0,"footnotes":""},"class_list":["post-29659","page","type-page","status-publish","hentry"],"acf":[],"yoast_head":"<!-- This site is optimized with the Yoast SEO plugin v27.3 - https:\/\/yoast.com\/product\/yoast-seo-wordpress\/ -->\n<title>Vilniaus kino fondas ARCHYVAS - Vilnius film office<\/title>\n<meta name=\"robots\" content=\"index, follow, max-snippet:-1, max-image-preview:large, max-video-preview:-1\" \/>\n<link rel=\"canonical\" href=\"https:\/\/filmvilnius.com\/lt\/vilniaus-kino-fondas-archyvas\/\" \/>\n<meta property=\"og:locale\" content=\"lt_LT\" \/>\n<meta property=\"og:type\" content=\"article\" \/>\n<meta property=\"og:title\" content=\"Vilniaus kino fondas ARCHYVAS - Vilnius film office\" \/>\n<meta property=\"og:description\" content=\"2025 met\u0173 Vilniaus kino fondo konkurso rezultatai &nbsp; Informuojame, kad Vilniaus miesto savivaldyb\u0117s Administracijos direktoriaus 2025 m. lapkri\u010dio 28 d. \u012fsakymu Nr. 30-3043\/25 patvirtintas Vilniaus miesto savivaldyb\u0117s biud\u017eeto kino projekt\u0173 finansavimui skirt\u0173 l\u0117\u0161\u0173 finansuojam\u0173 filmo gamybos darb\u0173 projekt\u0173 s\u0105ra\u0161as (konkurso rezultatai pateikti \u017eemiau). ! Visos organizacijos, kurioms yra skirtas finansavimas nuo 2025 m. gruod\u017eio 1 [&hellip;]\" \/>\n<meta property=\"og:url\" content=\"https:\/\/filmvilnius.com\/lt\/vilniaus-kino-fondas-archyvas\/\" \/>\n<meta property=\"og:site_name\" content=\"Vilnius film office\" \/>\n<meta property=\"article:publisher\" content=\"https:\/\/www.facebook.com\/filmvilnius\" \/>\n<meta name=\"twitter:card\" content=\"summary_large_image\" \/>\n<meta name=\"twitter:site\" content=\"@FilmVilnius\" \/>\n<meta name=\"twitter:label1\" content=\"Est. reading time\" \/>\n\t<meta name=\"twitter:data1\" content=\"3 minut\u0117s\" \/>\n<script type=\"application\/ld+json\" class=\"yoast-schema-graph\">{\"@context\":\"https:\\\/\\\/schema.org\",\"@graph\":[{\"@type\":\"WebPage\",\"@id\":\"https:\\\/\\\/filmvilnius.com\\\/lt\\\/vilniaus-kino-fondas-archyvas\\\/\",\"url\":\"https:\\\/\\\/filmvilnius.com\\\/lt\\\/vilniaus-kino-fondas-archyvas\\\/\",\"name\":\"Vilniaus kino fondas ARCHYVAS - Vilnius film office\",\"isPartOf\":{\"@id\":\"https:\\\/\\\/filmvilnius.com\\\/#website\"},\"datePublished\":\"2026-04-02T12:14:09+00:00\",\"breadcrumb\":{\"@id\":\"https:\\\/\\\/filmvilnius.com\\\/lt\\\/vilniaus-kino-fondas-archyvas\\\/#breadcrumb\"},\"inLanguage\":\"lt-LT\",\"potentialAction\":[{\"@type\":\"ReadAction\",\"target\":[\"https:\\\/\\\/filmvilnius.com\\\/lt\\\/vilniaus-kino-fondas-archyvas\\\/\"]}]},{\"@type\":\"BreadcrumbList\",\"@id\":\"https:\\\/\\\/filmvilnius.com\\\/lt\\\/vilniaus-kino-fondas-archyvas\\\/#breadcrumb\",\"itemListElement\":[{\"@type\":\"ListItem\",\"position\":1,\"name\":\"Home\",\"item\":\"https:\\\/\\\/filmvilnius.com\\\/lt\\\/\"},{\"@type\":\"ListItem\",\"position\":2,\"name\":\"Vilniaus kino fondas ARCHYVAS\"}]},{\"@type\":\"WebSite\",\"@id\":\"https:\\\/\\\/filmvilnius.com\\\/#website\",\"url\":\"https:\\\/\\\/filmvilnius.com\\\/\",\"name\":\"Vilnius film office\",\"description\":\"\",\"publisher\":{\"@id\":\"https:\\\/\\\/filmvilnius.com\\\/#organization\"},\"potentialAction\":[{\"@type\":\"SearchAction\",\"target\":{\"@type\":\"EntryPoint\",\"urlTemplate\":\"https:\\\/\\\/filmvilnius.com\\\/?s={search_term_string}\"},\"query-input\":{\"@type\":\"PropertyValueSpecification\",\"valueRequired\":true,\"valueName\":\"search_term_string\"}}],\"inLanguage\":\"lt-LT\"},{\"@type\":\"Organization\",\"@id\":\"https:\\\/\\\/filmvilnius.com\\\/#organization\",\"name\":\"Vilniaus kino biuras\",\"url\":\"https:\\\/\\\/filmvilnius.com\\\/\",\"logo\":{\"@type\":\"ImageObject\",\"inLanguage\":\"lt-LT\",\"@id\":\"https:\\\/\\\/filmvilnius.com\\\/#\\\/schema\\\/logo\\\/image\\\/\",\"url\":\"https:\\\/\\\/filmvilnius.com\\\/wp-content\\\/uploads\\\/2022\\\/12\\\/VKB-Logo-2022-EN-2-V.jpg\",\"contentUrl\":\"https:\\\/\\\/filmvilnius.com\\\/wp-content\\\/uploads\\\/2022\\\/12\\\/VKB-Logo-2022-EN-2-V.jpg\",\"width\":1419,\"height\":1418,\"caption\":\"Vilniaus kino biuras\"},\"image\":{\"@id\":\"https:\\\/\\\/filmvilnius.com\\\/#\\\/schema\\\/logo\\\/image\\\/\"},\"sameAs\":[\"https:\\\/\\\/www.facebook.com\\\/filmvilnius\",\"https:\\\/\\\/x.com\\\/FilmVilnius\",\"https:\\\/\\\/www.instagram.com\\\/filmvilnius\\\/\"]}]}<\/script>\n<!-- \/ Yoast SEO plugin. -->","yoast_head_json":{"title":"Vilniaus kino fondas ARCHYVAS - Vilnius film office","robots":{"index":"index","follow":"follow","max-snippet":"max-snippet:-1","max-image-preview":"max-image-preview:large","max-video-preview":"max-video-preview:-1"},"canonical":"https:\/\/filmvilnius.com\/lt\/vilniaus-kino-fondas-archyvas\/","og_locale":"lt_LT","og_type":"article","og_title":"Vilniaus kino fondas ARCHYVAS - Vilnius film office","og_description":"2025 met\u0173 Vilniaus kino fondo konkurso rezultatai &nbsp; Informuojame, kad Vilniaus miesto savivaldyb\u0117s Administracijos direktoriaus 2025 m. lapkri\u010dio 28 d. \u012fsakymu Nr. 30-3043\/25 patvirtintas Vilniaus miesto savivaldyb\u0117s biud\u017eeto kino projekt\u0173 finansavimui skirt\u0173 l\u0117\u0161\u0173 finansuojam\u0173 filmo gamybos darb\u0173 projekt\u0173 s\u0105ra\u0161as (konkurso rezultatai pateikti \u017eemiau). ! Visos organizacijos, kurioms yra skirtas finansavimas nuo 2025 m. gruod\u017eio 1 [&hellip;]","og_url":"https:\/\/filmvilnius.com\/lt\/vilniaus-kino-fondas-archyvas\/","og_site_name":"Vilnius film office","article_publisher":"https:\/\/www.facebook.com\/filmvilnius","twitter_card":"summary_large_image","twitter_site":"@FilmVilnius","twitter_misc":{"Est. reading time":"3 minut\u0117s"},"schema":{"@context":"https:\/\/schema.org","@graph":[{"@type":"WebPage","@id":"https:\/\/filmvilnius.com\/lt\/vilniaus-kino-fondas-archyvas\/","url":"https:\/\/filmvilnius.com\/lt\/vilniaus-kino-fondas-archyvas\/","name":"Vilniaus kino fondas ARCHYVAS - Vilnius film office","isPartOf":{"@id":"https:\/\/filmvilnius.com\/#website"},"datePublished":"2026-04-02T12:14:09+00:00","breadcrumb":{"@id":"https:\/\/filmvilnius.com\/lt\/vilniaus-kino-fondas-archyvas\/#breadcrumb"},"inLanguage":"lt-LT","potentialAction":[{"@type":"ReadAction","target":["https:\/\/filmvilnius.com\/lt\/vilniaus-kino-fondas-archyvas\/"]}]},{"@type":"BreadcrumbList","@id":"https:\/\/filmvilnius.com\/lt\/vilniaus-kino-fondas-archyvas\/#breadcrumb","itemListElement":[{"@type":"ListItem","position":1,"name":"Home","item":"https:\/\/filmvilnius.com\/lt\/"},{"@type":"ListItem","position":2,"name":"Vilniaus kino fondas ARCHYVAS"}]},{"@type":"WebSite","@id":"https:\/\/filmvilnius.com\/#website","url":"https:\/\/filmvilnius.com\/","name":"Vilnius film office","description":"","publisher":{"@id":"https:\/\/filmvilnius.com\/#organization"},"potentialAction":[{"@type":"SearchAction","target":{"@type":"EntryPoint","urlTemplate":"https:\/\/filmvilnius.com\/?s={search_term_string}"},"query-input":{"@type":"PropertyValueSpecification","valueRequired":true,"valueName":"search_term_string"}}],"inLanguage":"lt-LT"},{"@type":"Organization","@id":"https:\/\/filmvilnius.com\/#organization","name":"Vilniaus kino biuras","url":"https:\/\/filmvilnius.com\/","logo":{"@type":"ImageObject","inLanguage":"lt-LT","@id":"https:\/\/filmvilnius.com\/#\/schema\/logo\/image\/","url":"https:\/\/filmvilnius.com\/wp-content\/uploads\/2022\/12\/VKB-Logo-2022-EN-2-V.jpg","contentUrl":"https:\/\/filmvilnius.com\/wp-content\/uploads\/2022\/12\/VKB-Logo-2022-EN-2-V.jpg","width":1419,"height":1418,"caption":"Vilniaus kino biuras"},"image":{"@id":"https:\/\/filmvilnius.com\/#\/schema\/logo\/image\/"},"sameAs":["https:\/\/www.facebook.com\/filmvilnius","https:\/\/x.com\/FilmVilnius","https:\/\/www.instagram.com\/filmvilnius\/"]}]}},"_links":{"self":[{"href":"https:\/\/filmvilnius.com\/lt\/wp-json\/wp\/v2\/pages\/29659","targetHints":{"allow":["GET"]}}],"collection":[{"href":"https:\/\/filmvilnius.com\/lt\/wp-json\/wp\/v2\/pages"}],"about":[{"href":"https:\/\/filmvilnius.com\/lt\/wp-json\/wp\/v2\/types\/page"}],"author":[{"embeddable":true,"href":"https:\/\/filmvilnius.com\/lt\/wp-json\/wp\/v2\/users\/8"}],"replies":[{"embeddable":true,"href":"https:\/\/filmvilnius.com\/lt\/wp-json\/wp\/v2\/comments?post=29659"}],"version-history":[{"count":1,"href":"https:\/\/filmvilnius.com\/lt\/wp-json\/wp\/v2\/pages\/29659\/revisions"}],"predecessor-version":[{"id":29660,"href":"https:\/\/filmvilnius.com\/lt\/wp-json\/wp\/v2\/pages\/29659\/revisions\/29660"}],"wp:attachment":[{"href":"https:\/\/filmvilnius.com\/lt\/wp-json\/wp\/v2\/media?parent=29659"}],"curies":[{"name":"wp","href":"https:\/\/api.w.org\/{rel}","templated":true}]}}