{"id":29753,"date":"2026-04-20T14:09:45","date_gmt":"2026-04-20T12:09:45","guid":{"rendered":"https:\/\/filmvilnius.com\/blog\/interviews\/"},"modified":"2026-04-20T14:21:20","modified_gmt":"2026-04-20T12:21:20","slug":"interviu","status":"publish","type":"page","link":"https:\/\/filmvilnius.com\/lt\/blog\/interviu\/","title":{"rendered":"Interviu"},"content":{"rendered":"\t\t<div data-elementor-type=\"wp-page\" data-elementor-id=\"29753\" class=\"elementor elementor-29753 elementor-29741\" data-elementor-post-type=\"page\">\n\t\t\t\t<div class=\"elementor-element elementor-element-189cfcd4 e-con-full e-flex e-con e-parent\" data-id=\"189cfcd4\" data-element_type=\"container\" data-e-type=\"container\" data-settings=\"{&quot;background_background&quot;:&quot;classic&quot;}\">\n\t\t\t\t<\/div>\n\t\t<div class=\"elementor-element elementor-element-1aaae4e7 e-flex e-con-boxed e-con e-parent\" data-id=\"1aaae4e7\" data-element_type=\"container\" data-e-type=\"container\" id=\"latest-news\">\n\t\t\t\t\t<div class=\"e-con-inner\">\n\t\t<div class=\"elementor-element elementor-element-f95cab6 e-con-full e-flex e-con e-child\" data-id=\"f95cab6\" data-element_type=\"container\" data-e-type=\"container\">\n\t\t\t\t<div class=\"elementor-element elementor-element-4d00d64 elementor-grid-2 elementor-grid-tablet-2 elementor-grid-mobile-1 elementor-widget elementor-widget-loop-grid\" data-id=\"4d00d64\" data-element_type=\"widget\" data-e-type=\"widget\" data-settings=\"{&quot;template_id&quot;:18882,&quot;columns&quot;:2,&quot;row_gap&quot;:{&quot;unit&quot;:&quot;px&quot;,&quot;size&quot;:72,&quot;sizes&quot;:[]},&quot;pagination_type&quot;:&quot;numbers_and_prev_next&quot;,&quot;row_gap_tablet_extra&quot;:{&quot;unit&quot;:&quot;px&quot;,&quot;size&quot;:40,&quot;sizes&quot;:[]},&quot;pagination_load_type&quot;:&quot;ajax&quot;,&quot;_skin&quot;:&quot;post&quot;,&quot;columns_tablet&quot;:&quot;2&quot;,&quot;columns_mobile&quot;:&quot;1&quot;,&quot;edit_handle_selector&quot;:&quot;[data-elementor-type=\\&quot;loop-item\\&quot;]&quot;,&quot;row_gap_laptop&quot;:{&quot;unit&quot;:&quot;px&quot;,&quot;size&quot;:&quot;&quot;,&quot;sizes&quot;:[]},&quot;row_gap_tablet&quot;:{&quot;unit&quot;:&quot;px&quot;,&quot;size&quot;:&quot;&quot;,&quot;sizes&quot;:[]},&quot;row_gap_mobile&quot;:{&quot;unit&quot;:&quot;px&quot;,&quot;size&quot;:&quot;&quot;,&quot;sizes&quot;:[]}}\" data-widget_type=\"loop-grid.post\">\n\t\t\t\t<div class=\"elementor-widget-container\">\n\t\t\t\t\t\t\t<div class=\"elementor-loop-container elementor-grid\" role=\"list\">\n\t\t<style id=\"loop-18882\">.elementor-18882 .elementor-element.elementor-element-c648cb8{--display:flex;--min-height:432px;--flex-direction:column;--container-widget-width:calc( ( 1 - var( --container-widget-flex-grow ) ) * 100% );--container-widget-height:initial;--container-widget-flex-grow:0;--container-widget-align-self:initial;--flex-wrap-mobile:wrap;--justify-content:flex-end;--align-items:flex-end;--gap:0px 0px;--row-gap:0px;--column-gap:0px;--overlay-opacity:0.5;--overlay-mix-blend-mode:multiply;--margin-top:0px;--margin-bottom:0px;--margin-left:0px;--margin-right:0px;--padding-top:32px;--padding-bottom:32px;--padding-left:16px;--padding-right:16px;}.elementor-18882 .elementor-element.elementor-element-c648cb8::before, .elementor-18882 .elementor-element.elementor-element-c648cb8 > .elementor-background-video-container::before, .elementor-18882 .elementor-element.elementor-element-c648cb8 > .e-con-inner > .elementor-background-video-container::before, .elementor-18882 .elementor-element.elementor-element-c648cb8 > .elementor-background-slideshow::before, .elementor-18882 .elementor-element.elementor-element-c648cb8 > .e-con-inner > .elementor-background-slideshow::before, .elementor-18882 .elementor-element.elementor-element-c648cb8 > .elementor-motion-effects-container > .elementor-motion-effects-layer::before{--background-overlay:'';background-color:transparent;background-image:linear-gradient(0deg, #00000080 33.82%, #00000000 108.45%);}.elementor-18882 .elementor-element.elementor-element-c648cb8::before{filter:brightness( 100% ) contrast( 100% ) saturate( 100% ) blur( 0px ) hue-rotate( 0deg );}.elementor-widget-post-info .elementor-icon-list-item:not(:last-child):after{border-color:var( --e-global-color-text );}.elementor-widget-post-info .elementor-icon-list-icon i{color:var( --e-global-color-primary );}.elementor-widget-post-info .elementor-icon-list-icon svg{fill:var( --e-global-color-primary );}.elementor-widget-post-info .elementor-icon-list-text, .elementor-widget-post-info .elementor-icon-list-text a{color:var( --e-global-color-secondary );}.elementor-widget-post-info .elementor-icon-list-item{font-family:var( --e-global-typography-text-font-family ), Space Grotesk;font-size:var( --e-global-typography-text-font-size );font-weight:var( --e-global-typography-text-font-weight );text-transform:var( --e-global-typography-text-text-transform );letter-spacing:var( --e-global-typography-text-letter-spacing );}.elementor-18882 .elementor-element.elementor-element-b13ffd0 .elementor-icon-list-icon{width:14px;}.elementor-18882 .elementor-element.elementor-element-b13ffd0 .elementor-icon-list-icon i{font-size:14px;}.elementor-18882 .elementor-element.elementor-element-b13ffd0 .elementor-icon-list-icon svg{--e-icon-list-icon-size:14px;}.elementor-18882 .elementor-element.elementor-element-b13ffd0 .elementor-icon-list-text, .elementor-18882 .elementor-element.elementor-element-b13ffd0 .elementor-icon-list-text a{color:var( --e-global-color-accent );}.elementor-18882 .elementor-element.elementor-element-b13ffd0 .elementor-icon-list-item{font-family:var( --e-global-typography-secondary-font-family ), Space Grotesk;font-size:var( --e-global-typography-secondary-font-size );font-weight:var( --e-global-typography-secondary-font-weight );text-transform:var( --e-global-typography-secondary-text-transform );line-height:var( --e-global-typography-secondary-line-height );letter-spacing:var( --e-global-typography-secondary-letter-spacing );}.elementor-18882 .elementor-element.elementor-element-b13ffd0 > .elementor-widget-container{margin:0px 0px 8px 0px;padding:0px 0px 0px 0px;}.elementor-18882 .elementor-element.elementor-element-b13ffd0{width:100%;max-width:100%;}.elementor-widget-theme-post-title .elementor-heading-title{font-family:var( --e-global-typography-primary-font-family ), Space Grotesk;font-size:var( --e-global-typography-primary-font-size );font-weight:var( --e-global-typography-primary-font-weight );text-transform:var( --e-global-typography-primary-text-transform );letter-spacing:var( --e-global-typography-primary-letter-spacing );color:var( --e-global-color-primary );}.elementor-18882 .elementor-element.elementor-element-a43fc06{text-align:start;}.elementor-18882 .elementor-element.elementor-element-a43fc06 .elementor-heading-title{font-size:24px;font-weight:700;text-transform:none;line-height:40px;letter-spacing:2.2px;color:var( --e-global-color-text );}.elementor-18882 .elementor-element.elementor-element-a43fc06.elementor-element{--align-self:flex-start;}.elementor-18882 .elementor-element.elementor-element-fbe4bfb{--display:flex;--margin-top:0px;--margin-bottom:0px;--margin-left:0px;--margin-right:0px;--padding-top:0px;--padding-bottom:0px;--padding-left:0px;--padding-right:0px;--position:absolute;top:0px;}body:not(.rtl) .elementor-18882 .elementor-element.elementor-element-fbe4bfb{left:0px;}body.rtl .elementor-18882 .elementor-element.elementor-element-fbe4bfb{right:0px;}.elementor-widget-theme-post-featured-image .widget-image-caption{color:var( --e-global-color-text );font-family:var( --e-global-typography-text-font-family ), Space Grotesk;font-size:var( --e-global-typography-text-font-size );font-weight:var( --e-global-typography-text-font-weight );text-transform:var( --e-global-typography-text-text-transform );letter-spacing:var( --e-global-typography-text-letter-spacing );}.elementor-18882 .elementor-element.elementor-element-d16650c img{width:100%;height:432px;object-fit:cover;object-position:center center;}.elementor-18882 .elementor-element.elementor-element-d16650c > .elementor-widget-container{margin:0px 0px 0px 0px;padding:0px 0px 0px 0px;}.elementor-18882 .elementor-element.elementor-element-d16650c{width:100%;max-width:100%;top:0px;z-index:-1;}body:not(.rtl) .elementor-18882 .elementor-element.elementor-element-d16650c{left:0px;}body.rtl .elementor-18882 .elementor-element.elementor-element-d16650c{right:0px;}@media(max-width:1600px){.elementor-widget-post-info .elementor-icon-list-item{font-size:var( --e-global-typography-text-font-size );letter-spacing:var( --e-global-typography-text-letter-spacing );}.elementor-18882 .elementor-element.elementor-element-b13ffd0 .elementor-icon-list-item{font-size:var( --e-global-typography-secondary-font-size );line-height:var( --e-global-typography-secondary-line-height );letter-spacing:var( --e-global-typography-secondary-letter-spacing );}.elementor-widget-theme-post-title .elementor-heading-title{font-size:var( --e-global-typography-primary-font-size );letter-spacing:var( --e-global-typography-primary-letter-spacing );}.elementor-widget-theme-post-featured-image .widget-image-caption{font-size:var( --e-global-typography-text-font-size );letter-spacing:var( --e-global-typography-text-letter-spacing );}}@media(max-width:1024px){.elementor-18882 .elementor-element.elementor-element-c648cb8{--min-height:232px;}.elementor-widget-post-info .elementor-icon-list-item{font-size:var( --e-global-typography-text-font-size );letter-spacing:var( --e-global-typography-text-letter-spacing );}.elementor-18882 .elementor-element.elementor-element-b13ffd0 .elementor-icon-list-item{font-size:var( --e-global-typography-secondary-font-size );line-height:var( --e-global-typography-secondary-line-height );letter-spacing:var( --e-global-typography-secondary-letter-spacing );}.elementor-widget-theme-post-title .elementor-heading-title{font-size:var( --e-global-typography-primary-font-size );letter-spacing:var( --e-global-typography-primary-letter-spacing );}.elementor-18882 .elementor-element.elementor-element-a43fc06 .elementor-heading-title{font-size:15px;line-height:24px;}.elementor-widget-theme-post-featured-image .widget-image-caption{font-size:var( --e-global-typography-text-font-size );letter-spacing:var( --e-global-typography-text-letter-spacing );}}@media(max-width:767px){.elementor-widget-post-info .elementor-icon-list-item{font-size:var( --e-global-typography-text-font-size );letter-spacing:var( --e-global-typography-text-letter-spacing );}.elementor-18882 .elementor-element.elementor-element-b13ffd0 .elementor-icon-list-item{font-size:var( --e-global-typography-secondary-font-size );line-height:var( --e-global-typography-secondary-line-height );letter-spacing:var( --e-global-typography-secondary-letter-spacing );}.elementor-widget-theme-post-title .elementor-heading-title{font-size:var( --e-global-typography-primary-font-size );letter-spacing:var( --e-global-typography-primary-letter-spacing );}.elementor-widget-theme-post-featured-image .widget-image-caption{font-size:var( --e-global-typography-text-font-size );letter-spacing:var( --e-global-typography-text-letter-spacing );}}<\/style>\t\t<div data-elementor-type=\"loop-item\" data-elementor-id=\"18882\" class=\"elementor elementor-18882 e-loop-item e-loop-item-29725 post-29725 post type-post status-publish format-standard has-post-thumbnail hentry category-interviu category-news category-su-veidais tag-animacija tag-hell-corporation tag-meinardas tag-meinart tag-serialas\" data-elementor-post-type=\"elementor_library\" data-custom-edit-handle=\"1\">\n\t\t\t<div class=\"elementor-element elementor-element-c648cb8 e-con-full posts-wrapper-overlay e-flex e-con e-parent\" data-id=\"c648cb8\" data-element_type=\"container\" data-e-type=\"container\">\n\t\t\t\t<div class=\"elementor-element elementor-element-b13ffd0 elementor-widget__width-inherit elementor-widget elementor-widget-post-info\" data-id=\"b13ffd0\" data-element_type=\"widget\" data-e-type=\"widget\" data-widget_type=\"post-info.default\">\n\t\t\t\t<div class=\"elementor-widget-container\">\n\t\t\t\t\t\t\t<ul class=\"elementor-inline-items elementor-icon-list-items elementor-post-info\">\n\t\t\t\t\t\t\t\t<li class=\"elementor-icon-list-item elementor-repeater-item-7a0dfb8 elementor-inline-item\" itemprop=\"datePublished\">\n\t\t\t\t\t\t<a href=\"https:\/\/filmvilnius.com\/lt\/2026\/04\/17\/\">\n\t\t\t\t\t\t\t\t\t\t\t\t\t\t<span class=\"elementor-icon-list-text elementor-post-info__item elementor-post-info__item--type-date\">\n\t\t\t\t\t\t\t\t\t\t<time>17 baland\u017eio, 2026<\/time>\t\t\t\t\t<\/span>\n\t\t\t\t\t\t\t\t\t<\/a>\n\t\t\t\t<\/li>\n\t\t\t\t<\/ul>\n\t\t\t\t\t\t<\/div>\n\t\t\t\t<\/div>\n\t\t\t\t<div class=\"elementor-element elementor-element-a43fc06 elementor-widget elementor-widget-theme-post-title elementor-page-title elementor-widget-heading\" data-id=\"a43fc06\" data-element_type=\"widget\" data-e-type=\"widget\" data-widget_type=\"theme-post-title.default\">\n\t\t\t\t<div class=\"elementor-widget-container\">\n\t\t\t\t\t<h4 class=\"elementor-heading-title elementor-size-default\"><a href=\"https:\/\/filmvilnius.com\/lt\/pragaras-kaip-ofisas-kurejai-apie-animacija-suaugusiems\/\">\u201ePragaras kaip ofisas?\u201c: k\u016br\u0117jai apie animacij\u0105 suaugusiems, korporacij\u0173 absurd\u0105 ir kod\u0117l \u0161iandien tam pats laikas<\/a><\/h4>\t\t\t\t<\/div>\n\t\t\t\t<\/div>\n\t\t<a class=\"elementor-element elementor-element-fbe4bfb e-con-full post-link-wrapper e-flex e-con e-child\" data-id=\"fbe4bfb\" data-element_type=\"container\" data-e-type=\"container\" data-settings=\"{&quot;position&quot;:&quot;absolute&quot;}\" href=\"https:\/\/filmvilnius.com\/lt\/pragaras-kaip-ofisas-kurejai-apie-animacija-suaugusiems\/\">\n\t\t\t\t<\/a>\n\t\t\t\t<div class=\"elementor-element elementor-element-d16650c elementor-widget__width-inherit elementor-absolute posts-wrapper-img elementor-widget elementor-widget-theme-post-featured-image elementor-widget-image\" data-id=\"d16650c\" data-element_type=\"widget\" data-e-type=\"widget\" data-settings=\"{&quot;_position&quot;:&quot;absolute&quot;}\" data-widget_type=\"theme-post-featured-image.default\">\n\t\t\t\t<div class=\"elementor-widget-container\">\n\t\t\t\t\t\t\t\t\t\t\t\t\t\t\t\t<a href=\"https:\/\/filmvilnius.com\/lt\/pragaras-kaip-ofisas-kurejai-apie-animacija-suaugusiems\/\">\n\t\t\t\t\t\t\t<img fetchpriority=\"high\" decoding=\"async\" width=\"1920\" height=\"1207\" src=\"https:\/\/filmvilnius.com\/wp-content\/uploads\/2026\/04\/Meinardas-Valkevic\u2560iius-rez\u2560iisierius.jpg\" class=\"attachment-full size-full wp-image-29734\" alt=\"\" srcset=\"https:\/\/filmvilnius.com\/wp-content\/uploads\/2026\/04\/Meinardas-Valkevic\u2560iius-rez\u2560iisierius.jpg 1920w, https:\/\/filmvilnius.com\/wp-content\/uploads\/2026\/04\/Meinardas-Valkevic\u2560iius-rez\u2560iisierius-300x189.jpg 300w, https:\/\/filmvilnius.com\/wp-content\/uploads\/2026\/04\/Meinardas-Valkevic\u2560iius-rez\u2560iisierius-1024x644.jpg 1024w, https:\/\/filmvilnius.com\/wp-content\/uploads\/2026\/04\/Meinardas-Valkevic\u2560iius-rez\u2560iisierius-768x483.jpg 768w, https:\/\/filmvilnius.com\/wp-content\/uploads\/2026\/04\/Meinardas-Valkevic\u2560iius-rez\u2560iisierius-1536x966.jpg 1536w\" sizes=\"(max-width: 1920px) 100vw, 1920px\" \/>\t\t\t\t\t\t\t\t<\/a>\n\t\t\t\t\t\t\t\t\t\t\t\t\t\t\t<\/div>\n\t\t\t\t<\/div>\n\t\t\t\t<\/div>\n\t\t\t\t<\/div>\n\t\t\t\t<\/div>\n\t\t\n\t\t\t\t\t\t<\/div>\n\t\t\t\t<\/div>\n\t\t\t\t<\/div>\n\t\t\t\t\t<\/div>\n\t\t\t\t<\/div>\n\t\t\t\t<\/div>\n\t\t","protected":false},"excerpt":{"rendered":"","protected":false},"author":8,"featured_media":0,"parent":20392,"menu_order":0,"comment_status":"closed","ping_status":"closed","template":"","meta":{"_acf_changed":false,"_monsterinsights_skip_tracking":false,"_monsterinsights_sitenote_active":false,"_monsterinsights_sitenote_note":"","_monsterinsights_sitenote_category":0,"footnotes":""},"class_list":["post-29753","page","type-page","status-publish","hentry"],"acf":[],"yoast_head":"<!-- This site is optimized with the Yoast SEO plugin v27.4 - https:\/\/yoast.com\/product\/yoast-seo-wordpress\/ -->\n<title>Interviu - Vilnius film office<\/title>\n<meta name=\"robots\" content=\"index, follow, max-snippet:-1, max-image-preview:large, max-video-preview:-1\" \/>\n<link rel=\"canonical\" href=\"https:\/\/filmvilnius.com\/lt\/blog\/interviu\/\" \/>\n<meta property=\"og:locale\" content=\"lt_LT\" \/>\n<meta property=\"og:type\" content=\"article\" \/>\n<meta property=\"og:title\" content=\"Interviu - Vilnius film office\" \/>\n<meta property=\"og:url\" content=\"https:\/\/filmvilnius.com\/lt\/blog\/interviu\/\" \/>\n<meta property=\"og:site_name\" content=\"Vilnius film office\" \/>\n<meta property=\"article:publisher\" content=\"https:\/\/www.facebook.com\/filmvilnius\" \/>\n<meta property=\"article:modified_time\" content=\"2026-04-20T12:21:20+00:00\" \/>\n<meta name=\"twitter:card\" content=\"summary_large_image\" \/>\n<meta name=\"twitter:site\" content=\"@FilmVilnius\" \/>\n<script type=\"application\/ld+json\" class=\"yoast-schema-graph\">{\"@context\":\"https:\\\/\\\/schema.org\",\"@graph\":[{\"@type\":\"WebPage\",\"@id\":\"https:\\\/\\\/filmvilnius.com\\\/lt\\\/blog\\\/interviu\\\/\",\"url\":\"https:\\\/\\\/filmvilnius.com\\\/lt\\\/blog\\\/interviu\\\/\",\"name\":\"Interviu - Vilnius film office\",\"isPartOf\":{\"@id\":\"https:\\\/\\\/filmvilnius.com\\\/#website\"},\"datePublished\":\"2026-04-20T12:09:45+00:00\",\"dateModified\":\"2026-04-20T12:21:20+00:00\",\"breadcrumb\":{\"@id\":\"https:\\\/\\\/filmvilnius.com\\\/lt\\\/blog\\\/interviu\\\/#breadcrumb\"},\"inLanguage\":\"lt-LT\",\"potentialAction\":[{\"@type\":\"ReadAction\",\"target\":[\"https:\\\/\\\/filmvilnius.com\\\/lt\\\/blog\\\/interviu\\\/\"]}]},{\"@type\":\"BreadcrumbList\",\"@id\":\"https:\\\/\\\/filmvilnius.com\\\/lt\\\/blog\\\/interviu\\\/#breadcrumb\",\"itemListElement\":[{\"@type\":\"ListItem\",\"position\":1,\"name\":\"Home\",\"item\":\"https:\\\/\\\/filmvilnius.com\\\/lt\\\/\"},{\"@type\":\"ListItem\",\"position\":2,\"name\":\"Naujienos\",\"item\":\"https:\\\/\\\/filmvilnius.com\\\/lt\\\/blog\\\/\"},{\"@type\":\"ListItem\",\"position\":3,\"name\":\"Interviu\"}]},{\"@type\":\"WebSite\",\"@id\":\"https:\\\/\\\/filmvilnius.com\\\/#website\",\"url\":\"https:\\\/\\\/filmvilnius.com\\\/\",\"name\":\"Vilnius film office\",\"description\":\"\",\"publisher\":{\"@id\":\"https:\\\/\\\/filmvilnius.com\\\/#organization\"},\"potentialAction\":[{\"@type\":\"SearchAction\",\"target\":{\"@type\":\"EntryPoint\",\"urlTemplate\":\"https:\\\/\\\/filmvilnius.com\\\/?s={search_term_string}\"},\"query-input\":{\"@type\":\"PropertyValueSpecification\",\"valueRequired\":true,\"valueName\":\"search_term_string\"}}],\"inLanguage\":\"lt-LT\"},{\"@type\":\"Organization\",\"@id\":\"https:\\\/\\\/filmvilnius.com\\\/#organization\",\"name\":\"Vilniaus kino biuras\",\"url\":\"https:\\\/\\\/filmvilnius.com\\\/\",\"logo\":{\"@type\":\"ImageObject\",\"inLanguage\":\"lt-LT\",\"@id\":\"https:\\\/\\\/filmvilnius.com\\\/#\\\/schema\\\/logo\\\/image\\\/\",\"url\":\"https:\\\/\\\/filmvilnius.com\\\/wp-content\\\/uploads\\\/2022\\\/12\\\/VKB-Logo-2022-EN-2-V.jpg\",\"contentUrl\":\"https:\\\/\\\/filmvilnius.com\\\/wp-content\\\/uploads\\\/2022\\\/12\\\/VKB-Logo-2022-EN-2-V.jpg\",\"width\":1419,\"height\":1418,\"caption\":\"Vilniaus kino biuras\"},\"image\":{\"@id\":\"https:\\\/\\\/filmvilnius.com\\\/#\\\/schema\\\/logo\\\/image\\\/\"},\"sameAs\":[\"https:\\\/\\\/www.facebook.com\\\/filmvilnius\",\"https:\\\/\\\/x.com\\\/FilmVilnius\",\"https:\\\/\\\/www.instagram.com\\\/filmvilnius\\\/\"]}]}<\/script>\n<!-- \/ Yoast SEO plugin. -->","yoast_head_json":{"title":"Interviu - Vilnius film office","robots":{"index":"index","follow":"follow","max-snippet":"max-snippet:-1","max-image-preview":"max-image-preview:large","max-video-preview":"max-video-preview:-1"},"canonical":"https:\/\/filmvilnius.com\/lt\/blog\/interviu\/","og_locale":"lt_LT","og_type":"article","og_title":"Interviu - Vilnius film office","og_url":"https:\/\/filmvilnius.com\/lt\/blog\/interviu\/","og_site_name":"Vilnius film office","article_publisher":"https:\/\/www.facebook.com\/filmvilnius","article_modified_time":"2026-04-20T12:21:20+00:00","twitter_card":"summary_large_image","twitter_site":"@FilmVilnius","schema":{"@context":"https:\/\/schema.org","@graph":[{"@type":"WebPage","@id":"https:\/\/filmvilnius.com\/lt\/blog\/interviu\/","url":"https:\/\/filmvilnius.com\/lt\/blog\/interviu\/","name":"Interviu - Vilnius film office","isPartOf":{"@id":"https:\/\/filmvilnius.com\/#website"},"datePublished":"2026-04-20T12:09:45+00:00","dateModified":"2026-04-20T12:21:20+00:00","breadcrumb":{"@id":"https:\/\/filmvilnius.com\/lt\/blog\/interviu\/#breadcrumb"},"inLanguage":"lt-LT","potentialAction":[{"@type":"ReadAction","target":["https:\/\/filmvilnius.com\/lt\/blog\/interviu\/"]}]},{"@type":"BreadcrumbList","@id":"https:\/\/filmvilnius.com\/lt\/blog\/interviu\/#breadcrumb","itemListElement":[{"@type":"ListItem","position":1,"name":"Home","item":"https:\/\/filmvilnius.com\/lt\/"},{"@type":"ListItem","position":2,"name":"Naujienos","item":"https:\/\/filmvilnius.com\/lt\/blog\/"},{"@type":"ListItem","position":3,"name":"Interviu"}]},{"@type":"WebSite","@id":"https:\/\/filmvilnius.com\/#website","url":"https:\/\/filmvilnius.com\/","name":"Vilnius film office","description":"","publisher":{"@id":"https:\/\/filmvilnius.com\/#organization"},"potentialAction":[{"@type":"SearchAction","target":{"@type":"EntryPoint","urlTemplate":"https:\/\/filmvilnius.com\/?s={search_term_string}"},"query-input":{"@type":"PropertyValueSpecification","valueRequired":true,"valueName":"search_term_string"}}],"inLanguage":"lt-LT"},{"@type":"Organization","@id":"https:\/\/filmvilnius.com\/#organization","name":"Vilniaus kino biuras","url":"https:\/\/filmvilnius.com\/","logo":{"@type":"ImageObject","inLanguage":"lt-LT","@id":"https:\/\/filmvilnius.com\/#\/schema\/logo\/image\/","url":"https:\/\/filmvilnius.com\/wp-content\/uploads\/2022\/12\/VKB-Logo-2022-EN-2-V.jpg","contentUrl":"https:\/\/filmvilnius.com\/wp-content\/uploads\/2022\/12\/VKB-Logo-2022-EN-2-V.jpg","width":1419,"height":1418,"caption":"Vilniaus kino biuras"},"image":{"@id":"https:\/\/filmvilnius.com\/#\/schema\/logo\/image\/"},"sameAs":["https:\/\/www.facebook.com\/filmvilnius","https:\/\/x.com\/FilmVilnius","https:\/\/www.instagram.com\/filmvilnius\/"]}]}},"_links":{"self":[{"href":"https:\/\/filmvilnius.com\/lt\/wp-json\/wp\/v2\/pages\/29753","targetHints":{"allow":["GET"]}}],"collection":[{"href":"https:\/\/filmvilnius.com\/lt\/wp-json\/wp\/v2\/pages"}],"about":[{"href":"https:\/\/filmvilnius.com\/lt\/wp-json\/wp\/v2\/types\/page"}],"author":[{"embeddable":true,"href":"https:\/\/filmvilnius.com\/lt\/wp-json\/wp\/v2\/users\/8"}],"replies":[{"embeddable":true,"href":"https:\/\/filmvilnius.com\/lt\/wp-json\/wp\/v2\/comments?post=29753"}],"version-history":[{"count":1,"href":"https:\/\/filmvilnius.com\/lt\/wp-json\/wp\/v2\/pages\/29753\/revisions"}],"predecessor-version":[{"id":29754,"href":"https:\/\/filmvilnius.com\/lt\/wp-json\/wp\/v2\/pages\/29753\/revisions\/29754"}],"up":[{"embeddable":true,"href":"https:\/\/filmvilnius.com\/lt\/wp-json\/wp\/v2\/pages\/20392"}],"wp:attachment":[{"href":"https:\/\/filmvilnius.com\/lt\/wp-json\/wp\/v2\/media?parent=29753"}],"curies":[{"name":"wp","href":"https:\/\/api.w.org\/{rel}","templated":true}]}}