{"id":5632,"date":"2021-09-28T22:40:01","date_gmt":"2021-09-28T22:40:01","guid":{"rendered":"https:\/\/fabrique.me\/?page_id=5632"},"modified":"2023-11-30T07:21:15","modified_gmt":"2023-11-30T07:21:15","slug":"film-tax-incentive","status":"publish","type":"page","link":"https:\/\/filmvilnius.com\/lt\/film-tax-incentive\/","title":{"rendered":"PELNO MOKES\u010cIO LENGVATA"},"content":{"rendered":"\t\t<div data-elementor-type=\"wp-page\" data-elementor-id=\"5632\" class=\"elementor elementor-5632\" data-elementor-post-type=\"page\">\n\t\t\t\t<div class=\"elementor-element elementor-element-608e6a3 e-con-full e-flex e-con e-parent\" data-id=\"608e6a3\" data-element_type=\"container\" data-e-type=\"container\" data-settings=\"{&quot;background_background&quot;:&quot;classic&quot;}\">\n\t\t\t\t<\/div>\n\t\t<div class=\"elementor-element elementor-element-3876524 e-flex e-con-boxed e-con e-parent\" data-id=\"3876524\" data-element_type=\"container\" data-e-type=\"container\">\n\t\t\t\t\t<div class=\"e-con-inner\">\n\t\t\t\t<div class=\"elementor-element elementor-element-4be6734 elementor-widget elementor-widget-heading\" data-id=\"4be6734\" data-element_type=\"widget\" data-e-type=\"widget\" data-widget_type=\"heading.default\">\n\t\t\t\t<div class=\"elementor-widget-container\">\n\t\t\t\t\t<h2 class=\"elementor-heading-title elementor-size-default\">Pelno mokes\u010dio lengvata film\u0173 gamybai Lietuvoje<\/h2>\t\t\t\t<\/div>\n\t\t\t\t<\/div>\n\t\t\t\t<div class=\"elementor-element elementor-element-c6acbb9 elementor-widget elementor-widget-text-editor\" data-id=\"c6acbb9\" data-element_type=\"widget\" data-e-type=\"widget\" data-widget_type=\"text-editor.default\">\n\t\t\t\t<div class=\"elementor-widget-container\">\n\t\t\t\t\t\t\t\t\t<p>Pagrindinis pelno mokes\u010dio lengvatos tikslas \u2013 sudaryti palankias film\u0173 gamybos s\u0105lygas Lietuvoje \u0161alies ir u\u017esienio film\u0173 gamintojams ir galimyb\u0119 Lietuvos \u012fmon\u0117ms, norin\u010dioms neatlygintinai suteikti l\u0117\u0161\u0173 filmo gamybai, susima\u017einti pelno mokest\u012f. Pasinaudoti mokestine lengvata gali Lietuvos filmo gamintojas, gaminantis nacionalin\u012f, bendros gamybos bei u\u017esakyt\u0105 film\u0105 ar jo dal\u012f.<\/p><p>Filmo gamintojas bent 80 % filmo ar jo dalies tinkam\u0173 gamybos i\u0161laid\u0173 turi patirti Lietuvoje.<\/p><p>Lietuvoje patirtos i\u0161laidos turi b\u016bti ne ma\u017eesn\u0117s kaip 43 000 eur\u0173.<\/p><p>Filmas turi atitikti kult\u016brinio turinio ir gamybos kriterijus.<\/p><p>Pelno mokes\u010dio lengvatos proced\u016bras administruoja Lietuvos kino centras.<\/p>\t\t\t\t\t\t\t\t<\/div>\n\t\t\t\t<\/div>\n\t\t\t\t<div class=\"elementor-element elementor-element-34683a2 elementor-widget elementor-widget-heading\" data-id=\"34683a2\" data-element_type=\"widget\" data-e-type=\"widget\" data-widget_type=\"heading.default\">\n\t\t\t\t<div class=\"elementor-widget-container\">\n\t\t\t\t\t<h5 class=\"elementor-heading-title elementor-size-default\">Daugiau informacijos:<\/h5>\t\t\t\t<\/div>\n\t\t\t\t<\/div>\n\t\t\t\t<div class=\"elementor-element elementor-element-3d1472e elementor-widget__width-initial elementor-widget elementor-widget-image\" data-id=\"3d1472e\" data-element_type=\"widget\" data-e-type=\"widget\" data-widget_type=\"image.default\">\n\t\t\t\t<div class=\"elementor-widget-container\">\n\t\t\t\t\t\t\t\t\t\t\t\t\t\t\t\t<a href=\"https:\/\/www.lkc.lt\/pelno-mokescio-lengvata\" target=\"_blank\">\n\t\t\t\t\t\t\t<img decoding=\"async\" src=\"https:\/\/filmvilnius.com\/wp-content\/uploads\/elementor\/thumbs\/download-qg2b1376zkbh086mrvjxzmuxqla35klk74161fha0w.png\" title=\"download\" alt=\"download\" loading=\"lazy\" \/>\t\t\t\t\t\t\t\t<\/a>\n\t\t\t\t\t\t\t\t\t\t\t\t\t\t\t<\/div>\n\t\t\t\t<\/div>\n\t\t\t\t\t<\/div>\n\t\t\t\t<\/div>\n\t\t\t\t<\/div>\n\t\t","protected":false},"excerpt":{"rendered":"<p>Pelno mokes\u010dio lengvata film\u0173 gamybai Lietuvoje Pagrindinis pelno mokes\u010dio lengvatos tikslas \u2013 sudaryti palankias film\u0173 gamybos s\u0105lygas Lietuvoje \u0161alies ir u\u017esienio film\u0173 gamintojams ir galimyb\u0119 Lietuvos \u012fmon\u0117ms, norin\u010dioms neatlygintinai suteikti l\u0117\u0161\u0173 filmo gamybai, susima\u017einti pelno mokest\u012f. Pasinaudoti mokestine lengvata gali Lietuvos filmo gamintojas, gaminantis nacionalin\u012f, bendros gamybos bei u\u017esakyt\u0105 film\u0105 ar jo dal\u012f. Filmo gamintojas [&hellip;]<\/p>\n","protected":false},"author":3,"featured_media":0,"parent":0,"menu_order":0,"comment_status":"closed","ping_status":"closed","template":"","meta":{"_acf_changed":false,"_monsterinsights_skip_tracking":false,"_monsterinsights_sitenote_active":false,"_monsterinsights_sitenote_note":"","_monsterinsights_sitenote_category":0,"footnotes":""},"class_list":["post-5632","page","type-page","status-publish","hentry"],"acf":[],"yoast_head":"<!-- This site is optimized with the Yoast SEO plugin v27.4 - https:\/\/yoast.com\/product\/yoast-seo-wordpress\/ -->\n<title>PELNO MOKES\u010cIO LENGVATA - Vilnius film office<\/title>\n<meta name=\"robots\" content=\"index, follow, max-snippet:-1, max-image-preview:large, max-video-preview:-1\" \/>\n<link rel=\"canonical\" href=\"https:\/\/filmvilnius.com\/lt\/film-tax-incentive\/\" \/>\n<meta property=\"og:locale\" content=\"lt_LT\" \/>\n<meta property=\"og:type\" content=\"article\" \/>\n<meta property=\"og:title\" content=\"PELNO MOKES\u010cIO LENGVATA - Vilnius film office\" \/>\n<meta property=\"og:description\" content=\"Pelno mokes\u010dio lengvata film\u0173 gamybai Lietuvoje Pagrindinis pelno mokes\u010dio lengvatos tikslas \u2013 sudaryti palankias film\u0173 gamybos s\u0105lygas Lietuvoje \u0161alies ir u\u017esienio film\u0173 gamintojams ir galimyb\u0119 Lietuvos \u012fmon\u0117ms, norin\u010dioms neatlygintinai suteikti l\u0117\u0161\u0173 filmo gamybai, susima\u017einti pelno mokest\u012f. Pasinaudoti mokestine lengvata gali Lietuvos filmo gamintojas, gaminantis nacionalin\u012f, bendros gamybos bei u\u017esakyt\u0105 film\u0105 ar jo dal\u012f. Filmo gamintojas [&hellip;]\" \/>\n<meta property=\"og:url\" content=\"https:\/\/filmvilnius.com\/lt\/film-tax-incentive\/\" \/>\n<meta property=\"og:site_name\" content=\"Vilnius film office\" \/>\n<meta property=\"article:publisher\" content=\"https:\/\/www.facebook.com\/filmvilnius\" \/>\n<meta property=\"article:modified_time\" content=\"2023-11-30T07:21:15+00:00\" \/>\n<meta property=\"og:image\" content=\"https:\/\/filmvilnius.com\/wp-content\/uploads\/elementor\/thumbs\/download-qg2b1376zkbh086mrvjxzmuxqla35klk74161fha0w.png\" \/>\n<meta name=\"twitter:card\" content=\"summary_large_image\" \/>\n<meta name=\"twitter:site\" content=\"@FilmVilnius\" \/>\n<meta name=\"twitter:label1\" content=\"Est. reading time\" \/>\n\t<meta name=\"twitter:data1\" content=\"1 minut\u0117\" \/>\n<script type=\"application\/ld+json\" class=\"yoast-schema-graph\">{\"@context\":\"https:\\\/\\\/schema.org\",\"@graph\":[{\"@type\":\"WebPage\",\"@id\":\"https:\\\/\\\/filmvilnius.com\\\/lt\\\/film-tax-incentive\\\/\",\"url\":\"https:\\\/\\\/filmvilnius.com\\\/lt\\\/film-tax-incentive\\\/\",\"name\":\"PELNO MOKES\u010cIO LENGVATA - Vilnius film office\",\"isPartOf\":{\"@id\":\"https:\\\/\\\/filmvilnius.com\\\/#website\"},\"primaryImageOfPage\":{\"@id\":\"https:\\\/\\\/filmvilnius.com\\\/lt\\\/film-tax-incentive\\\/#primaryimage\"},\"image\":{\"@id\":\"https:\\\/\\\/filmvilnius.com\\\/lt\\\/film-tax-incentive\\\/#primaryimage\"},\"thumbnailUrl\":\"https:\\\/\\\/filmvilnius.com\\\/wp-content\\\/uploads\\\/elementor\\\/thumbs\\\/download-qg2b1376zkbh086mrvjxzmuxqla35klk74161fha0w.png\",\"datePublished\":\"2021-09-28T22:40:01+00:00\",\"dateModified\":\"2023-11-30T07:21:15+00:00\",\"breadcrumb\":{\"@id\":\"https:\\\/\\\/filmvilnius.com\\\/lt\\\/film-tax-incentive\\\/#breadcrumb\"},\"inLanguage\":\"lt-LT\",\"potentialAction\":[{\"@type\":\"ReadAction\",\"target\":[\"https:\\\/\\\/filmvilnius.com\\\/lt\\\/film-tax-incentive\\\/\"]}]},{\"@type\":\"ImageObject\",\"inLanguage\":\"lt-LT\",\"@id\":\"https:\\\/\\\/filmvilnius.com\\\/lt\\\/film-tax-incentive\\\/#primaryimage\",\"url\":\"https:\\\/\\\/filmvilnius.com\\\/wp-content\\\/uploads\\\/elementor\\\/thumbs\\\/download-qg2b1376zkbh086mrvjxzmuxqla35klk74161fha0w.png\",\"contentUrl\":\"https:\\\/\\\/filmvilnius.com\\\/wp-content\\\/uploads\\\/elementor\\\/thumbs\\\/download-qg2b1376zkbh086mrvjxzmuxqla35klk74161fha0w.png\"},{\"@type\":\"BreadcrumbList\",\"@id\":\"https:\\\/\\\/filmvilnius.com\\\/lt\\\/film-tax-incentive\\\/#breadcrumb\",\"itemListElement\":[{\"@type\":\"ListItem\",\"position\":1,\"name\":\"Home\",\"item\":\"https:\\\/\\\/filmvilnius.com\\\/lt\\\/\"},{\"@type\":\"ListItem\",\"position\":2,\"name\":\"PELNO MOKES\u010cIO LENGVATA\"}]},{\"@type\":\"WebSite\",\"@id\":\"https:\\\/\\\/filmvilnius.com\\\/#website\",\"url\":\"https:\\\/\\\/filmvilnius.com\\\/\",\"name\":\"Vilnius film office\",\"description\":\"\",\"publisher\":{\"@id\":\"https:\\\/\\\/filmvilnius.com\\\/#organization\"},\"potentialAction\":[{\"@type\":\"SearchAction\",\"target\":{\"@type\":\"EntryPoint\",\"urlTemplate\":\"https:\\\/\\\/filmvilnius.com\\\/?s={search_term_string}\"},\"query-input\":{\"@type\":\"PropertyValueSpecification\",\"valueRequired\":true,\"valueName\":\"search_term_string\"}}],\"inLanguage\":\"lt-LT\"},{\"@type\":\"Organization\",\"@id\":\"https:\\\/\\\/filmvilnius.com\\\/#organization\",\"name\":\"Vilniaus kino biuras\",\"url\":\"https:\\\/\\\/filmvilnius.com\\\/\",\"logo\":{\"@type\":\"ImageObject\",\"inLanguage\":\"lt-LT\",\"@id\":\"https:\\\/\\\/filmvilnius.com\\\/#\\\/schema\\\/logo\\\/image\\\/\",\"url\":\"https:\\\/\\\/filmvilnius.com\\\/wp-content\\\/uploads\\\/2022\\\/12\\\/VKB-Logo-2022-EN-2-V.jpg\",\"contentUrl\":\"https:\\\/\\\/filmvilnius.com\\\/wp-content\\\/uploads\\\/2022\\\/12\\\/VKB-Logo-2022-EN-2-V.jpg\",\"width\":1419,\"height\":1418,\"caption\":\"Vilniaus kino biuras\"},\"image\":{\"@id\":\"https:\\\/\\\/filmvilnius.com\\\/#\\\/schema\\\/logo\\\/image\\\/\"},\"sameAs\":[\"https:\\\/\\\/www.facebook.com\\\/filmvilnius\",\"https:\\\/\\\/x.com\\\/FilmVilnius\",\"https:\\\/\\\/www.instagram.com\\\/filmvilnius\\\/\"]}]}<\/script>\n<!-- \/ Yoast SEO plugin. -->","yoast_head_json":{"title":"PELNO MOKES\u010cIO LENGVATA - Vilnius film office","robots":{"index":"index","follow":"follow","max-snippet":"max-snippet:-1","max-image-preview":"max-image-preview:large","max-video-preview":"max-video-preview:-1"},"canonical":"https:\/\/filmvilnius.com\/lt\/film-tax-incentive\/","og_locale":"lt_LT","og_type":"article","og_title":"PELNO MOKES\u010cIO LENGVATA - Vilnius film office","og_description":"Pelno mokes\u010dio lengvata film\u0173 gamybai Lietuvoje Pagrindinis pelno mokes\u010dio lengvatos tikslas \u2013 sudaryti palankias film\u0173 gamybos s\u0105lygas Lietuvoje \u0161alies ir u\u017esienio film\u0173 gamintojams ir galimyb\u0119 Lietuvos \u012fmon\u0117ms, norin\u010dioms neatlygintinai suteikti l\u0117\u0161\u0173 filmo gamybai, susima\u017einti pelno mokest\u012f. Pasinaudoti mokestine lengvata gali Lietuvos filmo gamintojas, gaminantis nacionalin\u012f, bendros gamybos bei u\u017esakyt\u0105 film\u0105 ar jo dal\u012f. Filmo gamintojas [&hellip;]","og_url":"https:\/\/filmvilnius.com\/lt\/film-tax-incentive\/","og_site_name":"Vilnius film office","article_publisher":"https:\/\/www.facebook.com\/filmvilnius","article_modified_time":"2023-11-30T07:21:15+00:00","og_image":[{"url":"https:\/\/filmvilnius.com\/wp-content\/uploads\/elementor\/thumbs\/download-qg2b1376zkbh086mrvjxzmuxqla35klk74161fha0w.png","type":"","width":"","height":""}],"twitter_card":"summary_large_image","twitter_site":"@FilmVilnius","twitter_misc":{"Est. reading time":"1 minut\u0117"},"schema":{"@context":"https:\/\/schema.org","@graph":[{"@type":"WebPage","@id":"https:\/\/filmvilnius.com\/lt\/film-tax-incentive\/","url":"https:\/\/filmvilnius.com\/lt\/film-tax-incentive\/","name":"PELNO MOKES\u010cIO LENGVATA - Vilnius film office","isPartOf":{"@id":"https:\/\/filmvilnius.com\/#website"},"primaryImageOfPage":{"@id":"https:\/\/filmvilnius.com\/lt\/film-tax-incentive\/#primaryimage"},"image":{"@id":"https:\/\/filmvilnius.com\/lt\/film-tax-incentive\/#primaryimage"},"thumbnailUrl":"https:\/\/filmvilnius.com\/wp-content\/uploads\/elementor\/thumbs\/download-qg2b1376zkbh086mrvjxzmuxqla35klk74161fha0w.png","datePublished":"2021-09-28T22:40:01+00:00","dateModified":"2023-11-30T07:21:15+00:00","breadcrumb":{"@id":"https:\/\/filmvilnius.com\/lt\/film-tax-incentive\/#breadcrumb"},"inLanguage":"lt-LT","potentialAction":[{"@type":"ReadAction","target":["https:\/\/filmvilnius.com\/lt\/film-tax-incentive\/"]}]},{"@type":"ImageObject","inLanguage":"lt-LT","@id":"https:\/\/filmvilnius.com\/lt\/film-tax-incentive\/#primaryimage","url":"https:\/\/filmvilnius.com\/wp-content\/uploads\/elementor\/thumbs\/download-qg2b1376zkbh086mrvjxzmuxqla35klk74161fha0w.png","contentUrl":"https:\/\/filmvilnius.com\/wp-content\/uploads\/elementor\/thumbs\/download-qg2b1376zkbh086mrvjxzmuxqla35klk74161fha0w.png"},{"@type":"BreadcrumbList","@id":"https:\/\/filmvilnius.com\/lt\/film-tax-incentive\/#breadcrumb","itemListElement":[{"@type":"ListItem","position":1,"name":"Home","item":"https:\/\/filmvilnius.com\/lt\/"},{"@type":"ListItem","position":2,"name":"PELNO MOKES\u010cIO LENGVATA"}]},{"@type":"WebSite","@id":"https:\/\/filmvilnius.com\/#website","url":"https:\/\/filmvilnius.com\/","name":"Vilnius film office","description":"","publisher":{"@id":"https:\/\/filmvilnius.com\/#organization"},"potentialAction":[{"@type":"SearchAction","target":{"@type":"EntryPoint","urlTemplate":"https:\/\/filmvilnius.com\/?s={search_term_string}"},"query-input":{"@type":"PropertyValueSpecification","valueRequired":true,"valueName":"search_term_string"}}],"inLanguage":"lt-LT"},{"@type":"Organization","@id":"https:\/\/filmvilnius.com\/#organization","name":"Vilniaus kino biuras","url":"https:\/\/filmvilnius.com\/","logo":{"@type":"ImageObject","inLanguage":"lt-LT","@id":"https:\/\/filmvilnius.com\/#\/schema\/logo\/image\/","url":"https:\/\/filmvilnius.com\/wp-content\/uploads\/2022\/12\/VKB-Logo-2022-EN-2-V.jpg","contentUrl":"https:\/\/filmvilnius.com\/wp-content\/uploads\/2022\/12\/VKB-Logo-2022-EN-2-V.jpg","width":1419,"height":1418,"caption":"Vilniaus kino biuras"},"image":{"@id":"https:\/\/filmvilnius.com\/#\/schema\/logo\/image\/"},"sameAs":["https:\/\/www.facebook.com\/filmvilnius","https:\/\/x.com\/FilmVilnius","https:\/\/www.instagram.com\/filmvilnius\/"]}]}},"_links":{"self":[{"href":"https:\/\/filmvilnius.com\/lt\/wp-json\/wp\/v2\/pages\/5632","targetHints":{"allow":["GET"]}}],"collection":[{"href":"https:\/\/filmvilnius.com\/lt\/wp-json\/wp\/v2\/pages"}],"about":[{"href":"https:\/\/filmvilnius.com\/lt\/wp-json\/wp\/v2\/types\/page"}],"author":[{"embeddable":true,"href":"https:\/\/filmvilnius.com\/lt\/wp-json\/wp\/v2\/users\/3"}],"replies":[{"embeddable":true,"href":"https:\/\/filmvilnius.com\/lt\/wp-json\/wp\/v2\/comments?post=5632"}],"version-history":[{"count":52,"href":"https:\/\/filmvilnius.com\/lt\/wp-json\/wp\/v2\/pages\/5632\/revisions"}],"predecessor-version":[{"id":22074,"href":"https:\/\/filmvilnius.com\/lt\/wp-json\/wp\/v2\/pages\/5632\/revisions\/22074"}],"wp:attachment":[{"href":"https:\/\/filmvilnius.com\/lt\/wp-json\/wp\/v2\/media?parent=5632"}],"curies":[{"name":"wp","href":"https:\/\/api.w.org\/{rel}","templated":true}]}}